{"id":7016,"date":"2021-08-05T08:00:05","date_gmt":"2021-08-05T08:00:05","guid":{"rendered":"https:\/\/www.aplusexpo.com\/?page_id=7016"},"modified":"2021-08-05T08:00:07","modified_gmt":"2021-08-05T08:00:07","slug":"exhibit-services-new-orleans","status":"publish","type":"page","link":"https:\/\/www.aplusexpo.com\/fr\/exhibit-services-new-orleans\/","title":{"rendered":"Services de foires commerciales \u00e0 la Nouvelle-Orl\u00e9ans"},"content":{"rendered":"<p>Lorsqu'il s'agit de d\u00e9velopper votre marque \u00e0 la Nouvelle-Orl\u00e9ans, l'un des meilleurs moyens est d'organiser un salon professionnel. Aplus est un sp\u00e9cialiste des salons professionnels qui est tout \u00e0 fait dispos\u00e9 \u00e0 vous aider \u00e0 atteindre cet objectif. Nous sommes l'un des constructeurs de stands d'exposition les plus respect\u00e9s et les plus influents \u00e0 la Nouvelle-Orl\u00e9ans et dans d'autres villes am\u00e9ricaines, et nous sommes en mesure de vous proposer les conceptions et les solutions de location les plus r\u00e9centes et les plus innovantes.<\/p>\n\n\n\n<p>Outre des designs de qualit\u00e9 sup\u00e9rieure, nous disposons \u00e9galement d'une \u00e9quipe de sp\u00e9cialistes tr\u00e8s efficaces qui peuvent installer votre salon en un temps record. Gr\u00e2ce \u00e0 notre installation rapide et \u00e0 nos designs uniques, vous \u00eates assur\u00e9 de vous d\u00e9marquer.<\/p>","protected":false},"excerpt":{"rendered":"<p>Lorsqu'il s'agit de d\u00e9velopper votre marque \u00e0 la Nouvelle-Orl\u00e9ans, l'un des meilleurs moyens est d'organiser un salon professionnel. Aplus est un salon professionnel<span class=\"excerpt-hellip\"> [...]<\/span><\/p>","protected":false},"author":1,"featured_media":0,"parent":0,"menu_order":0,"comment_status":"closed","ping_status":"closed","template":"templates\/product-page.php","meta":{"footnotes":""},"upcoming_trade_shows":[],"class_list":["post-7016","page","type-page","status-publish","hentry"],"yoast_head":"<!-- This site is optimized with the Yoast SEO Premium plugin v20.5 (Yoast SEO v20.11) - https:\/\/yoast.com\/wordpress\/plugins\/seo\/ -->\n<title>Expert Exhibition Stand Contractor in New Orleans - Aplus Expo<\/title>\n<meta name=\"description\" content=\"Looking for a reliable exhibit booth contractor in New Orleans? Aplus Expo offers one-stop booth design, installation, and more services.\" \/>\n<meta name=\"robots\" content=\"index, follow, max-snippet:-1, max-image-preview:large, max-video-preview:-1\" \/>\n<link rel=\"canonical\" href=\"https:\/\/www.aplusexpo.com\/fr\/exhibit-services-new-orleans\/\" \/>\n<meta property=\"og:locale\" content=\"fr_FR\" \/>\n<meta property=\"og:type\" content=\"article\" \/>\n<meta property=\"og:title\" content=\"Trade Show Services in New Orleans\" \/>\n<meta property=\"og:description\" content=\"Looking for a reliable exhibit booth contractor in New Orleans? Aplus Expo offers one-stop booth design, installation, and more services.\" \/>\n<meta property=\"og:url\" content=\"https:\/\/www.aplusexpo.com\/fr\/exhibit-services-new-orleans\/\" \/>\n<meta property=\"og:site_name\" content=\"aplusexpo\" \/>\n<meta property=\"article:modified_time\" content=\"2021-08-05T08:00:07+00:00\" \/>\n<meta name=\"twitter:card\" content=\"summary_large_image\" \/>\n<meta name=\"twitter:label1\" content=\"Dur\u00e9e de lecture estim\u00e9e\" \/>\n\t<meta name=\"twitter:data1\" content=\"1 minute\" \/>\n<script type=\"application\/ld+json\" class=\"yoast-schema-graph\">{\"@context\":\"https:\/\/schema.org\",\"@graph\":[{\"@type\":\"WebPage\",\"@id\":\"https:\/\/www.aplusexpo.com\/fr\/exhibit-services-new-orleans\/\",\"url\":\"https:\/\/www.aplusexpo.com\/fr\/exhibit-services-new-orleans\/\",\"name\":\"Expert Exhibition Stand Contractor in New Orleans - Aplus Expo\",\"isPartOf\":{\"@id\":\"https:\/\/www.aplusexpo.com\/fr\/#website\"},\"datePublished\":\"2021-08-05T08:00:05+00:00\",\"dateModified\":\"2021-08-05T08:00:07+00:00\",\"description\":\"Looking for a reliable exhibit booth contractor in New Orleans? Aplus Expo offers one-stop booth design, installation, and more services.\",\"breadcrumb\":{\"@id\":\"https:\/\/www.aplusexpo.com\/fr\/exhibit-services-new-orleans\/#breadcrumb\"},\"inLanguage\":\"fr-FR\",\"potentialAction\":[{\"@type\":\"ReadAction\",\"target\":[\"https:\/\/www.aplusexpo.com\/fr\/exhibit-services-new-orleans\/\"]}]},{\"@type\":\"BreadcrumbList\",\"@id\":\"https:\/\/www.aplusexpo.com\/fr\/exhibit-services-new-orleans\/#breadcrumb\",\"itemListElement\":[{\"@type\":\"ListItem\",\"position\":1,\"name\":\"Home\",\"item\":\"https:\/\/www.aplusexpo.com\/\"},{\"@type\":\"ListItem\",\"position\":2,\"name\":\"Trade Show Services in New Orleans\"}]},{\"@type\":\"WebSite\",\"@id\":\"https:\/\/www.aplusexpo.com\/fr\/#website\",\"url\":\"https:\/\/www.aplusexpo.com\/fr\/\",\"name\":\"aplusexpo\",\"description\":\"\",\"potentialAction\":[{\"@type\":\"SearchAction\",\"target\":{\"@type\":\"EntryPoint\",\"urlTemplate\":\"https:\/\/www.aplusexpo.com\/fr\/?s={search_term_string}\"},\"query-input\":\"required name=search_term_string\"}],\"inLanguage\":\"fr-FR\"}]}<\/script>\n<!-- \/ Yoast SEO Premium plugin. -->","yoast_head_json":{"title":"Expert Exhibition Stand Contractor in New Orleans - Aplus Expo","description":"Looking for a reliable exhibit booth contractor in New Orleans? Aplus Expo offers one-stop booth design, installation, and more services.","robots":{"index":"index","follow":"follow","max-snippet":"max-snippet:-1","max-image-preview":"max-image-preview:large","max-video-preview":"max-video-preview:-1"},"canonical":"https:\/\/www.aplusexpo.com\/fr\/exhibit-services-new-orleans\/","og_locale":"fr_FR","og_type":"article","og_title":"Trade Show Services in New Orleans","og_description":"Looking for a reliable exhibit booth contractor in New Orleans? Aplus Expo offers one-stop booth design, installation, and more services.","og_url":"https:\/\/www.aplusexpo.com\/fr\/exhibit-services-new-orleans\/","og_site_name":"aplusexpo","article_modified_time":"2021-08-05T08:00:07+00:00","twitter_card":"summary_large_image","twitter_misc":{"Dur\u00e9e de lecture estim\u00e9e":"1 minute"},"schema":{"@context":"https:\/\/schema.org","@graph":[{"@type":"WebPage","@id":"https:\/\/www.aplusexpo.com\/fr\/exhibit-services-new-orleans\/","url":"https:\/\/www.aplusexpo.com\/fr\/exhibit-services-new-orleans\/","name":"Expert Exhibition Stand Contractor in New Orleans - Aplus Expo","isPartOf":{"@id":"https:\/\/www.aplusexpo.com\/fr\/#website"},"datePublished":"2021-08-05T08:00:05+00:00","dateModified":"2021-08-05T08:00:07+00:00","description":"Looking for a reliable exhibit booth contractor in New Orleans? Aplus Expo offers one-stop booth design, installation, and more services.","breadcrumb":{"@id":"https:\/\/www.aplusexpo.com\/fr\/exhibit-services-new-orleans\/#breadcrumb"},"inLanguage":"fr-FR","potentialAction":[{"@type":"ReadAction","target":["https:\/\/www.aplusexpo.com\/fr\/exhibit-services-new-orleans\/"]}]},{"@type":"BreadcrumbList","@id":"https:\/\/www.aplusexpo.com\/fr\/exhibit-services-new-orleans\/#breadcrumb","itemListElement":[{"@type":"ListItem","position":1,"name":"Home","item":"https:\/\/www.aplusexpo.com\/"},{"@type":"ListItem","position":2,"name":"Trade Show Services in New Orleans"}]},{"@type":"WebSite","@id":"https:\/\/www.aplusexpo.com\/fr\/#website","url":"https:\/\/www.aplusexpo.com\/fr\/","name":"aplusexpo","description":"","potentialAction":[{"@type":"SearchAction","target":{"@type":"EntryPoint","urlTemplate":"https:\/\/www.aplusexpo.com\/fr\/?s={search_term_string}"},"query-input":"required name=search_term_string"}],"inLanguage":"fr-FR"}]}},"_links":{"self":[{"href":"https:\/\/www.aplusexpo.com\/fr\/wp-json\/wp\/v2\/pages\/7016","targetHints":{"allow":["GET"]}}],"collection":[{"href":"https:\/\/www.aplusexpo.com\/fr\/wp-json\/wp\/v2\/pages"}],"about":[{"href":"https:\/\/www.aplusexpo.com\/fr\/wp-json\/wp\/v2\/types\/page"}],"author":[{"embeddable":true,"href":"https:\/\/www.aplusexpo.com\/fr\/wp-json\/wp\/v2\/users\/1"}],"replies":[{"embeddable":true,"href":"https:\/\/www.aplusexpo.com\/fr\/wp-json\/wp\/v2\/comments?post=7016"}],"version-history":[{"count":2,"href":"https:\/\/www.aplusexpo.com\/fr\/wp-json\/wp\/v2\/pages\/7016\/revisions"}],"predecessor-version":[{"id":7018,"href":"https:\/\/www.aplusexpo.com\/fr\/wp-json\/wp\/v2\/pages\/7016\/revisions\/7018"}],"wp:attachment":[{"href":"https:\/\/www.aplusexpo.com\/fr\/wp-json\/wp\/v2\/media?parent=7016"}],"wp:term":[{"taxonomy":"upcoming_trade_shows","embeddable":true,"href":"https:\/\/www.aplusexpo.com\/fr\/wp-json\/wp\/v2\/upcoming_trade_shows?post=7016"}],"curies":[{"name":"wp","href":"https:\/\/api.w.org\/{rel}","templated":true}]}}