{"id":2044,"date":"2020-03-26T09:35:04","date_gmt":"2020-03-26T09:35:04","guid":{"rendered":"https:\/\/www.aplusexpo.com\/?page_id=2044"},"modified":"2020-03-27T03:00:54","modified_gmt":"2020-03-27T03:00:54","slug":"exhibit-service-dc","status":"publish","type":"page","link":"https:\/\/www.aplusexpo.com\/fr\/exhibit-service-dc\/","title":{"rendered":"Pr\u00e9sentoirs pour salons professionnels DC"},"content":{"rendered":"<p>Vous participez \u00e0 un salon professionnel \u00e0 Washington ? Laissez Aplus Expo vous aider \u00e0 faire de cet \u00e9v\u00e9nement un succ\u00e8s gr\u00e2ce \u00e0 nos stands d'exposition personnalis\u00e9s. Nous pouvons cr\u00e9er des stands d'exposition sur mesure qui vous aideront \u00e0 promouvoir votre marque. Vous pouvez \u00e9galement consulter notre gamme de stands de location abordables que vous pouvez personnaliser \u00e0 votre guise. Chez Aplus Expo, nous nous engageons \u00e0 cr\u00e9er l'exp\u00e9rience id\u00e9ale pour vos clients cibles lors de tout salon professionnel \u00e0 Washington.<\/p>","protected":false},"excerpt":{"rendered":"<p>Vous participez \u00e0 un salon professionnel \u00e0 Washington ? Laissez Aplus Expo vous aider \u00e0 faire de cet \u00e9v\u00e9nement un succ\u00e8s gr\u00e2ce \u00e0 nos stands d'exposition personnalis\u00e9s. Nous pouvons r\u00e9aliser des stands d'exposition sur mesure<span class=\"excerpt-hellip\"> [...]<\/span><\/p>","protected":false},"author":2,"featured_media":0,"parent":0,"menu_order":0,"comment_status":"closed","ping_status":"closed","template":"templates\/product-page.php","meta":{"footnotes":""},"upcoming_trade_shows":[],"class_list":["post-2044","page","type-page","status-publish","hentry"],"yoast_head":"<!-- This site is optimized with the Yoast SEO Premium plugin v20.5 (Yoast SEO v20.11) - https:\/\/yoast.com\/wordpress\/plugins\/seo\/ -->\n<title>Custom Exhibit Services &amp; Booth Rental in Dc<\/title>\n<meta name=\"description\" content=\"Looking for a reliable exhibit booth contractor in Dc? Aplus Expo here is for booth rental for you. Get your free booth design today!\" \/>\n<meta name=\"robots\" content=\"index, follow, max-snippet:-1, max-image-preview:large, max-video-preview:-1\" \/>\n<link rel=\"canonical\" href=\"https:\/\/www.aplusexpo.com\/fr\/exhibit-service-dc\/\" \/>\n<meta property=\"og:locale\" content=\"fr_FR\" \/>\n<meta property=\"og:type\" content=\"article\" \/>\n<meta property=\"og:title\" content=\"Trade Show Displays DC\" \/>\n<meta property=\"og:description\" content=\"Looking for a reliable exhibit booth contractor in Dc? Aplus Expo here is for booth rental for you. Get your free booth design today!\" \/>\n<meta property=\"og:url\" content=\"https:\/\/www.aplusexpo.com\/fr\/exhibit-service-dc\/\" \/>\n<meta property=\"og:site_name\" content=\"aplusexpo\" \/>\n<meta property=\"article:modified_time\" content=\"2020-03-27T03:00:54+00:00\" \/>\n<meta name=\"twitter:card\" content=\"summary_large_image\" \/>\n<script type=\"application\/ld+json\" class=\"yoast-schema-graph\">{\"@context\":\"https:\/\/schema.org\",\"@graph\":[{\"@type\":\"WebPage\",\"@id\":\"https:\/\/www.aplusexpo.com\/fr\/exhibit-service-dc\/\",\"url\":\"https:\/\/www.aplusexpo.com\/fr\/exhibit-service-dc\/\",\"name\":\"Custom Exhibit Services & Booth Rental in Dc\",\"isPartOf\":{\"@id\":\"https:\/\/www.aplusexpo.com\/fr\/#website\"},\"datePublished\":\"2020-03-26T09:35:04+00:00\",\"dateModified\":\"2020-03-27T03:00:54+00:00\",\"description\":\"Looking for a reliable exhibit booth contractor in Dc? Aplus Expo here is for booth rental for you. Get your free booth design today!\",\"breadcrumb\":{\"@id\":\"https:\/\/www.aplusexpo.com\/fr\/exhibit-service-dc\/#breadcrumb\"},\"inLanguage\":\"fr-FR\",\"potentialAction\":[{\"@type\":\"ReadAction\",\"target\":[\"https:\/\/www.aplusexpo.com\/fr\/exhibit-service-dc\/\"]}]},{\"@type\":\"BreadcrumbList\",\"@id\":\"https:\/\/www.aplusexpo.com\/fr\/exhibit-service-dc\/#breadcrumb\",\"itemListElement\":[{\"@type\":\"ListItem\",\"position\":1,\"name\":\"Home\",\"item\":\"https:\/\/www.aplusexpo.com\/\"},{\"@type\":\"ListItem\",\"position\":2,\"name\":\"Trade Show Displays DC\"}]},{\"@type\":\"WebSite\",\"@id\":\"https:\/\/www.aplusexpo.com\/fr\/#website\",\"url\":\"https:\/\/www.aplusexpo.com\/fr\/\",\"name\":\"aplusexpo\",\"description\":\"\",\"potentialAction\":[{\"@type\":\"SearchAction\",\"target\":{\"@type\":\"EntryPoint\",\"urlTemplate\":\"https:\/\/www.aplusexpo.com\/fr\/?s={search_term_string}\"},\"query-input\":\"required name=search_term_string\"}],\"inLanguage\":\"fr-FR\"}]}<\/script>\n<!-- \/ Yoast SEO Premium plugin. -->","yoast_head_json":{"title":"Custom Exhibit Services & Booth Rental in Dc","description":"Looking for a reliable exhibit booth contractor in Dc? Aplus Expo here is for booth rental for you. Get your free booth design today!","robots":{"index":"index","follow":"follow","max-snippet":"max-snippet:-1","max-image-preview":"max-image-preview:large","max-video-preview":"max-video-preview:-1"},"canonical":"https:\/\/www.aplusexpo.com\/fr\/exhibit-service-dc\/","og_locale":"fr_FR","og_type":"article","og_title":"Trade Show Displays DC","og_description":"Looking for a reliable exhibit booth contractor in Dc? Aplus Expo here is for booth rental for you. Get your free booth design today!","og_url":"https:\/\/www.aplusexpo.com\/fr\/exhibit-service-dc\/","og_site_name":"aplusexpo","article_modified_time":"2020-03-27T03:00:54+00:00","twitter_card":"summary_large_image","schema":{"@context":"https:\/\/schema.org","@graph":[{"@type":"WebPage","@id":"https:\/\/www.aplusexpo.com\/fr\/exhibit-service-dc\/","url":"https:\/\/www.aplusexpo.com\/fr\/exhibit-service-dc\/","name":"Custom Exhibit Services & Booth Rental in Dc","isPartOf":{"@id":"https:\/\/www.aplusexpo.com\/fr\/#website"},"datePublished":"2020-03-26T09:35:04+00:00","dateModified":"2020-03-27T03:00:54+00:00","description":"Looking for a reliable exhibit booth contractor in Dc? Aplus Expo here is for booth rental for you. Get your free booth design today!","breadcrumb":{"@id":"https:\/\/www.aplusexpo.com\/fr\/exhibit-service-dc\/#breadcrumb"},"inLanguage":"fr-FR","potentialAction":[{"@type":"ReadAction","target":["https:\/\/www.aplusexpo.com\/fr\/exhibit-service-dc\/"]}]},{"@type":"BreadcrumbList","@id":"https:\/\/www.aplusexpo.com\/fr\/exhibit-service-dc\/#breadcrumb","itemListElement":[{"@type":"ListItem","position":1,"name":"Home","item":"https:\/\/www.aplusexpo.com\/"},{"@type":"ListItem","position":2,"name":"Trade Show Displays DC"}]},{"@type":"WebSite","@id":"https:\/\/www.aplusexpo.com\/fr\/#website","url":"https:\/\/www.aplusexpo.com\/fr\/","name":"aplusexpo","description":"","potentialAction":[{"@type":"SearchAction","target":{"@type":"EntryPoint","urlTemplate":"https:\/\/www.aplusexpo.com\/fr\/?s={search_term_string}"},"query-input":"required name=search_term_string"}],"inLanguage":"fr-FR"}]}},"_links":{"self":[{"href":"https:\/\/www.aplusexpo.com\/fr\/wp-json\/wp\/v2\/pages\/2044","targetHints":{"allow":["GET"]}}],"collection":[{"href":"https:\/\/www.aplusexpo.com\/fr\/wp-json\/wp\/v2\/pages"}],"about":[{"href":"https:\/\/www.aplusexpo.com\/fr\/wp-json\/wp\/v2\/types\/page"}],"author":[{"embeddable":true,"href":"https:\/\/www.aplusexpo.com\/fr\/wp-json\/wp\/v2\/users\/2"}],"replies":[{"embeddable":true,"href":"https:\/\/www.aplusexpo.com\/fr\/wp-json\/wp\/v2\/comments?post=2044"}],"version-history":[{"count":2,"href":"https:\/\/www.aplusexpo.com\/fr\/wp-json\/wp\/v2\/pages\/2044\/revisions"}],"predecessor-version":[{"id":2046,"href":"https:\/\/www.aplusexpo.com\/fr\/wp-json\/wp\/v2\/pages\/2044\/revisions\/2046"}],"wp:attachment":[{"href":"https:\/\/www.aplusexpo.com\/fr\/wp-json\/wp\/v2\/media?parent=2044"}],"wp:term":[{"taxonomy":"upcoming_trade_shows","embeddable":true,"href":"https:\/\/www.aplusexpo.com\/fr\/wp-json\/wp\/v2\/upcoming_trade_shows?post=2044"}],"curies":[{"name":"wp","href":"https:\/\/api.w.org\/{rel}","templated":true}]}}