{"id":2041,"date":"2020-03-26T09:28:43","date_gmt":"2020-03-26T09:28:43","guid":{"rendered":"https:\/\/www.aplusexpo.com\/?page_id=2041"},"modified":"2020-03-26T09:28:44","modified_gmt":"2020-03-26T09:28:44","slug":"exhibit-service-maryland","status":"publish","type":"page","link":"https:\/\/www.aplusexpo.com\/fr\/exhibit-service-maryland\/","title":{"rendered":"Pr\u00e9sentoirs pour salons professionnels dans le Maryland"},"content":{"rendered":"<p>Aplus Expo vous fournit tous les services et produits dont vous avez besoin pour les salons professionnels dans le Maryland. Nous sommes le sp\u00e9cialiste de l'exposition de stands dont vous avez besoin pour vous assurer que votre stand repr\u00e9sente vraiment votre marque et attire les clients. Outre la conception d'un stand personnalis\u00e9, nous proposons \u00e9galement un service d'installation et de d\u00e9montage, un service de transport et de stockage, ainsi qu'une impression de haute qualit\u00e9 et des mod\u00e8les 3D.<\/p>","protected":false},"excerpt":{"rendered":"<p>Aplus Expo vous fournit tous les services et produits dont vous avez besoin pour les salons professionnels dans le Maryland. Nous sommes le sp\u00e9cialiste des stands d'exposition dont vous avez besoin pour<span class=\"excerpt-hellip\"> [...]<\/span><\/p>","protected":false},"author":2,"featured_media":0,"parent":0,"menu_order":0,"comment_status":"closed","ping_status":"closed","template":"templates\/product-page.php","meta":{"footnotes":""},"upcoming_trade_shows":[],"class_list":["post-2041","page","type-page","status-publish","hentry"],"yoast_head":"<!-- This site is optimized with the Yoast SEO Premium plugin v20.5 (Yoast SEO v20.11) - https:\/\/yoast.com\/wordpress\/plugins\/seo\/ -->\n<title>Custom Exhibit Services &amp; Booth Rental in Maryland<\/title>\n<meta name=\"description\" content=\"Looking for a reliable exhibit booth contractor in Maryland? Aplus Expo here is for you. Get your free booth design today!\" \/>\n<meta name=\"robots\" content=\"index, follow, max-snippet:-1, max-image-preview:large, max-video-preview:-1\" \/>\n<link rel=\"canonical\" href=\"https:\/\/www.aplusexpo.com\/fr\/exhibit-service-maryland\/\" \/>\n<meta property=\"og:locale\" content=\"fr_FR\" \/>\n<meta property=\"og:type\" content=\"article\" \/>\n<meta property=\"og:title\" content=\"Trade Show Displays in Maryland\" \/>\n<meta property=\"og:description\" content=\"Looking for a reliable exhibit booth contractor in Maryland? Aplus Expo here is for you. Get your free booth design today!\" \/>\n<meta property=\"og:url\" content=\"https:\/\/www.aplusexpo.com\/fr\/exhibit-service-maryland\/\" \/>\n<meta property=\"og:site_name\" content=\"aplusexpo\" \/>\n<meta property=\"article:modified_time\" content=\"2020-03-26T09:28:44+00:00\" \/>\n<meta name=\"twitter:card\" content=\"summary_large_image\" \/>\n<script type=\"application\/ld+json\" class=\"yoast-schema-graph\">{\"@context\":\"https:\/\/schema.org\",\"@graph\":[{\"@type\":\"WebPage\",\"@id\":\"https:\/\/www.aplusexpo.com\/fr\/exhibit-service-maryland\/\",\"url\":\"https:\/\/www.aplusexpo.com\/fr\/exhibit-service-maryland\/\",\"name\":\"Custom Exhibit Services & Booth Rental in Maryland\",\"isPartOf\":{\"@id\":\"https:\/\/www.aplusexpo.com\/fr\/#website\"},\"datePublished\":\"2020-03-26T09:28:43+00:00\",\"dateModified\":\"2020-03-26T09:28:44+00:00\",\"description\":\"Looking for a reliable exhibit booth contractor in Maryland? Aplus Expo here is for you. Get your free booth design today!\",\"breadcrumb\":{\"@id\":\"https:\/\/www.aplusexpo.com\/fr\/exhibit-service-maryland\/#breadcrumb\"},\"inLanguage\":\"fr-FR\",\"potentialAction\":[{\"@type\":\"ReadAction\",\"target\":[\"https:\/\/www.aplusexpo.com\/fr\/exhibit-service-maryland\/\"]}]},{\"@type\":\"BreadcrumbList\",\"@id\":\"https:\/\/www.aplusexpo.com\/fr\/exhibit-service-maryland\/#breadcrumb\",\"itemListElement\":[{\"@type\":\"ListItem\",\"position\":1,\"name\":\"Home\",\"item\":\"https:\/\/www.aplusexpo.com\/\"},{\"@type\":\"ListItem\",\"position\":2,\"name\":\"Trade Show Displays in Maryland\"}]},{\"@type\":\"WebSite\",\"@id\":\"https:\/\/www.aplusexpo.com\/fr\/#website\",\"url\":\"https:\/\/www.aplusexpo.com\/fr\/\",\"name\":\"aplusexpo\",\"description\":\"\",\"potentialAction\":[{\"@type\":\"SearchAction\",\"target\":{\"@type\":\"EntryPoint\",\"urlTemplate\":\"https:\/\/www.aplusexpo.com\/fr\/?s={search_term_string}\"},\"query-input\":\"required name=search_term_string\"}],\"inLanguage\":\"fr-FR\"}]}<\/script>\n<!-- \/ Yoast SEO Premium plugin. -->","yoast_head_json":{"title":"Custom Exhibit Services & Booth Rental in Maryland","description":"Looking for a reliable exhibit booth contractor in Maryland? Aplus Expo here is for you. Get your free booth design today!","robots":{"index":"index","follow":"follow","max-snippet":"max-snippet:-1","max-image-preview":"max-image-preview:large","max-video-preview":"max-video-preview:-1"},"canonical":"https:\/\/www.aplusexpo.com\/fr\/exhibit-service-maryland\/","og_locale":"fr_FR","og_type":"article","og_title":"Trade Show Displays in Maryland","og_description":"Looking for a reliable exhibit booth contractor in Maryland? Aplus Expo here is for you. Get your free booth design today!","og_url":"https:\/\/www.aplusexpo.com\/fr\/exhibit-service-maryland\/","og_site_name":"aplusexpo","article_modified_time":"2020-03-26T09:28:44+00:00","twitter_card":"summary_large_image","schema":{"@context":"https:\/\/schema.org","@graph":[{"@type":"WebPage","@id":"https:\/\/www.aplusexpo.com\/fr\/exhibit-service-maryland\/","url":"https:\/\/www.aplusexpo.com\/fr\/exhibit-service-maryland\/","name":"Custom Exhibit Services & Booth Rental in Maryland","isPartOf":{"@id":"https:\/\/www.aplusexpo.com\/fr\/#website"},"datePublished":"2020-03-26T09:28:43+00:00","dateModified":"2020-03-26T09:28:44+00:00","description":"Looking for a reliable exhibit booth contractor in Maryland? Aplus Expo here is for you. Get your free booth design today!","breadcrumb":{"@id":"https:\/\/www.aplusexpo.com\/fr\/exhibit-service-maryland\/#breadcrumb"},"inLanguage":"fr-FR","potentialAction":[{"@type":"ReadAction","target":["https:\/\/www.aplusexpo.com\/fr\/exhibit-service-maryland\/"]}]},{"@type":"BreadcrumbList","@id":"https:\/\/www.aplusexpo.com\/fr\/exhibit-service-maryland\/#breadcrumb","itemListElement":[{"@type":"ListItem","position":1,"name":"Home","item":"https:\/\/www.aplusexpo.com\/"},{"@type":"ListItem","position":2,"name":"Trade Show Displays in Maryland"}]},{"@type":"WebSite","@id":"https:\/\/www.aplusexpo.com\/fr\/#website","url":"https:\/\/www.aplusexpo.com\/fr\/","name":"aplusexpo","description":"","potentialAction":[{"@type":"SearchAction","target":{"@type":"EntryPoint","urlTemplate":"https:\/\/www.aplusexpo.com\/fr\/?s={search_term_string}"},"query-input":"required name=search_term_string"}],"inLanguage":"fr-FR"}]}},"_links":{"self":[{"href":"https:\/\/www.aplusexpo.com\/fr\/wp-json\/wp\/v2\/pages\/2041","targetHints":{"allow":["GET"]}}],"collection":[{"href":"https:\/\/www.aplusexpo.com\/fr\/wp-json\/wp\/v2\/pages"}],"about":[{"href":"https:\/\/www.aplusexpo.com\/fr\/wp-json\/wp\/v2\/types\/page"}],"author":[{"embeddable":true,"href":"https:\/\/www.aplusexpo.com\/fr\/wp-json\/wp\/v2\/users\/2"}],"replies":[{"embeddable":true,"href":"https:\/\/www.aplusexpo.com\/fr\/wp-json\/wp\/v2\/comments?post=2041"}],"version-history":[{"count":2,"href":"https:\/\/www.aplusexpo.com\/fr\/wp-json\/wp\/v2\/pages\/2041\/revisions"}],"predecessor-version":[{"id":2043,"href":"https:\/\/www.aplusexpo.com\/fr\/wp-json\/wp\/v2\/pages\/2041\/revisions\/2043"}],"wp:attachment":[{"href":"https:\/\/www.aplusexpo.com\/fr\/wp-json\/wp\/v2\/media?parent=2041"}],"wp:term":[{"taxonomy":"upcoming_trade_shows","embeddable":true,"href":"https:\/\/www.aplusexpo.com\/fr\/wp-json\/wp\/v2\/upcoming_trade_shows?post=2041"}],"curies":[{"name":"wp","href":"https:\/\/api.w.org\/{rel}","templated":true}]}}