{"id":2017,"date":"2020-03-26T08:31:28","date_gmt":"2020-03-26T08:31:28","guid":{"rendered":"https:\/\/www.aplusexpo.com\/?page_id=2017"},"modified":"2020-03-27T03:03:29","modified_gmt":"2020-03-27T03:03:29","slug":"exhibit-service-kansas","status":"publish","type":"page","link":"https:\/\/www.aplusexpo.com\/fr\/exhibit-service-kansas\/","title":{"rendered":"Pr\u00e9sentoirs pour salons professionnels Kansas"},"content":{"rendered":"<p>Si vous souhaitez participer \u00e0 un salon professionnel au Kansas, laissez Aplus Expo vous aider \u00e0 faire bonne impression. En tant que sp\u00e9cialiste des services de foires commerciales, nous fournissons un soutien global pour tous vos besoins en mati\u00e8re de marketing \u00e9v\u00e9nementiel. De la conception \u00e0 la personnalisation des stands et \u00e0 la location d'installations, en passant par la livraison, l'installation et le service d'entreposage, nous nous occupons de tout. De plus, nous offrons une estimation gratuite des co\u00fbts et une conception de stand, ainsi qu'une assistance \u00e0 la client\u00e8le 24 heures sur 24 et 7 jours sur 7.<\/p>","protected":false},"excerpt":{"rendered":"<p>Si vous souhaitez participer \u00e0 un salon professionnel au Kansas, laissez Aplus Expo vous aider \u00e0 faire bonne impression. En tant que sp\u00e9cialiste des services d'exposition,<span class=\"excerpt-hellip\"> [...]<\/span><\/p>","protected":false},"author":2,"featured_media":0,"parent":0,"menu_order":0,"comment_status":"closed","ping_status":"closed","template":"templates\/product-page.php","meta":{"footnotes":""},"upcoming_trade_shows":[],"class_list":["post-2017","page","type-page","status-publish","hentry"],"yoast_head":"<!-- This site is optimized with the Yoast SEO Premium plugin v20.5 (Yoast SEO v20.11) - https:\/\/yoast.com\/wordpress\/plugins\/seo\/ -->\n<title>Custom Exhibit Services &amp; Booth Rental in Kansas<\/title>\n<meta name=\"description\" content=\"Looking for a reliable exhibit booth contractor in Kansas? Aplus Expo here is ideal for you. Get your free booth design today!\" \/>\n<meta name=\"robots\" content=\"index, follow, max-snippet:-1, max-image-preview:large, max-video-preview:-1\" \/>\n<link rel=\"canonical\" href=\"https:\/\/www.aplusexpo.com\/fr\/exhibit-service-kansas\/\" \/>\n<meta property=\"og:locale\" content=\"fr_FR\" \/>\n<meta property=\"og:type\" content=\"article\" \/>\n<meta property=\"og:title\" content=\"Trade Show Displays Kansas\" \/>\n<meta property=\"og:description\" content=\"Looking for a reliable exhibit booth contractor in Kansas? Aplus Expo here is ideal for you. Get your free booth design today!\" \/>\n<meta property=\"og:url\" content=\"https:\/\/www.aplusexpo.com\/fr\/exhibit-service-kansas\/\" \/>\n<meta property=\"og:site_name\" content=\"aplusexpo\" \/>\n<meta property=\"article:modified_time\" content=\"2020-03-27T03:03:29+00:00\" \/>\n<meta name=\"twitter:card\" content=\"summary_large_image\" \/>\n<script type=\"application\/ld+json\" class=\"yoast-schema-graph\">{\"@context\":\"https:\/\/schema.org\",\"@graph\":[{\"@type\":\"WebPage\",\"@id\":\"https:\/\/www.aplusexpo.com\/fr\/exhibit-service-kansas\/\",\"url\":\"https:\/\/www.aplusexpo.com\/fr\/exhibit-service-kansas\/\",\"name\":\"Custom Exhibit Services & Booth Rental in Kansas\",\"isPartOf\":{\"@id\":\"https:\/\/www.aplusexpo.com\/fr\/#website\"},\"datePublished\":\"2020-03-26T08:31:28+00:00\",\"dateModified\":\"2020-03-27T03:03:29+00:00\",\"description\":\"Looking for a reliable exhibit booth contractor in Kansas? Aplus Expo here is ideal for you. Get your free booth design today!\",\"breadcrumb\":{\"@id\":\"https:\/\/www.aplusexpo.com\/fr\/exhibit-service-kansas\/#breadcrumb\"},\"inLanguage\":\"fr-FR\",\"potentialAction\":[{\"@type\":\"ReadAction\",\"target\":[\"https:\/\/www.aplusexpo.com\/fr\/exhibit-service-kansas\/\"]}]},{\"@type\":\"BreadcrumbList\",\"@id\":\"https:\/\/www.aplusexpo.com\/fr\/exhibit-service-kansas\/#breadcrumb\",\"itemListElement\":[{\"@type\":\"ListItem\",\"position\":1,\"name\":\"Home\",\"item\":\"https:\/\/www.aplusexpo.com\/\"},{\"@type\":\"ListItem\",\"position\":2,\"name\":\"Trade Show Displays Kansas\"}]},{\"@type\":\"WebSite\",\"@id\":\"https:\/\/www.aplusexpo.com\/fr\/#website\",\"url\":\"https:\/\/www.aplusexpo.com\/fr\/\",\"name\":\"aplusexpo\",\"description\":\"\",\"potentialAction\":[{\"@type\":\"SearchAction\",\"target\":{\"@type\":\"EntryPoint\",\"urlTemplate\":\"https:\/\/www.aplusexpo.com\/fr\/?s={search_term_string}\"},\"query-input\":\"required name=search_term_string\"}],\"inLanguage\":\"fr-FR\"}]}<\/script>\n<!-- \/ Yoast SEO Premium plugin. -->","yoast_head_json":{"title":"Custom Exhibit Services & Booth Rental in Kansas","description":"Looking for a reliable exhibit booth contractor in Kansas? Aplus Expo here is ideal for you. Get your free booth design today!","robots":{"index":"index","follow":"follow","max-snippet":"max-snippet:-1","max-image-preview":"max-image-preview:large","max-video-preview":"max-video-preview:-1"},"canonical":"https:\/\/www.aplusexpo.com\/fr\/exhibit-service-kansas\/","og_locale":"fr_FR","og_type":"article","og_title":"Trade Show Displays Kansas","og_description":"Looking for a reliable exhibit booth contractor in Kansas? Aplus Expo here is ideal for you. Get your free booth design today!","og_url":"https:\/\/www.aplusexpo.com\/fr\/exhibit-service-kansas\/","og_site_name":"aplusexpo","article_modified_time":"2020-03-27T03:03:29+00:00","twitter_card":"summary_large_image","schema":{"@context":"https:\/\/schema.org","@graph":[{"@type":"WebPage","@id":"https:\/\/www.aplusexpo.com\/fr\/exhibit-service-kansas\/","url":"https:\/\/www.aplusexpo.com\/fr\/exhibit-service-kansas\/","name":"Custom Exhibit Services & Booth Rental in Kansas","isPartOf":{"@id":"https:\/\/www.aplusexpo.com\/fr\/#website"},"datePublished":"2020-03-26T08:31:28+00:00","dateModified":"2020-03-27T03:03:29+00:00","description":"Looking for a reliable exhibit booth contractor in Kansas? Aplus Expo here is ideal for you. Get your free booth design today!","breadcrumb":{"@id":"https:\/\/www.aplusexpo.com\/fr\/exhibit-service-kansas\/#breadcrumb"},"inLanguage":"fr-FR","potentialAction":[{"@type":"ReadAction","target":["https:\/\/www.aplusexpo.com\/fr\/exhibit-service-kansas\/"]}]},{"@type":"BreadcrumbList","@id":"https:\/\/www.aplusexpo.com\/fr\/exhibit-service-kansas\/#breadcrumb","itemListElement":[{"@type":"ListItem","position":1,"name":"Home","item":"https:\/\/www.aplusexpo.com\/"},{"@type":"ListItem","position":2,"name":"Trade Show Displays Kansas"}]},{"@type":"WebSite","@id":"https:\/\/www.aplusexpo.com\/fr\/#website","url":"https:\/\/www.aplusexpo.com\/fr\/","name":"aplusexpo","description":"","potentialAction":[{"@type":"SearchAction","target":{"@type":"EntryPoint","urlTemplate":"https:\/\/www.aplusexpo.com\/fr\/?s={search_term_string}"},"query-input":"required name=search_term_string"}],"inLanguage":"fr-FR"}]}},"_links":{"self":[{"href":"https:\/\/www.aplusexpo.com\/fr\/wp-json\/wp\/v2\/pages\/2017","targetHints":{"allow":["GET"]}}],"collection":[{"href":"https:\/\/www.aplusexpo.com\/fr\/wp-json\/wp\/v2\/pages"}],"about":[{"href":"https:\/\/www.aplusexpo.com\/fr\/wp-json\/wp\/v2\/types\/page"}],"author":[{"embeddable":true,"href":"https:\/\/www.aplusexpo.com\/fr\/wp-json\/wp\/v2\/users\/2"}],"replies":[{"embeddable":true,"href":"https:\/\/www.aplusexpo.com\/fr\/wp-json\/wp\/v2\/comments?post=2017"}],"version-history":[{"count":2,"href":"https:\/\/www.aplusexpo.com\/fr\/wp-json\/wp\/v2\/pages\/2017\/revisions"}],"predecessor-version":[{"id":2019,"href":"https:\/\/www.aplusexpo.com\/fr\/wp-json\/wp\/v2\/pages\/2017\/revisions\/2019"}],"wp:attachment":[{"href":"https:\/\/www.aplusexpo.com\/fr\/wp-json\/wp\/v2\/media?parent=2017"}],"wp:term":[{"taxonomy":"upcoming_trade_shows","embeddable":true,"href":"https:\/\/www.aplusexpo.com\/fr\/wp-json\/wp\/v2\/upcoming_trade_shows?post=2017"}],"curies":[{"name":"wp","href":"https:\/\/api.w.org\/{rel}","templated":true}]}}