{"id":1977,"date":"2020-03-26T06:41:37","date_gmt":"2020-03-26T06:41:37","guid":{"rendered":"https:\/\/www.aplusexpo.com\/?page_id=1977"},"modified":"2021-08-09T03:22:01","modified_gmt":"2021-08-09T03:22:01","slug":"exhibit-service-san-francisco","status":"publish","type":"page","link":"https:\/\/www.aplusexpo.com\/fr\/exhibit-service-san-francisco\/","title":{"rendered":"Pr\u00e9sentoirs pour salons professionnels \u00e0 San Francisco"},"content":{"rendered":"<p>\n\nAvez-vous l'intention de participer aux plus grands salons professionnels de San Francisco ? Si c'est le cas, vous aurez besoin d'un sp\u00e9cialiste des salons comme Aplus Expo pour r\u00e9pondre \u00e0 vos besoins en mati\u00e8re de marketing \u00e9v\u00e9nementiel. En tant que fournisseur de solutions d'exposition compl\u00e8tes, Aplus Expo con\u00e7oit, fabrique et livre des stands d'exposition personnalis\u00e9s pour n'importe quel salon \u00e0 San Francisco. Notre \u00e9quipe de conception cr\u00e9ative peut concevoir des stands d'exposition qui font briller votre marque.\n\n<\/p>","protected":false},"excerpt":{"rendered":"<p>Avez-vous l'intention de participer aux plus grands salons professionnels de San Francisco ? Si c'est le cas, vous aurez besoin d'un sp\u00e9cialiste des salons comme Aplus<span class=\"excerpt-hellip\"> [...]<\/span><\/p>","protected":false},"author":2,"featured_media":0,"parent":0,"menu_order":0,"comment_status":"closed","ping_status":"closed","template":"templates\/product-page.php","meta":{"footnotes":""},"upcoming_trade_shows":[],"class_list":["post-1977","page","type-page","status-publish","hentry"],"yoast_head":"<!-- This site is optimized with the Yoast SEO Premium plugin v20.5 (Yoast SEO v20.11) - https:\/\/yoast.com\/wordpress\/plugins\/seo\/ -->\n<title>Custom Exhibit Services &amp; Booth Rental in San Francisco - Aplus Expo<\/title>\n<meta name=\"description\" content=\"Looking for a reliable exhibit booth contractor in San Francisco? Aplus Expo here is for you. Get your free booth design today!\" \/>\n<meta name=\"robots\" content=\"index, follow, max-snippet:-1, max-image-preview:large, max-video-preview:-1\" \/>\n<link rel=\"canonical\" href=\"https:\/\/www.aplusexpo.com\/fr\/exhibit-service-san-francisco\/\" \/>\n<meta property=\"og:locale\" content=\"fr_FR\" \/>\n<meta property=\"og:type\" content=\"article\" \/>\n<meta property=\"og:title\" content=\"Trade Show Displays San Francisco\" \/>\n<meta property=\"og:description\" content=\"Looking for a reliable exhibit booth contractor in San Francisco? Aplus Expo here is for you. Get your free booth design today!\" \/>\n<meta property=\"og:url\" content=\"https:\/\/www.aplusexpo.com\/fr\/exhibit-service-san-francisco\/\" \/>\n<meta property=\"og:site_name\" content=\"aplusexpo\" \/>\n<meta property=\"article:modified_time\" content=\"2021-08-09T03:22:01+00:00\" \/>\n<meta name=\"twitter:card\" content=\"summary_large_image\" \/>\n<meta name=\"twitter:label1\" content=\"Dur\u00e9e de lecture estim\u00e9e\" \/>\n\t<meta name=\"twitter:data1\" content=\"1 minute\" \/>\n<script type=\"application\/ld+json\" class=\"yoast-schema-graph\">{\"@context\":\"https:\/\/schema.org\",\"@graph\":[{\"@type\":\"WebPage\",\"@id\":\"https:\/\/www.aplusexpo.com\/fr\/exhibit-service-san-francisco\/\",\"url\":\"https:\/\/www.aplusexpo.com\/fr\/exhibit-service-san-francisco\/\",\"name\":\"Custom Exhibit Services & Booth Rental in San Francisco - Aplus Expo\",\"isPartOf\":{\"@id\":\"https:\/\/www.aplusexpo.com\/fr\/#website\"},\"datePublished\":\"2020-03-26T06:41:37+00:00\",\"dateModified\":\"2021-08-09T03:22:01+00:00\",\"description\":\"Looking for a reliable exhibit booth contractor in San Francisco? Aplus Expo here is for you. Get your free booth design today!\",\"breadcrumb\":{\"@id\":\"https:\/\/www.aplusexpo.com\/fr\/exhibit-service-san-francisco\/#breadcrumb\"},\"inLanguage\":\"fr-FR\",\"potentialAction\":[{\"@type\":\"ReadAction\",\"target\":[\"https:\/\/www.aplusexpo.com\/fr\/exhibit-service-san-francisco\/\"]}]},{\"@type\":\"BreadcrumbList\",\"@id\":\"https:\/\/www.aplusexpo.com\/fr\/exhibit-service-san-francisco\/#breadcrumb\",\"itemListElement\":[{\"@type\":\"ListItem\",\"position\":1,\"name\":\"Home\",\"item\":\"https:\/\/www.aplusexpo.com\/\"},{\"@type\":\"ListItem\",\"position\":2,\"name\":\"Trade Show Displays San Francisco\"}]},{\"@type\":\"WebSite\",\"@id\":\"https:\/\/www.aplusexpo.com\/fr\/#website\",\"url\":\"https:\/\/www.aplusexpo.com\/fr\/\",\"name\":\"aplusexpo\",\"description\":\"\",\"potentialAction\":[{\"@type\":\"SearchAction\",\"target\":{\"@type\":\"EntryPoint\",\"urlTemplate\":\"https:\/\/www.aplusexpo.com\/fr\/?s={search_term_string}\"},\"query-input\":\"required name=search_term_string\"}],\"inLanguage\":\"fr-FR\"}]}<\/script>\n<!-- \/ Yoast SEO Premium plugin. -->","yoast_head_json":{"title":"Custom Exhibit Services & Booth Rental in San Francisco - Aplus Expo","description":"Looking for a reliable exhibit booth contractor in San Francisco? Aplus Expo here is for you. Get your free booth design today!","robots":{"index":"index","follow":"follow","max-snippet":"max-snippet:-1","max-image-preview":"max-image-preview:large","max-video-preview":"max-video-preview:-1"},"canonical":"https:\/\/www.aplusexpo.com\/fr\/exhibit-service-san-francisco\/","og_locale":"fr_FR","og_type":"article","og_title":"Trade Show Displays San Francisco","og_description":"Looking for a reliable exhibit booth contractor in San Francisco? Aplus Expo here is for you. Get your free booth design today!","og_url":"https:\/\/www.aplusexpo.com\/fr\/exhibit-service-san-francisco\/","og_site_name":"aplusexpo","article_modified_time":"2021-08-09T03:22:01+00:00","twitter_card":"summary_large_image","twitter_misc":{"Dur\u00e9e de lecture estim\u00e9e":"1 minute"},"schema":{"@context":"https:\/\/schema.org","@graph":[{"@type":"WebPage","@id":"https:\/\/www.aplusexpo.com\/fr\/exhibit-service-san-francisco\/","url":"https:\/\/www.aplusexpo.com\/fr\/exhibit-service-san-francisco\/","name":"Custom Exhibit Services & Booth Rental in San Francisco - Aplus Expo","isPartOf":{"@id":"https:\/\/www.aplusexpo.com\/fr\/#website"},"datePublished":"2020-03-26T06:41:37+00:00","dateModified":"2021-08-09T03:22:01+00:00","description":"Looking for a reliable exhibit booth contractor in San Francisco? Aplus Expo here is for you. Get your free booth design today!","breadcrumb":{"@id":"https:\/\/www.aplusexpo.com\/fr\/exhibit-service-san-francisco\/#breadcrumb"},"inLanguage":"fr-FR","potentialAction":[{"@type":"ReadAction","target":["https:\/\/www.aplusexpo.com\/fr\/exhibit-service-san-francisco\/"]}]},{"@type":"BreadcrumbList","@id":"https:\/\/www.aplusexpo.com\/fr\/exhibit-service-san-francisco\/#breadcrumb","itemListElement":[{"@type":"ListItem","position":1,"name":"Home","item":"https:\/\/www.aplusexpo.com\/"},{"@type":"ListItem","position":2,"name":"Trade Show Displays San Francisco"}]},{"@type":"WebSite","@id":"https:\/\/www.aplusexpo.com\/fr\/#website","url":"https:\/\/www.aplusexpo.com\/fr\/","name":"aplusexpo","description":"","potentialAction":[{"@type":"SearchAction","target":{"@type":"EntryPoint","urlTemplate":"https:\/\/www.aplusexpo.com\/fr\/?s={search_term_string}"},"query-input":"required name=search_term_string"}],"inLanguage":"fr-FR"}]}},"_links":{"self":[{"href":"https:\/\/www.aplusexpo.com\/fr\/wp-json\/wp\/v2\/pages\/1977","targetHints":{"allow":["GET"]}}],"collection":[{"href":"https:\/\/www.aplusexpo.com\/fr\/wp-json\/wp\/v2\/pages"}],"about":[{"href":"https:\/\/www.aplusexpo.com\/fr\/wp-json\/wp\/v2\/types\/page"}],"author":[{"embeddable":true,"href":"https:\/\/www.aplusexpo.com\/fr\/wp-json\/wp\/v2\/users\/2"}],"replies":[{"embeddable":true,"href":"https:\/\/www.aplusexpo.com\/fr\/wp-json\/wp\/v2\/comments?post=1977"}],"version-history":[{"count":5,"href":"https:\/\/www.aplusexpo.com\/fr\/wp-json\/wp\/v2\/pages\/1977\/revisions"}],"predecessor-version":[{"id":7055,"href":"https:\/\/www.aplusexpo.com\/fr\/wp-json\/wp\/v2\/pages\/1977\/revisions\/7055"}],"wp:attachment":[{"href":"https:\/\/www.aplusexpo.com\/fr\/wp-json\/wp\/v2\/media?parent=1977"}],"wp:term":[{"taxonomy":"upcoming_trade_shows","embeddable":true,"href":"https:\/\/www.aplusexpo.com\/fr\/wp-json\/wp\/v2\/upcoming_trade_shows?post=1977"}],"curies":[{"name":"wp","href":"https:\/\/api.w.org\/{rel}","templated":true}]}}