{"id":1974,"date":"2020-03-26T06:32:39","date_gmt":"2020-03-26T06:32:39","guid":{"rendered":"https:\/\/www.aplusexpo.com\/?page_id=1974"},"modified":"2021-08-05T03:59:12","modified_gmt":"2021-08-05T03:59:12","slug":"exhibit-service-denver","status":"publish","type":"page","link":"https:\/\/www.aplusexpo.com\/fr\/exhibit-service-denver\/","title":{"rendered":"Pr\u00e9sentoirs pour salons professionnels \u00e0 Denver"},"content":{"rendered":"<p>Surnomm\u00e9e la \"Mile-High City\" en raison de son altitude, Denver accueille de nombreux salons professionnels et autres \u00e9v\u00e9nements marketing. Si vous avez l'intention de participer \u00e0 l'un de ces \u00e9v\u00e9nements pour cr\u00e9er des r\u00e9seaux et promouvoir votre marque, nous sommes l\u00e0 pour vous aider. Aplus Expo s'occupe de tous vos besoins en mati\u00e8re de stands d'exposition, de l'id\u00e9ation et de la conception \u00e0 l'installation et au stockage. Notre propre flotte de transport vous permet d'obtenir votre stand d'exposition n'importe o\u00f9 aux Etats-Unis, dans les d\u00e9lais impartis.<\/p>","protected":false},"excerpt":{"rendered":"<p>Surnomm\u00e9e \"Mile-High City\" en raison de son altitude, Denver accueille de nombreux salons professionnels et autres \u00e9v\u00e9nements marketing. Si vous avez l'intention de participer<span class=\"excerpt-hellip\"> [...]<\/span><\/p>","protected":false},"author":2,"featured_media":0,"parent":0,"menu_order":0,"comment_status":"closed","ping_status":"closed","template":"templates\/product-page.php","meta":{"footnotes":""},"upcoming_trade_shows":[],"class_list":["post-1974","page","type-page","status-publish","hentry"],"yoast_head":"<!-- This site is optimized with the Yoast SEO Premium plugin v20.5 (Yoast SEO v20.11) - https:\/\/yoast.com\/wordpress\/plugins\/seo\/ -->\n<title>Custom Exhibit Services &amp; Booth Rental in Denver - Aplus Expo<\/title>\n<meta name=\"description\" content=\"Looking for a reliable exhibit booth contractor in Denver? Aplus Expo here is ideal for you. Get your free booth design today!\" \/>\n<meta name=\"robots\" content=\"index, follow, max-snippet:-1, max-image-preview:large, max-video-preview:-1\" \/>\n<link rel=\"canonical\" href=\"https:\/\/www.aplusexpo.com\/fr\/exhibit-service-denver\/\" \/>\n<meta property=\"og:locale\" content=\"fr_FR\" \/>\n<meta property=\"og:type\" content=\"article\" \/>\n<meta property=\"og:title\" content=\"Trade Show Displays Denver\" \/>\n<meta property=\"og:description\" content=\"Looking for a reliable exhibit booth contractor in Denver? Aplus Expo here is ideal for you. Get your free booth design today!\" \/>\n<meta property=\"og:url\" content=\"https:\/\/www.aplusexpo.com\/fr\/exhibit-service-denver\/\" \/>\n<meta property=\"og:site_name\" content=\"aplusexpo\" \/>\n<meta property=\"article:modified_time\" content=\"2021-08-05T03:59:12+00:00\" \/>\n<meta name=\"twitter:card\" content=\"summary_large_image\" \/>\n<meta name=\"twitter:label1\" content=\"Dur\u00e9e de lecture estim\u00e9e\" \/>\n\t<meta name=\"twitter:data1\" content=\"1 minute\" \/>\n<script type=\"application\/ld+json\" class=\"yoast-schema-graph\">{\"@context\":\"https:\/\/schema.org\",\"@graph\":[{\"@type\":\"WebPage\",\"@id\":\"https:\/\/www.aplusexpo.com\/fr\/exhibit-service-denver\/\",\"url\":\"https:\/\/www.aplusexpo.com\/fr\/exhibit-service-denver\/\",\"name\":\"Custom Exhibit Services & Booth Rental in Denver - Aplus Expo\",\"isPartOf\":{\"@id\":\"https:\/\/www.aplusexpo.com\/fr\/#website\"},\"datePublished\":\"2020-03-26T06:32:39+00:00\",\"dateModified\":\"2021-08-05T03:59:12+00:00\",\"description\":\"Looking for a reliable exhibit booth contractor in Denver? Aplus Expo here is ideal for you. Get your free booth design today!\",\"breadcrumb\":{\"@id\":\"https:\/\/www.aplusexpo.com\/fr\/exhibit-service-denver\/#breadcrumb\"},\"inLanguage\":\"fr-FR\",\"potentialAction\":[{\"@type\":\"ReadAction\",\"target\":[\"https:\/\/www.aplusexpo.com\/fr\/exhibit-service-denver\/\"]}]},{\"@type\":\"BreadcrumbList\",\"@id\":\"https:\/\/www.aplusexpo.com\/fr\/exhibit-service-denver\/#breadcrumb\",\"itemListElement\":[{\"@type\":\"ListItem\",\"position\":1,\"name\":\"Home\",\"item\":\"https:\/\/www.aplusexpo.com\/\"},{\"@type\":\"ListItem\",\"position\":2,\"name\":\"Trade Show Displays Denver\"}]},{\"@type\":\"WebSite\",\"@id\":\"https:\/\/www.aplusexpo.com\/fr\/#website\",\"url\":\"https:\/\/www.aplusexpo.com\/fr\/\",\"name\":\"aplusexpo\",\"description\":\"\",\"potentialAction\":[{\"@type\":\"SearchAction\",\"target\":{\"@type\":\"EntryPoint\",\"urlTemplate\":\"https:\/\/www.aplusexpo.com\/fr\/?s={search_term_string}\"},\"query-input\":\"required name=search_term_string\"}],\"inLanguage\":\"fr-FR\"}]}<\/script>\n<!-- \/ Yoast SEO Premium plugin. -->","yoast_head_json":{"title":"Custom Exhibit Services & Booth Rental in Denver - Aplus Expo","description":"Looking for a reliable exhibit booth contractor in Denver? Aplus Expo here is ideal for you. Get your free booth design today!","robots":{"index":"index","follow":"follow","max-snippet":"max-snippet:-1","max-image-preview":"max-image-preview:large","max-video-preview":"max-video-preview:-1"},"canonical":"https:\/\/www.aplusexpo.com\/fr\/exhibit-service-denver\/","og_locale":"fr_FR","og_type":"article","og_title":"Trade Show Displays Denver","og_description":"Looking for a reliable exhibit booth contractor in Denver? Aplus Expo here is ideal for you. Get your free booth design today!","og_url":"https:\/\/www.aplusexpo.com\/fr\/exhibit-service-denver\/","og_site_name":"aplusexpo","article_modified_time":"2021-08-05T03:59:12+00:00","twitter_card":"summary_large_image","twitter_misc":{"Dur\u00e9e de lecture estim\u00e9e":"1 minute"},"schema":{"@context":"https:\/\/schema.org","@graph":[{"@type":"WebPage","@id":"https:\/\/www.aplusexpo.com\/fr\/exhibit-service-denver\/","url":"https:\/\/www.aplusexpo.com\/fr\/exhibit-service-denver\/","name":"Custom Exhibit Services & Booth Rental in Denver - Aplus Expo","isPartOf":{"@id":"https:\/\/www.aplusexpo.com\/fr\/#website"},"datePublished":"2020-03-26T06:32:39+00:00","dateModified":"2021-08-05T03:59:12+00:00","description":"Looking for a reliable exhibit booth contractor in Denver? Aplus Expo here is ideal for you. Get your free booth design today!","breadcrumb":{"@id":"https:\/\/www.aplusexpo.com\/fr\/exhibit-service-denver\/#breadcrumb"},"inLanguage":"fr-FR","potentialAction":[{"@type":"ReadAction","target":["https:\/\/www.aplusexpo.com\/fr\/exhibit-service-denver\/"]}]},{"@type":"BreadcrumbList","@id":"https:\/\/www.aplusexpo.com\/fr\/exhibit-service-denver\/#breadcrumb","itemListElement":[{"@type":"ListItem","position":1,"name":"Home","item":"https:\/\/www.aplusexpo.com\/"},{"@type":"ListItem","position":2,"name":"Trade Show Displays Denver"}]},{"@type":"WebSite","@id":"https:\/\/www.aplusexpo.com\/fr\/#website","url":"https:\/\/www.aplusexpo.com\/fr\/","name":"aplusexpo","description":"","potentialAction":[{"@type":"SearchAction","target":{"@type":"EntryPoint","urlTemplate":"https:\/\/www.aplusexpo.com\/fr\/?s={search_term_string}"},"query-input":"required name=search_term_string"}],"inLanguage":"fr-FR"}]}},"_links":{"self":[{"href":"https:\/\/www.aplusexpo.com\/fr\/wp-json\/wp\/v2\/pages\/1974","targetHints":{"allow":["GET"]}}],"collection":[{"href":"https:\/\/www.aplusexpo.com\/fr\/wp-json\/wp\/v2\/pages"}],"about":[{"href":"https:\/\/www.aplusexpo.com\/fr\/wp-json\/wp\/v2\/types\/page"}],"author":[{"embeddable":true,"href":"https:\/\/www.aplusexpo.com\/fr\/wp-json\/wp\/v2\/users\/2"}],"replies":[{"embeddable":true,"href":"https:\/\/www.aplusexpo.com\/fr\/wp-json\/wp\/v2\/comments?post=1974"}],"version-history":[{"count":5,"href":"https:\/\/www.aplusexpo.com\/fr\/wp-json\/wp\/v2\/pages\/1974\/revisions"}],"predecessor-version":[{"id":7009,"href":"https:\/\/www.aplusexpo.com\/fr\/wp-json\/wp\/v2\/pages\/1974\/revisions\/7009"}],"wp:attachment":[{"href":"https:\/\/www.aplusexpo.com\/fr\/wp-json\/wp\/v2\/media?parent=1974"}],"wp:term":[{"taxonomy":"upcoming_trade_shows","embeddable":true,"href":"https:\/\/www.aplusexpo.com\/fr\/wp-json\/wp\/v2\/upcoming_trade_shows?post=1974"}],"curies":[{"name":"wp","href":"https:\/\/api.w.org\/{rel}","templated":true}]}}