{"id":1956,"date":"2020-03-26T05:18:36","date_gmt":"2020-03-26T05:18:36","guid":{"rendered":"https:\/\/www.aplusexpo.com\/?page_id=1956"},"modified":"2021-10-18T10:33:08","modified_gmt":"2021-10-18T10:33:08","slug":"exhibit-service-los-angeles","status":"publish","type":"page","link":"https:\/\/www.aplusexpo.com\/fr\/exhibit-service-los-angeles\/","title":{"rendered":"Pr\u00e9sentoirs pour salons professionnels \u00e0 Los Angeles"},"content":{"rendered":"<p>Los Angeles est l'un des endroits les plus r\u00e9put\u00e9s des \u00c9tats-Unis pour l'organisation de salons professionnels. Si vous pr\u00e9voyez de participer aux salons professionnels de Los Angeles, Aplus Expo est l\u00e0 pour vous aider ! Nous proposons un large \u00e9ventail de mat\u00e9riel d'exposition et de services de conception de stands personnalis\u00e9s qui r\u00e9pondront certainement \u00e0 toutes vos exigences en mati\u00e8re de marketing \u00e9v\u00e9nementiel dans la capitale mondiale du divertissement.<\/p>","protected":false},"excerpt":{"rendered":"<p>Los Angeles est l'un des endroits les plus r\u00e9put\u00e9s des \u00c9tats-Unis pour l'organisation de salons professionnels. Si vous avez l'intention de participer \u00e0 la foire de Los Angeles, vous pouvez donc vous inscrire \u00e0 la foire de Los Angeles.<span class=\"excerpt-hellip\"> [...]<\/span><\/p>","protected":false},"author":2,"featured_media":0,"parent":0,"menu_order":0,"comment_status":"closed","ping_status":"closed","template":"templates\/product-page.php","meta":{"footnotes":""},"upcoming_trade_shows":[],"class_list":["post-1956","page","type-page","status-publish","hentry"],"yoast_head":"<!-- This site is optimized with the Yoast SEO Premium plugin v20.5 (Yoast SEO v20.11) - https:\/\/yoast.com\/wordpress\/plugins\/seo\/ -->\n<title>Custom Exhibit Services &amp; Booth Rental in Los Angeles - Aplus Expo<\/title>\n<meta name=\"description\" content=\"Looking for a reliable exhibit booth contractor in Los Angeles? Aplus Expo here is for you. Get your free booth design today!\" \/>\n<meta name=\"robots\" content=\"index, follow, max-snippet:-1, max-image-preview:large, max-video-preview:-1\" \/>\n<link rel=\"canonical\" href=\"https:\/\/www.aplusexpo.com\/fr\/exhibit-service-los-angeles\/\" \/>\n<meta property=\"og:locale\" content=\"fr_FR\" \/>\n<meta property=\"og:type\" content=\"article\" \/>\n<meta property=\"og:title\" content=\"Trade Show Displays Los Angeles\" \/>\n<meta property=\"og:description\" content=\"Looking for a reliable exhibit booth contractor in Los Angeles? Aplus Expo here is for you. Get your free booth design today!\" \/>\n<meta property=\"og:url\" content=\"https:\/\/www.aplusexpo.com\/fr\/exhibit-service-los-angeles\/\" \/>\n<meta property=\"og:site_name\" content=\"aplusexpo\" \/>\n<meta property=\"article:modified_time\" content=\"2021-10-18T10:33:08+00:00\" \/>\n<meta name=\"twitter:card\" content=\"summary_large_image\" \/>\n<meta name=\"twitter:label1\" content=\"Dur\u00e9e de lecture estim\u00e9e\" \/>\n\t<meta name=\"twitter:data1\" content=\"1 minute\" \/>\n<script type=\"application\/ld+json\" class=\"yoast-schema-graph\">{\"@context\":\"https:\/\/schema.org\",\"@graph\":[{\"@type\":\"WebPage\",\"@id\":\"https:\/\/www.aplusexpo.com\/fr\/exhibit-service-los-angeles\/\",\"url\":\"https:\/\/www.aplusexpo.com\/fr\/exhibit-service-los-angeles\/\",\"name\":\"Custom Exhibit Services & Booth Rental in Los Angeles - Aplus Expo\",\"isPartOf\":{\"@id\":\"https:\/\/www.aplusexpo.com\/fr\/#website\"},\"datePublished\":\"2020-03-26T05:18:36+00:00\",\"dateModified\":\"2021-10-18T10:33:08+00:00\",\"description\":\"Looking for a reliable exhibit booth contractor in Los Angeles? Aplus Expo here is for you. Get your free booth design today!\",\"breadcrumb\":{\"@id\":\"https:\/\/www.aplusexpo.com\/fr\/exhibit-service-los-angeles\/#breadcrumb\"},\"inLanguage\":\"fr-FR\",\"potentialAction\":[{\"@type\":\"ReadAction\",\"target\":[\"https:\/\/www.aplusexpo.com\/fr\/exhibit-service-los-angeles\/\"]}]},{\"@type\":\"BreadcrumbList\",\"@id\":\"https:\/\/www.aplusexpo.com\/fr\/exhibit-service-los-angeles\/#breadcrumb\",\"itemListElement\":[{\"@type\":\"ListItem\",\"position\":1,\"name\":\"Home\",\"item\":\"https:\/\/www.aplusexpo.com\/\"},{\"@type\":\"ListItem\",\"position\":2,\"name\":\"Trade Show Displays Los Angeles\"}]},{\"@type\":\"WebSite\",\"@id\":\"https:\/\/www.aplusexpo.com\/fr\/#website\",\"url\":\"https:\/\/www.aplusexpo.com\/fr\/\",\"name\":\"aplusexpo\",\"description\":\"\",\"potentialAction\":[{\"@type\":\"SearchAction\",\"target\":{\"@type\":\"EntryPoint\",\"urlTemplate\":\"https:\/\/www.aplusexpo.com\/fr\/?s={search_term_string}\"},\"query-input\":\"required name=search_term_string\"}],\"inLanguage\":\"fr-FR\"}]}<\/script>\n<!-- \/ Yoast SEO Premium plugin. -->","yoast_head_json":{"title":"Custom Exhibit Services & Booth Rental in Los Angeles - Aplus Expo","description":"Looking for a reliable exhibit booth contractor in Los Angeles? Aplus Expo here is for you. Get your free booth design today!","robots":{"index":"index","follow":"follow","max-snippet":"max-snippet:-1","max-image-preview":"max-image-preview:large","max-video-preview":"max-video-preview:-1"},"canonical":"https:\/\/www.aplusexpo.com\/fr\/exhibit-service-los-angeles\/","og_locale":"fr_FR","og_type":"article","og_title":"Trade Show Displays Los Angeles","og_description":"Looking for a reliable exhibit booth contractor in Los Angeles? Aplus Expo here is for you. Get your free booth design today!","og_url":"https:\/\/www.aplusexpo.com\/fr\/exhibit-service-los-angeles\/","og_site_name":"aplusexpo","article_modified_time":"2021-10-18T10:33:08+00:00","twitter_card":"summary_large_image","twitter_misc":{"Dur\u00e9e de lecture estim\u00e9e":"1 minute"},"schema":{"@context":"https:\/\/schema.org","@graph":[{"@type":"WebPage","@id":"https:\/\/www.aplusexpo.com\/fr\/exhibit-service-los-angeles\/","url":"https:\/\/www.aplusexpo.com\/fr\/exhibit-service-los-angeles\/","name":"Custom Exhibit Services & Booth Rental in Los Angeles - Aplus Expo","isPartOf":{"@id":"https:\/\/www.aplusexpo.com\/fr\/#website"},"datePublished":"2020-03-26T05:18:36+00:00","dateModified":"2021-10-18T10:33:08+00:00","description":"Looking for a reliable exhibit booth contractor in Los Angeles? Aplus Expo here is for you. Get your free booth design today!","breadcrumb":{"@id":"https:\/\/www.aplusexpo.com\/fr\/exhibit-service-los-angeles\/#breadcrumb"},"inLanguage":"fr-FR","potentialAction":[{"@type":"ReadAction","target":["https:\/\/www.aplusexpo.com\/fr\/exhibit-service-los-angeles\/"]}]},{"@type":"BreadcrumbList","@id":"https:\/\/www.aplusexpo.com\/fr\/exhibit-service-los-angeles\/#breadcrumb","itemListElement":[{"@type":"ListItem","position":1,"name":"Home","item":"https:\/\/www.aplusexpo.com\/"},{"@type":"ListItem","position":2,"name":"Trade Show Displays Los Angeles"}]},{"@type":"WebSite","@id":"https:\/\/www.aplusexpo.com\/fr\/#website","url":"https:\/\/www.aplusexpo.com\/fr\/","name":"aplusexpo","description":"","potentialAction":[{"@type":"SearchAction","target":{"@type":"EntryPoint","urlTemplate":"https:\/\/www.aplusexpo.com\/fr\/?s={search_term_string}"},"query-input":"required name=search_term_string"}],"inLanguage":"fr-FR"}]}},"_links":{"self":[{"href":"https:\/\/www.aplusexpo.com\/fr\/wp-json\/wp\/v2\/pages\/1956","targetHints":{"allow":["GET"]}}],"collection":[{"href":"https:\/\/www.aplusexpo.com\/fr\/wp-json\/wp\/v2\/pages"}],"about":[{"href":"https:\/\/www.aplusexpo.com\/fr\/wp-json\/wp\/v2\/types\/page"}],"author":[{"embeddable":true,"href":"https:\/\/www.aplusexpo.com\/fr\/wp-json\/wp\/v2\/users\/2"}],"replies":[{"embeddable":true,"href":"https:\/\/www.aplusexpo.com\/fr\/wp-json\/wp\/v2\/comments?post=1956"}],"version-history":[{"count":11,"href":"https:\/\/www.aplusexpo.com\/fr\/wp-json\/wp\/v2\/pages\/1956\/revisions"}],"predecessor-version":[{"id":8105,"href":"https:\/\/www.aplusexpo.com\/fr\/wp-json\/wp\/v2\/pages\/1956\/revisions\/8105"}],"wp:attachment":[{"href":"https:\/\/www.aplusexpo.com\/fr\/wp-json\/wp\/v2\/media?parent=1956"}],"wp:term":[{"taxonomy":"upcoming_trade_shows","embeddable":true,"href":"https:\/\/www.aplusexpo.com\/fr\/wp-json\/wp\/v2\/upcoming_trade_shows?post=1956"}],"curies":[{"name":"wp","href":"https:\/\/api.w.org\/{rel}","templated":true}]}}