{"id":7019,"date":"2021-08-05T08:24:35","date_gmt":"2021-08-05T08:24:35","guid":{"rendered":"https:\/\/www.aplusexpo.com\/?page_id=7019"},"modified":"2021-08-05T08:24:38","modified_gmt":"2021-08-05T08:24:38","slug":"trade-show-services-in-new-york","status":"publish","type":"page","link":"https:\/\/www.aplusexpo.com\/es\/trade-show-services-in-new-york\/","title":{"rendered":"Servicios para ferias comerciales en Nueva York"},"content":{"rendered":"<p>Si desea expandir su marca y montar un expositor para ferias realmente magn\u00edfico en Nueva York, necesitar\u00e1 un especialista en ferias como Aplus para lograr este objetivo. Aplus Expo design es uno de los mejores dise\u00f1adores y constructores de stands y expositores para ferias comerciales en Nueva York, y es capaz de personalizar sus dise\u00f1os de la forma m\u00e1s eficiente posible.<\/p>\n\n\n\n<p>Contratamos a especialistas capaces de personalizar y montar sus stands en un tiempo r\u00e9cord. Nuestros servicios de personalizaci\u00f3n son capaces de hacer que sus stands para ferias sean realmente \u00fanicos y memorables.<\/p>","protected":false},"excerpt":{"rendered":"<p>Si quiere expandir su marca y montar un gran expositor en Nueva York, necesitar\u00e1 un especialista en ferias.<span class=\"excerpt-hellip\"> [...]<\/span><\/p>","protected":false},"author":1,"featured_media":0,"parent":0,"menu_order":0,"comment_status":"closed","ping_status":"closed","template":"templates\/product-page.php","meta":{"footnotes":""},"upcoming_trade_shows":[],"class_list":["post-7019","page","type-page","status-publish","hentry"],"yoast_head":"<!-- This site is optimized with the Yoast SEO Premium plugin v20.5 (Yoast SEO v20.11) - https:\/\/yoast.com\/wordpress\/plugins\/seo\/ -->\n<title>Expert Exhibition Stand Contractor in New York - Aplus Expo<\/title>\n<meta name=\"description\" content=\"Looking for a reliable expo booth builder in New York? Aplus Expo offers one-stop exhibition stand design, rentals, and more services.\" \/>\n<meta name=\"robots\" content=\"index, follow, max-snippet:-1, max-image-preview:large, max-video-preview:-1\" \/>\n<link rel=\"canonical\" href=\"https:\/\/www.aplusexpo.com\/es\/trade-show-services-in-new-york\/\" \/>\n<meta property=\"og:locale\" content=\"es_ES\" \/>\n<meta property=\"og:type\" content=\"article\" \/>\n<meta property=\"og:title\" content=\"Trade Show Services in New York\" \/>\n<meta property=\"og:description\" content=\"Looking for a reliable expo booth builder in New York? Aplus Expo offers one-stop exhibition stand design, rentals, and more services.\" \/>\n<meta property=\"og:url\" content=\"https:\/\/www.aplusexpo.com\/es\/trade-show-services-in-new-york\/\" \/>\n<meta property=\"og:site_name\" content=\"aplusexpo\" \/>\n<meta property=\"article:modified_time\" content=\"2021-08-05T08:24:38+00:00\" \/>\n<meta name=\"twitter:card\" content=\"summary_large_image\" \/>\n<meta name=\"twitter:label1\" content=\"Tiempo de lectura\" \/>\n\t<meta name=\"twitter:data1\" content=\"1 minuto\" \/>\n<script type=\"application\/ld+json\" class=\"yoast-schema-graph\">{\"@context\":\"https:\/\/schema.org\",\"@graph\":[{\"@type\":\"WebPage\",\"@id\":\"https:\/\/www.aplusexpo.com\/es\/trade-show-services-in-new-york\/\",\"url\":\"https:\/\/www.aplusexpo.com\/es\/trade-show-services-in-new-york\/\",\"name\":\"Expert Exhibition Stand Contractor in New York - Aplus Expo\",\"isPartOf\":{\"@id\":\"https:\/\/www.aplusexpo.com\/es\/#website\"},\"datePublished\":\"2021-08-05T08:24:35+00:00\",\"dateModified\":\"2021-08-05T08:24:38+00:00\",\"description\":\"Looking for a reliable expo booth builder in New York? Aplus Expo offers one-stop exhibition stand design, rentals, and more services.\",\"breadcrumb\":{\"@id\":\"https:\/\/www.aplusexpo.com\/es\/trade-show-services-in-new-york\/#breadcrumb\"},\"inLanguage\":\"es\",\"potentialAction\":[{\"@type\":\"ReadAction\",\"target\":[\"https:\/\/www.aplusexpo.com\/es\/trade-show-services-in-new-york\/\"]}]},{\"@type\":\"BreadcrumbList\",\"@id\":\"https:\/\/www.aplusexpo.com\/es\/trade-show-services-in-new-york\/#breadcrumb\",\"itemListElement\":[{\"@type\":\"ListItem\",\"position\":1,\"name\":\"Home\",\"item\":\"https:\/\/www.aplusexpo.com\/\"},{\"@type\":\"ListItem\",\"position\":2,\"name\":\"Trade Show Services in New York\"}]},{\"@type\":\"WebSite\",\"@id\":\"https:\/\/www.aplusexpo.com\/es\/#website\",\"url\":\"https:\/\/www.aplusexpo.com\/es\/\",\"name\":\"aplusexpo\",\"description\":\"\",\"potentialAction\":[{\"@type\":\"SearchAction\",\"target\":{\"@type\":\"EntryPoint\",\"urlTemplate\":\"https:\/\/www.aplusexpo.com\/es\/?s={search_term_string}\"},\"query-input\":\"required name=search_term_string\"}],\"inLanguage\":\"es\"}]}<\/script>\n<!-- \/ Yoast SEO Premium plugin. -->","yoast_head_json":{"title":"Expert Exhibition Stand Contractor in New York - Aplus Expo","description":"Looking for a reliable expo booth builder in New York? Aplus Expo offers one-stop exhibition stand design, rentals, and more services.","robots":{"index":"index","follow":"follow","max-snippet":"max-snippet:-1","max-image-preview":"max-image-preview:large","max-video-preview":"max-video-preview:-1"},"canonical":"https:\/\/www.aplusexpo.com\/es\/trade-show-services-in-new-york\/","og_locale":"es_ES","og_type":"article","og_title":"Trade Show Services in New York","og_description":"Looking for a reliable expo booth builder in New York? Aplus Expo offers one-stop exhibition stand design, rentals, and more services.","og_url":"https:\/\/www.aplusexpo.com\/es\/trade-show-services-in-new-york\/","og_site_name":"aplusexpo","article_modified_time":"2021-08-05T08:24:38+00:00","twitter_card":"summary_large_image","twitter_misc":{"Tiempo de lectura":"1 minuto"},"schema":{"@context":"https:\/\/schema.org","@graph":[{"@type":"WebPage","@id":"https:\/\/www.aplusexpo.com\/es\/trade-show-services-in-new-york\/","url":"https:\/\/www.aplusexpo.com\/es\/trade-show-services-in-new-york\/","name":"Expert Exhibition Stand Contractor in New York - Aplus Expo","isPartOf":{"@id":"https:\/\/www.aplusexpo.com\/es\/#website"},"datePublished":"2021-08-05T08:24:35+00:00","dateModified":"2021-08-05T08:24:38+00:00","description":"Looking for a reliable expo booth builder in New York? Aplus Expo offers one-stop exhibition stand design, rentals, and more services.","breadcrumb":{"@id":"https:\/\/www.aplusexpo.com\/es\/trade-show-services-in-new-york\/#breadcrumb"},"inLanguage":"es","potentialAction":[{"@type":"ReadAction","target":["https:\/\/www.aplusexpo.com\/es\/trade-show-services-in-new-york\/"]}]},{"@type":"BreadcrumbList","@id":"https:\/\/www.aplusexpo.com\/es\/trade-show-services-in-new-york\/#breadcrumb","itemListElement":[{"@type":"ListItem","position":1,"name":"Home","item":"https:\/\/www.aplusexpo.com\/"},{"@type":"ListItem","position":2,"name":"Trade Show Services in New York"}]},{"@type":"WebSite","@id":"https:\/\/www.aplusexpo.com\/es\/#website","url":"https:\/\/www.aplusexpo.com\/es\/","name":"aplusexpo","description":"","potentialAction":[{"@type":"SearchAction","target":{"@type":"EntryPoint","urlTemplate":"https:\/\/www.aplusexpo.com\/es\/?s={search_term_string}"},"query-input":"required name=search_term_string"}],"inLanguage":"es"}]}},"_links":{"self":[{"href":"https:\/\/www.aplusexpo.com\/es\/wp-json\/wp\/v2\/pages\/7019","targetHints":{"allow":["GET"]}}],"collection":[{"href":"https:\/\/www.aplusexpo.com\/es\/wp-json\/wp\/v2\/pages"}],"about":[{"href":"https:\/\/www.aplusexpo.com\/es\/wp-json\/wp\/v2\/types\/page"}],"author":[{"embeddable":true,"href":"https:\/\/www.aplusexpo.com\/es\/wp-json\/wp\/v2\/users\/1"}],"replies":[{"embeddable":true,"href":"https:\/\/www.aplusexpo.com\/es\/wp-json\/wp\/v2\/comments?post=7019"}],"version-history":[{"count":2,"href":"https:\/\/www.aplusexpo.com\/es\/wp-json\/wp\/v2\/pages\/7019\/revisions"}],"predecessor-version":[{"id":7024,"href":"https:\/\/www.aplusexpo.com\/es\/wp-json\/wp\/v2\/pages\/7019\/revisions\/7024"}],"wp:attachment":[{"href":"https:\/\/www.aplusexpo.com\/es\/wp-json\/wp\/v2\/media?parent=7019"}],"wp:term":[{"taxonomy":"upcoming_trade_shows","embeddable":true,"href":"https:\/\/www.aplusexpo.com\/es\/wp-json\/wp\/v2\/upcoming_trade_shows?post=7019"}],"curies":[{"name":"wp","href":"https:\/\/api.w.org\/{rel}","templated":true}]}}