{"id":2100,"date":"2020-03-27T01:39:40","date_gmt":"2020-03-27T01:39:40","guid":{"rendered":"https:\/\/www.aplusexpo.com\/?page_id=2100"},"modified":"2020-03-27T01:39:41","modified_gmt":"2020-03-27T01:39:41","slug":"exhibit-service-philadelphia","status":"publish","type":"page","link":"https:\/\/www.aplusexpo.com\/es\/exhibit-service-philadelphia\/","title":{"rendered":"Expositores para ferias Filadelfia"},"content":{"rendered":"<p>Si est\u00e1 pensando en participar en una feria comercial en Filadelfia, entonces no encontrar\u00e1 mejor ayudante que Aplus Expo. Aplus Expo es un equipo de dise\u00f1adores dedicados, constructores, impresores, y m\u00e1s cuyo objetivo es asegurarse de que su marca obtiene la representaci\u00f3n que se merece en cualquier feria comercial en Filadelfia. No nos limitamos a dise\u00f1ar stands personalizados, sino que tambi\u00e9n proporcionamos servicios de transporte, almacenamiento, montaje y desmontaje para que pueda tener un tiempo libre de estr\u00e9s en la exposici\u00f3n.<\/p>","protected":false},"excerpt":{"rendered":"<p>Si est\u00e1 pensando en participar en una feria comercial en Filadelfia, no encontrar\u00e1 mejor ayudante que Aplus Expo. Aplus Expo es un equipo<span class=\"excerpt-hellip\"> [...]<\/span><\/p>","protected":false},"author":2,"featured_media":0,"parent":0,"menu_order":0,"comment_status":"closed","ping_status":"closed","template":"templates\/product-page.php","meta":{"footnotes":""},"upcoming_trade_shows":[],"class_list":["post-2100","page","type-page","status-publish","hentry"],"yoast_head":"<!-- This site is optimized with the Yoast SEO Premium plugin v20.5 (Yoast SEO v20.11) - https:\/\/yoast.com\/wordpress\/plugins\/seo\/ -->\n<title>Custom Exhibit Services &amp; Booth Rental in Philadelphia<\/title>\n<meta name=\"description\" content=\"Looking for a reliable exhibit booth contractor in Philadelphia? Aplus Expo here is for you. Get your free booth design today!\" \/>\n<meta name=\"robots\" content=\"index, follow, max-snippet:-1, max-image-preview:large, max-video-preview:-1\" \/>\n<link rel=\"canonical\" href=\"https:\/\/www.aplusexpo.com\/es\/exhibit-service-philadelphia\/\" \/>\n<meta property=\"og:locale\" content=\"es_ES\" \/>\n<meta property=\"og:type\" content=\"article\" \/>\n<meta property=\"og:title\" content=\"Trade Show Displays Philadelphia\" \/>\n<meta property=\"og:description\" content=\"Looking for a reliable exhibit booth contractor in Philadelphia? Aplus Expo here is for you. Get your free booth design today!\" \/>\n<meta property=\"og:url\" content=\"https:\/\/www.aplusexpo.com\/es\/exhibit-service-philadelphia\/\" \/>\n<meta property=\"og:site_name\" content=\"aplusexpo\" \/>\n<meta property=\"article:modified_time\" content=\"2020-03-27T01:39:41+00:00\" \/>\n<meta name=\"twitter:card\" content=\"summary_large_image\" \/>\n<script type=\"application\/ld+json\" class=\"yoast-schema-graph\">{\"@context\":\"https:\/\/schema.org\",\"@graph\":[{\"@type\":\"WebPage\",\"@id\":\"https:\/\/www.aplusexpo.com\/es\/exhibit-service-philadelphia\/\",\"url\":\"https:\/\/www.aplusexpo.com\/es\/exhibit-service-philadelphia\/\",\"name\":\"Custom Exhibit Services & Booth Rental in Philadelphia\",\"isPartOf\":{\"@id\":\"https:\/\/www.aplusexpo.com\/es\/#website\"},\"datePublished\":\"2020-03-27T01:39:40+00:00\",\"dateModified\":\"2020-03-27T01:39:41+00:00\",\"description\":\"Looking for a reliable exhibit booth contractor in Philadelphia? Aplus Expo here is for you. Get your free booth design today!\",\"breadcrumb\":{\"@id\":\"https:\/\/www.aplusexpo.com\/es\/exhibit-service-philadelphia\/#breadcrumb\"},\"inLanguage\":\"es\",\"potentialAction\":[{\"@type\":\"ReadAction\",\"target\":[\"https:\/\/www.aplusexpo.com\/es\/exhibit-service-philadelphia\/\"]}]},{\"@type\":\"BreadcrumbList\",\"@id\":\"https:\/\/www.aplusexpo.com\/es\/exhibit-service-philadelphia\/#breadcrumb\",\"itemListElement\":[{\"@type\":\"ListItem\",\"position\":1,\"name\":\"Home\",\"item\":\"https:\/\/www.aplusexpo.com\/\"},{\"@type\":\"ListItem\",\"position\":2,\"name\":\"Trade Show Displays Philadelphia\"}]},{\"@type\":\"WebSite\",\"@id\":\"https:\/\/www.aplusexpo.com\/es\/#website\",\"url\":\"https:\/\/www.aplusexpo.com\/es\/\",\"name\":\"aplusexpo\",\"description\":\"\",\"potentialAction\":[{\"@type\":\"SearchAction\",\"target\":{\"@type\":\"EntryPoint\",\"urlTemplate\":\"https:\/\/www.aplusexpo.com\/es\/?s={search_term_string}\"},\"query-input\":\"required name=search_term_string\"}],\"inLanguage\":\"es\"}]}<\/script>\n<!-- \/ Yoast SEO Premium plugin. -->","yoast_head_json":{"title":"Custom Exhibit Services & Booth Rental in Philadelphia","description":"Looking for a reliable exhibit booth contractor in Philadelphia? Aplus Expo here is for you. Get your free booth design today!","robots":{"index":"index","follow":"follow","max-snippet":"max-snippet:-1","max-image-preview":"max-image-preview:large","max-video-preview":"max-video-preview:-1"},"canonical":"https:\/\/www.aplusexpo.com\/es\/exhibit-service-philadelphia\/","og_locale":"es_ES","og_type":"article","og_title":"Trade Show Displays Philadelphia","og_description":"Looking for a reliable exhibit booth contractor in Philadelphia? Aplus Expo here is for you. Get your free booth design today!","og_url":"https:\/\/www.aplusexpo.com\/es\/exhibit-service-philadelphia\/","og_site_name":"aplusexpo","article_modified_time":"2020-03-27T01:39:41+00:00","twitter_card":"summary_large_image","schema":{"@context":"https:\/\/schema.org","@graph":[{"@type":"WebPage","@id":"https:\/\/www.aplusexpo.com\/es\/exhibit-service-philadelphia\/","url":"https:\/\/www.aplusexpo.com\/es\/exhibit-service-philadelphia\/","name":"Custom Exhibit Services & Booth Rental in Philadelphia","isPartOf":{"@id":"https:\/\/www.aplusexpo.com\/es\/#website"},"datePublished":"2020-03-27T01:39:40+00:00","dateModified":"2020-03-27T01:39:41+00:00","description":"Looking for a reliable exhibit booth contractor in Philadelphia? Aplus Expo here is for you. Get your free booth design today!","breadcrumb":{"@id":"https:\/\/www.aplusexpo.com\/es\/exhibit-service-philadelphia\/#breadcrumb"},"inLanguage":"es","potentialAction":[{"@type":"ReadAction","target":["https:\/\/www.aplusexpo.com\/es\/exhibit-service-philadelphia\/"]}]},{"@type":"BreadcrumbList","@id":"https:\/\/www.aplusexpo.com\/es\/exhibit-service-philadelphia\/#breadcrumb","itemListElement":[{"@type":"ListItem","position":1,"name":"Home","item":"https:\/\/www.aplusexpo.com\/"},{"@type":"ListItem","position":2,"name":"Trade Show Displays Philadelphia"}]},{"@type":"WebSite","@id":"https:\/\/www.aplusexpo.com\/es\/#website","url":"https:\/\/www.aplusexpo.com\/es\/","name":"aplusexpo","description":"","potentialAction":[{"@type":"SearchAction","target":{"@type":"EntryPoint","urlTemplate":"https:\/\/www.aplusexpo.com\/es\/?s={search_term_string}"},"query-input":"required name=search_term_string"}],"inLanguage":"es"}]}},"_links":{"self":[{"href":"https:\/\/www.aplusexpo.com\/es\/wp-json\/wp\/v2\/pages\/2100","targetHints":{"allow":["GET"]}}],"collection":[{"href":"https:\/\/www.aplusexpo.com\/es\/wp-json\/wp\/v2\/pages"}],"about":[{"href":"https:\/\/www.aplusexpo.com\/es\/wp-json\/wp\/v2\/types\/page"}],"author":[{"embeddable":true,"href":"https:\/\/www.aplusexpo.com\/es\/wp-json\/wp\/v2\/users\/2"}],"replies":[{"embeddable":true,"href":"https:\/\/www.aplusexpo.com\/es\/wp-json\/wp\/v2\/comments?post=2100"}],"version-history":[{"count":2,"href":"https:\/\/www.aplusexpo.com\/es\/wp-json\/wp\/v2\/pages\/2100\/revisions"}],"predecessor-version":[{"id":2102,"href":"https:\/\/www.aplusexpo.com\/es\/wp-json\/wp\/v2\/pages\/2100\/revisions\/2102"}],"wp:attachment":[{"href":"https:\/\/www.aplusexpo.com\/es\/wp-json\/wp\/v2\/media?parent=2100"}],"wp:term":[{"taxonomy":"upcoming_trade_shows","embeddable":true,"href":"https:\/\/www.aplusexpo.com\/es\/wp-json\/wp\/v2\/upcoming_trade_shows?post=2100"}],"curies":[{"name":"wp","href":"https:\/\/api.w.org\/{rel}","templated":true}]}}