{"id":2035,"date":"2020-03-26T09:16:26","date_gmt":"2020-03-26T09:16:26","guid":{"rendered":"https:\/\/www.aplusexpo.com\/?page_id=2035"},"modified":"2020-03-26T09:16:27","modified_gmt":"2020-03-26T09:16:27","slug":"exhibit-service-seattle","status":"publish","type":"page","link":"https:\/\/www.aplusexpo.com\/es\/exhibit-service-seattle\/","title":{"rendered":"Ferias comerciales en Seattle"},"content":{"rendered":"<p>Cuando se trata de expositores para ferias comerciales, Seattle no conoce rival, los expositores son siempre vibrantes y creativos. Si usted est\u00e1 planeando participar en una de las ferias comerciales en Seattle, hacer su experiencia m\u00e1s f\u00e1cil al optar por Aplus Expo. Proporcionamos expositores personalizados que ofrecen la experiencia adecuada a los asistentes a la feria. Puede elegir entre una gran variedad de materiales, dise\u00f1os y acabados para personalizar el stand a su gusto. Aplus Expo incluso le proporciona almacenamiento y transporte para todos sus suministros. <\/p>","protected":false},"excerpt":{"rendered":"<p>Cuando se trata de expositores para ferias comerciales, Seattle no conoce rival, los expositores son siempre vibrantes y creativos. Si est\u00e1 pensando en participar en una de<span class=\"excerpt-hellip\"> [...]<\/span><\/p>","protected":false},"author":2,"featured_media":0,"parent":0,"menu_order":0,"comment_status":"closed","ping_status":"closed","template":"templates\/product-page.php","meta":{"footnotes":""},"upcoming_trade_shows":[],"class_list":["post-2035","page","type-page","status-publish","hentry"],"yoast_head":"<!-- This site is optimized with the Yoast SEO Premium plugin v20.5 (Yoast SEO v20.11) - https:\/\/yoast.com\/wordpress\/plugins\/seo\/ -->\n<title>Custom Exhibit Services &amp; Booth Rental in Seattle<\/title>\n<meta name=\"description\" content=\"Looking for a reliable exhibit booth contractor in Seattle? Aplus Expo here is for you. Get your free booth design today!\" \/>\n<meta name=\"robots\" content=\"index, follow, max-snippet:-1, max-image-preview:large, max-video-preview:-1\" \/>\n<link rel=\"canonical\" href=\"https:\/\/www.aplusexpo.com\/es\/exhibit-service-seattle\/\" \/>\n<meta property=\"og:locale\" content=\"es_ES\" \/>\n<meta property=\"og:type\" content=\"article\" \/>\n<meta property=\"og:title\" content=\"Trade Shows In Seattle\" \/>\n<meta property=\"og:description\" content=\"Looking for a reliable exhibit booth contractor in Seattle? Aplus Expo here is for you. Get your free booth design today!\" \/>\n<meta property=\"og:url\" content=\"https:\/\/www.aplusexpo.com\/es\/exhibit-service-seattle\/\" \/>\n<meta property=\"og:site_name\" content=\"aplusexpo\" \/>\n<meta property=\"article:modified_time\" content=\"2020-03-26T09:16:27+00:00\" \/>\n<meta name=\"twitter:card\" content=\"summary_large_image\" \/>\n<script type=\"application\/ld+json\" class=\"yoast-schema-graph\">{\"@context\":\"https:\/\/schema.org\",\"@graph\":[{\"@type\":\"WebPage\",\"@id\":\"https:\/\/www.aplusexpo.com\/es\/exhibit-service-seattle\/\",\"url\":\"https:\/\/www.aplusexpo.com\/es\/exhibit-service-seattle\/\",\"name\":\"Custom Exhibit Services & Booth Rental in Seattle\",\"isPartOf\":{\"@id\":\"https:\/\/www.aplusexpo.com\/es\/#website\"},\"datePublished\":\"2020-03-26T09:16:26+00:00\",\"dateModified\":\"2020-03-26T09:16:27+00:00\",\"description\":\"Looking for a reliable exhibit booth contractor in Seattle? Aplus Expo here is for you. Get your free booth design today!\",\"breadcrumb\":{\"@id\":\"https:\/\/www.aplusexpo.com\/es\/exhibit-service-seattle\/#breadcrumb\"},\"inLanguage\":\"es\",\"potentialAction\":[{\"@type\":\"ReadAction\",\"target\":[\"https:\/\/www.aplusexpo.com\/es\/exhibit-service-seattle\/\"]}]},{\"@type\":\"BreadcrumbList\",\"@id\":\"https:\/\/www.aplusexpo.com\/es\/exhibit-service-seattle\/#breadcrumb\",\"itemListElement\":[{\"@type\":\"ListItem\",\"position\":1,\"name\":\"Home\",\"item\":\"https:\/\/www.aplusexpo.com\/\"},{\"@type\":\"ListItem\",\"position\":2,\"name\":\"Trade Shows In Seattle\"}]},{\"@type\":\"WebSite\",\"@id\":\"https:\/\/www.aplusexpo.com\/es\/#website\",\"url\":\"https:\/\/www.aplusexpo.com\/es\/\",\"name\":\"aplusexpo\",\"description\":\"\",\"potentialAction\":[{\"@type\":\"SearchAction\",\"target\":{\"@type\":\"EntryPoint\",\"urlTemplate\":\"https:\/\/www.aplusexpo.com\/es\/?s={search_term_string}\"},\"query-input\":\"required name=search_term_string\"}],\"inLanguage\":\"es\"}]}<\/script>\n<!-- \/ Yoast SEO Premium plugin. -->","yoast_head_json":{"title":"Custom Exhibit Services & Booth Rental in Seattle","description":"Looking for a reliable exhibit booth contractor in Seattle? Aplus Expo here is for you. Get your free booth design today!","robots":{"index":"index","follow":"follow","max-snippet":"max-snippet:-1","max-image-preview":"max-image-preview:large","max-video-preview":"max-video-preview:-1"},"canonical":"https:\/\/www.aplusexpo.com\/es\/exhibit-service-seattle\/","og_locale":"es_ES","og_type":"article","og_title":"Trade Shows In Seattle","og_description":"Looking for a reliable exhibit booth contractor in Seattle? Aplus Expo here is for you. Get your free booth design today!","og_url":"https:\/\/www.aplusexpo.com\/es\/exhibit-service-seattle\/","og_site_name":"aplusexpo","article_modified_time":"2020-03-26T09:16:27+00:00","twitter_card":"summary_large_image","schema":{"@context":"https:\/\/schema.org","@graph":[{"@type":"WebPage","@id":"https:\/\/www.aplusexpo.com\/es\/exhibit-service-seattle\/","url":"https:\/\/www.aplusexpo.com\/es\/exhibit-service-seattle\/","name":"Custom Exhibit Services & Booth Rental in Seattle","isPartOf":{"@id":"https:\/\/www.aplusexpo.com\/es\/#website"},"datePublished":"2020-03-26T09:16:26+00:00","dateModified":"2020-03-26T09:16:27+00:00","description":"Looking for a reliable exhibit booth contractor in Seattle? Aplus Expo here is for you. Get your free booth design today!","breadcrumb":{"@id":"https:\/\/www.aplusexpo.com\/es\/exhibit-service-seattle\/#breadcrumb"},"inLanguage":"es","potentialAction":[{"@type":"ReadAction","target":["https:\/\/www.aplusexpo.com\/es\/exhibit-service-seattle\/"]}]},{"@type":"BreadcrumbList","@id":"https:\/\/www.aplusexpo.com\/es\/exhibit-service-seattle\/#breadcrumb","itemListElement":[{"@type":"ListItem","position":1,"name":"Home","item":"https:\/\/www.aplusexpo.com\/"},{"@type":"ListItem","position":2,"name":"Trade Shows In Seattle"}]},{"@type":"WebSite","@id":"https:\/\/www.aplusexpo.com\/es\/#website","url":"https:\/\/www.aplusexpo.com\/es\/","name":"aplusexpo","description":"","potentialAction":[{"@type":"SearchAction","target":{"@type":"EntryPoint","urlTemplate":"https:\/\/www.aplusexpo.com\/es\/?s={search_term_string}"},"query-input":"required name=search_term_string"}],"inLanguage":"es"}]}},"_links":{"self":[{"href":"https:\/\/www.aplusexpo.com\/es\/wp-json\/wp\/v2\/pages\/2035","targetHints":{"allow":["GET"]}}],"collection":[{"href":"https:\/\/www.aplusexpo.com\/es\/wp-json\/wp\/v2\/pages"}],"about":[{"href":"https:\/\/www.aplusexpo.com\/es\/wp-json\/wp\/v2\/types\/page"}],"author":[{"embeddable":true,"href":"https:\/\/www.aplusexpo.com\/es\/wp-json\/wp\/v2\/users\/2"}],"replies":[{"embeddable":true,"href":"https:\/\/www.aplusexpo.com\/es\/wp-json\/wp\/v2\/comments?post=2035"}],"version-history":[{"count":2,"href":"https:\/\/www.aplusexpo.com\/es\/wp-json\/wp\/v2\/pages\/2035\/revisions"}],"predecessor-version":[{"id":2037,"href":"https:\/\/www.aplusexpo.com\/es\/wp-json\/wp\/v2\/pages\/2035\/revisions\/2037"}],"wp:attachment":[{"href":"https:\/\/www.aplusexpo.com\/es\/wp-json\/wp\/v2\/media?parent=2035"}],"wp:term":[{"taxonomy":"upcoming_trade_shows","embeddable":true,"href":"https:\/\/www.aplusexpo.com\/es\/wp-json\/wp\/v2\/upcoming_trade_shows?post=2035"}],"curies":[{"name":"wp","href":"https:\/\/api.w.org\/{rel}","templated":true}]}}