{"id":2032,"date":"2020-03-26T09:07:42","date_gmt":"2020-03-26T09:07:42","guid":{"rendered":"https:\/\/www.aplusexpo.com\/?page_id=2032"},"modified":"2020-03-26T09:07:43","modified_gmt":"2020-03-26T09:07:43","slug":"exhibit-service-bay-area","status":"publish","type":"page","link":"https:\/\/www.aplusexpo.com\/es\/exhibit-service-bay-area\/","title":{"rendered":"Expositores para ferias comerciales \u00c1rea de la Bah\u00eda"},"content":{"rendered":"<p>\u00bfVa a participar en alguna de las principales ferias comerciales de la zona de la bah\u00eda? Si es as\u00ed, deje que Aplus Expo se encargue de sus necesidades de exposici\u00f3n para que su experiencia en la feria sea un \u00e9xito. Podemos encargarnos de todos los aspectos de su exposici\u00f3n comercial, desde la ideaci\u00f3n y la construcci\u00f3n hasta el transporte, el almacenamiento y la instalaci\u00f3n. Con Aplus, su exposici\u00f3n en el \u00c1rea de la Bah\u00eda ser\u00e1 una experiencia para recordar.<\/p>","protected":false},"excerpt":{"rendered":"<p>\u00bfVa a participar en alguna de las ferias comerciales m\u00e1s importantes del \u00c1rea de la Bah\u00eda? Si es as\u00ed, deje que Aplus Expo se ocupe de sus necesidades de exposici\u00f3n para<span class=\"excerpt-hellip\"> [...]<\/span><\/p>","protected":false},"author":2,"featured_media":0,"parent":0,"menu_order":0,"comment_status":"closed","ping_status":"closed","template":"templates\/product-page.php","meta":{"footnotes":""},"upcoming_trade_shows":[],"class_list":["post-2032","page","type-page","status-publish","hentry"],"yoast_head":"<!-- This site is optimized with the Yoast SEO Premium plugin v20.5 (Yoast SEO v20.11) - https:\/\/yoast.com\/wordpress\/plugins\/seo\/ -->\n<title>Custom Exhibit Services &amp; Booth Rental in Bay Area<\/title>\n<meta name=\"description\" content=\"Looking for a reliable exhibit booth contractor in Bay Area? Aplus Expo here is for you. Get your free booth design today!\" \/>\n<meta name=\"robots\" content=\"index, follow, max-snippet:-1, max-image-preview:large, max-video-preview:-1\" \/>\n<link rel=\"canonical\" href=\"https:\/\/www.aplusexpo.com\/es\/exhibit-service-bay-area\/\" \/>\n<meta property=\"og:locale\" content=\"es_ES\" \/>\n<meta property=\"og:type\" content=\"article\" \/>\n<meta property=\"og:title\" content=\"Trade Show Displays Bay Area\" \/>\n<meta property=\"og:description\" content=\"Looking for a reliable exhibit booth contractor in Bay Area? Aplus Expo here is for you. Get your free booth design today!\" \/>\n<meta property=\"og:url\" content=\"https:\/\/www.aplusexpo.com\/es\/exhibit-service-bay-area\/\" \/>\n<meta property=\"og:site_name\" content=\"aplusexpo\" \/>\n<meta property=\"article:modified_time\" content=\"2020-03-26T09:07:43+00:00\" \/>\n<meta name=\"twitter:card\" content=\"summary_large_image\" \/>\n<script type=\"application\/ld+json\" class=\"yoast-schema-graph\">{\"@context\":\"https:\/\/schema.org\",\"@graph\":[{\"@type\":\"WebPage\",\"@id\":\"https:\/\/www.aplusexpo.com\/es\/exhibit-service-bay-area\/\",\"url\":\"https:\/\/www.aplusexpo.com\/es\/exhibit-service-bay-area\/\",\"name\":\"Custom Exhibit Services & Booth Rental in Bay Area\",\"isPartOf\":{\"@id\":\"https:\/\/www.aplusexpo.com\/es\/#website\"},\"datePublished\":\"2020-03-26T09:07:42+00:00\",\"dateModified\":\"2020-03-26T09:07:43+00:00\",\"description\":\"Looking for a reliable exhibit booth contractor in Bay Area? Aplus Expo here is for you. Get your free booth design today!\",\"breadcrumb\":{\"@id\":\"https:\/\/www.aplusexpo.com\/es\/exhibit-service-bay-area\/#breadcrumb\"},\"inLanguage\":\"es\",\"potentialAction\":[{\"@type\":\"ReadAction\",\"target\":[\"https:\/\/www.aplusexpo.com\/es\/exhibit-service-bay-area\/\"]}]},{\"@type\":\"BreadcrumbList\",\"@id\":\"https:\/\/www.aplusexpo.com\/es\/exhibit-service-bay-area\/#breadcrumb\",\"itemListElement\":[{\"@type\":\"ListItem\",\"position\":1,\"name\":\"Home\",\"item\":\"https:\/\/www.aplusexpo.com\/\"},{\"@type\":\"ListItem\",\"position\":2,\"name\":\"Trade Show Displays Bay Area\"}]},{\"@type\":\"WebSite\",\"@id\":\"https:\/\/www.aplusexpo.com\/es\/#website\",\"url\":\"https:\/\/www.aplusexpo.com\/es\/\",\"name\":\"aplusexpo\",\"description\":\"\",\"potentialAction\":[{\"@type\":\"SearchAction\",\"target\":{\"@type\":\"EntryPoint\",\"urlTemplate\":\"https:\/\/www.aplusexpo.com\/es\/?s={search_term_string}\"},\"query-input\":\"required name=search_term_string\"}],\"inLanguage\":\"es\"}]}<\/script>\n<!-- \/ Yoast SEO Premium plugin. -->","yoast_head_json":{"title":"Custom Exhibit Services & Booth Rental in Bay Area","description":"Looking for a reliable exhibit booth contractor in Bay Area? Aplus Expo here is for you. Get your free booth design today!","robots":{"index":"index","follow":"follow","max-snippet":"max-snippet:-1","max-image-preview":"max-image-preview:large","max-video-preview":"max-video-preview:-1"},"canonical":"https:\/\/www.aplusexpo.com\/es\/exhibit-service-bay-area\/","og_locale":"es_ES","og_type":"article","og_title":"Trade Show Displays Bay Area","og_description":"Looking for a reliable exhibit booth contractor in Bay Area? Aplus Expo here is for you. Get your free booth design today!","og_url":"https:\/\/www.aplusexpo.com\/es\/exhibit-service-bay-area\/","og_site_name":"aplusexpo","article_modified_time":"2020-03-26T09:07:43+00:00","twitter_card":"summary_large_image","schema":{"@context":"https:\/\/schema.org","@graph":[{"@type":"WebPage","@id":"https:\/\/www.aplusexpo.com\/es\/exhibit-service-bay-area\/","url":"https:\/\/www.aplusexpo.com\/es\/exhibit-service-bay-area\/","name":"Custom Exhibit Services & Booth Rental in Bay Area","isPartOf":{"@id":"https:\/\/www.aplusexpo.com\/es\/#website"},"datePublished":"2020-03-26T09:07:42+00:00","dateModified":"2020-03-26T09:07:43+00:00","description":"Looking for a reliable exhibit booth contractor in Bay Area? Aplus Expo here is for you. Get your free booth design today!","breadcrumb":{"@id":"https:\/\/www.aplusexpo.com\/es\/exhibit-service-bay-area\/#breadcrumb"},"inLanguage":"es","potentialAction":[{"@type":"ReadAction","target":["https:\/\/www.aplusexpo.com\/es\/exhibit-service-bay-area\/"]}]},{"@type":"BreadcrumbList","@id":"https:\/\/www.aplusexpo.com\/es\/exhibit-service-bay-area\/#breadcrumb","itemListElement":[{"@type":"ListItem","position":1,"name":"Home","item":"https:\/\/www.aplusexpo.com\/"},{"@type":"ListItem","position":2,"name":"Trade Show Displays Bay Area"}]},{"@type":"WebSite","@id":"https:\/\/www.aplusexpo.com\/es\/#website","url":"https:\/\/www.aplusexpo.com\/es\/","name":"aplusexpo","description":"","potentialAction":[{"@type":"SearchAction","target":{"@type":"EntryPoint","urlTemplate":"https:\/\/www.aplusexpo.com\/es\/?s={search_term_string}"},"query-input":"required name=search_term_string"}],"inLanguage":"es"}]}},"_links":{"self":[{"href":"https:\/\/www.aplusexpo.com\/es\/wp-json\/wp\/v2\/pages\/2032","targetHints":{"allow":["GET"]}}],"collection":[{"href":"https:\/\/www.aplusexpo.com\/es\/wp-json\/wp\/v2\/pages"}],"about":[{"href":"https:\/\/www.aplusexpo.com\/es\/wp-json\/wp\/v2\/types\/page"}],"author":[{"embeddable":true,"href":"https:\/\/www.aplusexpo.com\/es\/wp-json\/wp\/v2\/users\/2"}],"replies":[{"embeddable":true,"href":"https:\/\/www.aplusexpo.com\/es\/wp-json\/wp\/v2\/comments?post=2032"}],"version-history":[{"count":2,"href":"https:\/\/www.aplusexpo.com\/es\/wp-json\/wp\/v2\/pages\/2032\/revisions"}],"predecessor-version":[{"id":2034,"href":"https:\/\/www.aplusexpo.com\/es\/wp-json\/wp\/v2\/pages\/2032\/revisions\/2034"}],"wp:attachment":[{"href":"https:\/\/www.aplusexpo.com\/es\/wp-json\/wp\/v2\/media?parent=2032"}],"wp:term":[{"taxonomy":"upcoming_trade_shows","embeddable":true,"href":"https:\/\/www.aplusexpo.com\/es\/wp-json\/wp\/v2\/upcoming_trade_shows?post=2032"}],"curies":[{"name":"wp","href":"https:\/\/api.w.org\/{rel}","templated":true}]}}