{"id":2029,"date":"2020-03-26T08:56:05","date_gmt":"2020-03-26T08:56:05","guid":{"rendered":"https:\/\/www.aplusexpo.com\/?page_id=2029"},"modified":"2020-03-27T03:10:44","modified_gmt":"2020-03-27T03:10:44","slug":"exhibit-service-tampa","status":"publish","type":"page","link":"https:\/\/www.aplusexpo.com\/es\/exhibit-service-tampa\/","title":{"rendered":"Expositores para ferias Tampa"},"content":{"rendered":"<p>\u00bfQuiere formar parte de las mejores ferias y convenciones de Tampa? Deje que Aplus Expo se encargue del marketing del evento por usted. Nos encargamos del dise\u00f1o y fabricaci\u00f3n de stands personalizados, as\u00ed como los servicios de instalaci\u00f3n y entrega. Tambi\u00e9n ofrecemos dise\u00f1o libre y estimaci\u00f3n de costos para que pueda tomar una decisi\u00f3n educada.<\/p>","protected":false},"excerpt":{"rendered":"<p>\u00bfQuiere formar parte de las mejores ferias y convenciones de Tampa? Deje que Aplus Expo se encargue del marketing de su evento. Nos encargamos del dise\u00f1o y<span class=\"excerpt-hellip\"> [...]<\/span><\/p>","protected":false},"author":2,"featured_media":0,"parent":0,"menu_order":0,"comment_status":"closed","ping_status":"closed","template":"templates\/product-page.php","meta":{"footnotes":""},"upcoming_trade_shows":[],"class_list":["post-2029","page","type-page","status-publish","hentry"],"yoast_head":"<!-- This site is optimized with the Yoast SEO Premium plugin v20.5 (Yoast SEO v20.11) - https:\/\/yoast.com\/wordpress\/plugins\/seo\/ -->\n<title>Custom Exhibit Services &amp; Booth Rental in Tampa<\/title>\n<meta name=\"description\" content=\"Looking for a reliable exhibit booth contractor in Tampa? Aplus Expo here is ideal for you. Get your free booth design today!\" \/>\n<meta name=\"robots\" content=\"index, follow, max-snippet:-1, max-image-preview:large, max-video-preview:-1\" \/>\n<link rel=\"canonical\" href=\"https:\/\/www.aplusexpo.com\/es\/exhibit-service-tampa\/\" \/>\n<meta property=\"og:locale\" content=\"es_ES\" \/>\n<meta property=\"og:type\" content=\"article\" \/>\n<meta property=\"og:title\" content=\"Trade Show Displays Tampa\" \/>\n<meta property=\"og:description\" content=\"Looking for a reliable exhibit booth contractor in Tampa? Aplus Expo here is ideal for you. Get your free booth design today!\" \/>\n<meta property=\"og:url\" content=\"https:\/\/www.aplusexpo.com\/es\/exhibit-service-tampa\/\" \/>\n<meta property=\"og:site_name\" content=\"aplusexpo\" \/>\n<meta property=\"article:modified_time\" content=\"2020-03-27T03:10:44+00:00\" \/>\n<meta name=\"twitter:card\" content=\"summary_large_image\" \/>\n<script type=\"application\/ld+json\" class=\"yoast-schema-graph\">{\"@context\":\"https:\/\/schema.org\",\"@graph\":[{\"@type\":\"WebPage\",\"@id\":\"https:\/\/www.aplusexpo.com\/es\/exhibit-service-tampa\/\",\"url\":\"https:\/\/www.aplusexpo.com\/es\/exhibit-service-tampa\/\",\"name\":\"Custom Exhibit Services & Booth Rental in Tampa\",\"isPartOf\":{\"@id\":\"https:\/\/www.aplusexpo.com\/es\/#website\"},\"datePublished\":\"2020-03-26T08:56:05+00:00\",\"dateModified\":\"2020-03-27T03:10:44+00:00\",\"description\":\"Looking for a reliable exhibit booth contractor in Tampa? Aplus Expo here is ideal for you. Get your free booth design today!\",\"breadcrumb\":{\"@id\":\"https:\/\/www.aplusexpo.com\/es\/exhibit-service-tampa\/#breadcrumb\"},\"inLanguage\":\"es\",\"potentialAction\":[{\"@type\":\"ReadAction\",\"target\":[\"https:\/\/www.aplusexpo.com\/es\/exhibit-service-tampa\/\"]}]},{\"@type\":\"BreadcrumbList\",\"@id\":\"https:\/\/www.aplusexpo.com\/es\/exhibit-service-tampa\/#breadcrumb\",\"itemListElement\":[{\"@type\":\"ListItem\",\"position\":1,\"name\":\"Home\",\"item\":\"https:\/\/www.aplusexpo.com\/\"},{\"@type\":\"ListItem\",\"position\":2,\"name\":\"Trade Show Displays Tampa\"}]},{\"@type\":\"WebSite\",\"@id\":\"https:\/\/www.aplusexpo.com\/es\/#website\",\"url\":\"https:\/\/www.aplusexpo.com\/es\/\",\"name\":\"aplusexpo\",\"description\":\"\",\"potentialAction\":[{\"@type\":\"SearchAction\",\"target\":{\"@type\":\"EntryPoint\",\"urlTemplate\":\"https:\/\/www.aplusexpo.com\/es\/?s={search_term_string}\"},\"query-input\":\"required name=search_term_string\"}],\"inLanguage\":\"es\"}]}<\/script>\n<!-- \/ Yoast SEO Premium plugin. -->","yoast_head_json":{"title":"Custom Exhibit Services & Booth Rental in Tampa","description":"Looking for a reliable exhibit booth contractor in Tampa? Aplus Expo here is ideal for you. Get your free booth design today!","robots":{"index":"index","follow":"follow","max-snippet":"max-snippet:-1","max-image-preview":"max-image-preview:large","max-video-preview":"max-video-preview:-1"},"canonical":"https:\/\/www.aplusexpo.com\/es\/exhibit-service-tampa\/","og_locale":"es_ES","og_type":"article","og_title":"Trade Show Displays Tampa","og_description":"Looking for a reliable exhibit booth contractor in Tampa? Aplus Expo here is ideal for you. Get your free booth design today!","og_url":"https:\/\/www.aplusexpo.com\/es\/exhibit-service-tampa\/","og_site_name":"aplusexpo","article_modified_time":"2020-03-27T03:10:44+00:00","twitter_card":"summary_large_image","schema":{"@context":"https:\/\/schema.org","@graph":[{"@type":"WebPage","@id":"https:\/\/www.aplusexpo.com\/es\/exhibit-service-tampa\/","url":"https:\/\/www.aplusexpo.com\/es\/exhibit-service-tampa\/","name":"Custom Exhibit Services & Booth Rental in Tampa","isPartOf":{"@id":"https:\/\/www.aplusexpo.com\/es\/#website"},"datePublished":"2020-03-26T08:56:05+00:00","dateModified":"2020-03-27T03:10:44+00:00","description":"Looking for a reliable exhibit booth contractor in Tampa? Aplus Expo here is ideal for you. Get your free booth design today!","breadcrumb":{"@id":"https:\/\/www.aplusexpo.com\/es\/exhibit-service-tampa\/#breadcrumb"},"inLanguage":"es","potentialAction":[{"@type":"ReadAction","target":["https:\/\/www.aplusexpo.com\/es\/exhibit-service-tampa\/"]}]},{"@type":"BreadcrumbList","@id":"https:\/\/www.aplusexpo.com\/es\/exhibit-service-tampa\/#breadcrumb","itemListElement":[{"@type":"ListItem","position":1,"name":"Home","item":"https:\/\/www.aplusexpo.com\/"},{"@type":"ListItem","position":2,"name":"Trade Show Displays Tampa"}]},{"@type":"WebSite","@id":"https:\/\/www.aplusexpo.com\/es\/#website","url":"https:\/\/www.aplusexpo.com\/es\/","name":"aplusexpo","description":"","potentialAction":[{"@type":"SearchAction","target":{"@type":"EntryPoint","urlTemplate":"https:\/\/www.aplusexpo.com\/es\/?s={search_term_string}"},"query-input":"required name=search_term_string"}],"inLanguage":"es"}]}},"_links":{"self":[{"href":"https:\/\/www.aplusexpo.com\/es\/wp-json\/wp\/v2\/pages\/2029","targetHints":{"allow":["GET"]}}],"collection":[{"href":"https:\/\/www.aplusexpo.com\/es\/wp-json\/wp\/v2\/pages"}],"about":[{"href":"https:\/\/www.aplusexpo.com\/es\/wp-json\/wp\/v2\/types\/page"}],"author":[{"embeddable":true,"href":"https:\/\/www.aplusexpo.com\/es\/wp-json\/wp\/v2\/users\/2"}],"replies":[{"embeddable":true,"href":"https:\/\/www.aplusexpo.com\/es\/wp-json\/wp\/v2\/comments?post=2029"}],"version-history":[{"count":2,"href":"https:\/\/www.aplusexpo.com\/es\/wp-json\/wp\/v2\/pages\/2029\/revisions"}],"predecessor-version":[{"id":2031,"href":"https:\/\/www.aplusexpo.com\/es\/wp-json\/wp\/v2\/pages\/2029\/revisions\/2031"}],"wp:attachment":[{"href":"https:\/\/www.aplusexpo.com\/es\/wp-json\/wp\/v2\/media?parent=2029"}],"wp:term":[{"taxonomy":"upcoming_trade_shows","embeddable":true,"href":"https:\/\/www.aplusexpo.com\/es\/wp-json\/wp\/v2\/upcoming_trade_shows?post=2029"}],"curies":[{"name":"wp","href":"https:\/\/api.w.org\/{rel}","templated":true}]}}