{"id":1993,"date":"2020-03-26T07:18:18","date_gmt":"2020-03-26T07:18:18","guid":{"rendered":"https:\/\/www.aplusexpo.com\/?page_id=1993"},"modified":"2021-10-18T10:32:32","modified_gmt":"2021-10-18T10:32:32","slug":"exhibit-service-miami","status":"publish","type":"page","link":"https:\/\/www.aplusexpo.com\/es\/exhibit-service-miami\/","title":{"rendered":"Expositores para ferias Miami"},"content":{"rendered":"<p>En las ferias comerciales de Miami se trata de causar una buena impresi\u00f3n. Si desea dejar su marca en cualquier exposici\u00f3n en Miami, entonces deje que Aplus Expo le ayude. Dise\u00f1aremos exhibidores personalizados y productos de se\u00f1alizaci\u00f3n para resaltar su marca. Pero eso no es todo, tambi\u00e9n nos encargaremos de todas sus necesidades de log\u00edstica, fabricaci\u00f3n y almacenamiento para que pueda centrarse en conocer a las personas adecuadas.<\/p>","protected":false},"excerpt":{"rendered":"<p>En las ferias comerciales de Miami se trata de causar una buena impresi\u00f3n. Si desea dejar su marca en cualquier exposici\u00f3n en Miami, entonces deje que Aplus<span class=\"excerpt-hellip\"> [...]<\/span><\/p>","protected":false},"author":2,"featured_media":0,"parent":0,"menu_order":0,"comment_status":"closed","ping_status":"closed","template":"templates\/product-page.php","meta":{"footnotes":""},"upcoming_trade_shows":[],"class_list":["post-1993","page","type-page","status-publish","hentry"],"yoast_head":"<!-- This site is optimized with the Yoast SEO Premium plugin v20.5 (Yoast SEO v20.11) - https:\/\/yoast.com\/wordpress\/plugins\/seo\/ -->\n<title>Custom Exhibit Services &amp; Booth Rental in Miami - Aplus Expo<\/title>\n<meta name=\"description\" content=\"Looking for a reliable exhibit booth contractor in Miami? Aplus Expo here is ideal for you. Get your free booth design today!\" \/>\n<meta name=\"robots\" content=\"index, follow, max-snippet:-1, max-image-preview:large, max-video-preview:-1\" \/>\n<link rel=\"canonical\" href=\"https:\/\/www.aplusexpo.com\/es\/exhibit-service-miami\/\" \/>\n<meta property=\"og:locale\" content=\"es_ES\" \/>\n<meta property=\"og:type\" content=\"article\" \/>\n<meta property=\"og:title\" content=\"Trade Show Displays Miami\" \/>\n<meta property=\"og:description\" content=\"Looking for a reliable exhibit booth contractor in Miami? Aplus Expo here is ideal for you. Get your free booth design today!\" \/>\n<meta property=\"og:url\" content=\"https:\/\/www.aplusexpo.com\/es\/exhibit-service-miami\/\" \/>\n<meta property=\"og:site_name\" content=\"aplusexpo\" \/>\n<meta property=\"article:modified_time\" content=\"2021-10-18T10:32:32+00:00\" \/>\n<meta name=\"twitter:card\" content=\"summary_large_image\" \/>\n<meta name=\"twitter:label1\" content=\"Tiempo de lectura\" \/>\n\t<meta name=\"twitter:data1\" content=\"1 minuto\" \/>\n<script type=\"application\/ld+json\" class=\"yoast-schema-graph\">{\"@context\":\"https:\/\/schema.org\",\"@graph\":[{\"@type\":\"WebPage\",\"@id\":\"https:\/\/www.aplusexpo.com\/es\/exhibit-service-miami\/\",\"url\":\"https:\/\/www.aplusexpo.com\/es\/exhibit-service-miami\/\",\"name\":\"Custom Exhibit Services & Booth Rental in Miami - Aplus Expo\",\"isPartOf\":{\"@id\":\"https:\/\/www.aplusexpo.com\/es\/#website\"},\"datePublished\":\"2020-03-26T07:18:18+00:00\",\"dateModified\":\"2021-10-18T10:32:32+00:00\",\"description\":\"Looking for a reliable exhibit booth contractor in Miami? Aplus Expo here is ideal for you. Get your free booth design today!\",\"breadcrumb\":{\"@id\":\"https:\/\/www.aplusexpo.com\/es\/exhibit-service-miami\/#breadcrumb\"},\"inLanguage\":\"es\",\"potentialAction\":[{\"@type\":\"ReadAction\",\"target\":[\"https:\/\/www.aplusexpo.com\/es\/exhibit-service-miami\/\"]}]},{\"@type\":\"BreadcrumbList\",\"@id\":\"https:\/\/www.aplusexpo.com\/es\/exhibit-service-miami\/#breadcrumb\",\"itemListElement\":[{\"@type\":\"ListItem\",\"position\":1,\"name\":\"Home\",\"item\":\"https:\/\/www.aplusexpo.com\/\"},{\"@type\":\"ListItem\",\"position\":2,\"name\":\"Trade Show Displays Miami\"}]},{\"@type\":\"WebSite\",\"@id\":\"https:\/\/www.aplusexpo.com\/es\/#website\",\"url\":\"https:\/\/www.aplusexpo.com\/es\/\",\"name\":\"aplusexpo\",\"description\":\"\",\"potentialAction\":[{\"@type\":\"SearchAction\",\"target\":{\"@type\":\"EntryPoint\",\"urlTemplate\":\"https:\/\/www.aplusexpo.com\/es\/?s={search_term_string}\"},\"query-input\":\"required name=search_term_string\"}],\"inLanguage\":\"es\"}]}<\/script>\n<!-- \/ Yoast SEO Premium plugin. -->","yoast_head_json":{"title":"Custom Exhibit Services & Booth Rental in Miami - Aplus Expo","description":"Looking for a reliable exhibit booth contractor in Miami? Aplus Expo here is ideal for you. Get your free booth design today!","robots":{"index":"index","follow":"follow","max-snippet":"max-snippet:-1","max-image-preview":"max-image-preview:large","max-video-preview":"max-video-preview:-1"},"canonical":"https:\/\/www.aplusexpo.com\/es\/exhibit-service-miami\/","og_locale":"es_ES","og_type":"article","og_title":"Trade Show Displays Miami","og_description":"Looking for a reliable exhibit booth contractor in Miami? Aplus Expo here is ideal for you. Get your free booth design today!","og_url":"https:\/\/www.aplusexpo.com\/es\/exhibit-service-miami\/","og_site_name":"aplusexpo","article_modified_time":"2021-10-18T10:32:32+00:00","twitter_card":"summary_large_image","twitter_misc":{"Tiempo de lectura":"1 minuto"},"schema":{"@context":"https:\/\/schema.org","@graph":[{"@type":"WebPage","@id":"https:\/\/www.aplusexpo.com\/es\/exhibit-service-miami\/","url":"https:\/\/www.aplusexpo.com\/es\/exhibit-service-miami\/","name":"Custom Exhibit Services & Booth Rental in Miami - Aplus Expo","isPartOf":{"@id":"https:\/\/www.aplusexpo.com\/es\/#website"},"datePublished":"2020-03-26T07:18:18+00:00","dateModified":"2021-10-18T10:32:32+00:00","description":"Looking for a reliable exhibit booth contractor in Miami? Aplus Expo here is ideal for you. Get your free booth design today!","breadcrumb":{"@id":"https:\/\/www.aplusexpo.com\/es\/exhibit-service-miami\/#breadcrumb"},"inLanguage":"es","potentialAction":[{"@type":"ReadAction","target":["https:\/\/www.aplusexpo.com\/es\/exhibit-service-miami\/"]}]},{"@type":"BreadcrumbList","@id":"https:\/\/www.aplusexpo.com\/es\/exhibit-service-miami\/#breadcrumb","itemListElement":[{"@type":"ListItem","position":1,"name":"Home","item":"https:\/\/www.aplusexpo.com\/"},{"@type":"ListItem","position":2,"name":"Trade Show Displays Miami"}]},{"@type":"WebSite","@id":"https:\/\/www.aplusexpo.com\/es\/#website","url":"https:\/\/www.aplusexpo.com\/es\/","name":"aplusexpo","description":"","potentialAction":[{"@type":"SearchAction","target":{"@type":"EntryPoint","urlTemplate":"https:\/\/www.aplusexpo.com\/es\/?s={search_term_string}"},"query-input":"required name=search_term_string"}],"inLanguage":"es"}]}},"_links":{"self":[{"href":"https:\/\/www.aplusexpo.com\/es\/wp-json\/wp\/v2\/pages\/1993","targetHints":{"allow":["GET"]}}],"collection":[{"href":"https:\/\/www.aplusexpo.com\/es\/wp-json\/wp\/v2\/pages"}],"about":[{"href":"https:\/\/www.aplusexpo.com\/es\/wp-json\/wp\/v2\/types\/page"}],"author":[{"embeddable":true,"href":"https:\/\/www.aplusexpo.com\/es\/wp-json\/wp\/v2\/users\/2"}],"replies":[{"embeddable":true,"href":"https:\/\/www.aplusexpo.com\/es\/wp-json\/wp\/v2\/comments?post=1993"}],"version-history":[{"count":4,"href":"https:\/\/www.aplusexpo.com\/es\/wp-json\/wp\/v2\/pages\/1993\/revisions"}],"predecessor-version":[{"id":8103,"href":"https:\/\/www.aplusexpo.com\/es\/wp-json\/wp\/v2\/pages\/1993\/revisions\/8103"}],"wp:attachment":[{"href":"https:\/\/www.aplusexpo.com\/es\/wp-json\/wp\/v2\/media?parent=1993"}],"wp:term":[{"taxonomy":"upcoming_trade_shows","embeddable":true,"href":"https:\/\/www.aplusexpo.com\/es\/wp-json\/wp\/v2\/upcoming_trade_shows?post=1993"}],"curies":[{"name":"wp","href":"https:\/\/api.w.org\/{rel}","templated":true}]}}