{"id":1984,"date":"2020-03-26T06:53:35","date_gmt":"2020-03-26T06:53:35","guid":{"rendered":"https:\/\/www.aplusexpo.com\/?page_id=1984"},"modified":"2020-03-26T06:53:36","modified_gmt":"2020-03-26T06:53:36","slug":"exhibit-service-san-antonio","status":"publish","type":"page","link":"https:\/\/www.aplusexpo.com\/es\/exhibit-service-san-antonio\/","title":{"rendered":"Exposiciones comerciales San Antonio"},"content":{"rendered":"<p>San Antonio es famosa no s\u00f3lo como destino recreativo, sino tambi\u00e9n como ciudad anfitriona de exposiciones y ferias comerciales. Si desea formar parte de eventos importantes como el Home &amp; Garden Show, deje que Aplus Expo le ayude. Tanto si necesita stands personalizados como de alquiler, accesorios para stands o incluso asistencia para la instalaci\u00f3n y el almacenamiento, Aplus Expo es su \u00fanica opci\u00f3n. Podemos garantizar que nuestros servicios de exposici\u00f3n son ideales para cualquier evento, no s\u00f3lo en San Antonio, pero en cualquier otro lugar en los EE.UU. tambi\u00e9n.<\/p>","protected":false},"excerpt":{"rendered":"<p>San Antonio es famosa no s\u00f3lo como destino recreativo, sino tambi\u00e9n como ciudad anfitriona de exposiciones y ferias comerciales. Si desea<span class=\"excerpt-hellip\"> [...]<\/span><\/p>","protected":false},"author":2,"featured_media":0,"parent":0,"menu_order":0,"comment_status":"closed","ping_status":"closed","template":"templates\/product-page.php","meta":{"footnotes":""},"upcoming_trade_shows":[],"class_list":["post-1984","page","type-page","status-publish","hentry"],"yoast_head":"<!-- This site is optimized with the Yoast SEO Premium plugin v20.5 (Yoast SEO v20.11) - https:\/\/yoast.com\/wordpress\/plugins\/seo\/ -->\n<title>Custom Exhibit Services &amp; Booth Rental in San Antonio<\/title>\n<meta name=\"description\" content=\"Looking for a reliable exhibit booth contractor in San Antonio? Aplus Expo here is for you. Get your free booth design today!\" \/>\n<meta name=\"robots\" content=\"index, follow, max-snippet:-1, max-image-preview:large, max-video-preview:-1\" \/>\n<link rel=\"canonical\" href=\"https:\/\/www.aplusexpo.com\/es\/exhibit-service-san-antonio\/\" \/>\n<meta property=\"og:locale\" content=\"es_ES\" \/>\n<meta property=\"og:type\" content=\"article\" \/>\n<meta property=\"og:title\" content=\"Trade Show Displays San Antonio\" \/>\n<meta property=\"og:description\" content=\"Looking for a reliable exhibit booth contractor in San Antonio? Aplus Expo here is for you. Get your free booth design today!\" \/>\n<meta property=\"og:url\" content=\"https:\/\/www.aplusexpo.com\/es\/exhibit-service-san-antonio\/\" \/>\n<meta property=\"og:site_name\" content=\"aplusexpo\" \/>\n<meta property=\"article:modified_time\" content=\"2020-03-26T06:53:36+00:00\" \/>\n<meta name=\"twitter:card\" content=\"summary_large_image\" \/>\n<script type=\"application\/ld+json\" class=\"yoast-schema-graph\">{\"@context\":\"https:\/\/schema.org\",\"@graph\":[{\"@type\":\"WebPage\",\"@id\":\"https:\/\/www.aplusexpo.com\/es\/exhibit-service-san-antonio\/\",\"url\":\"https:\/\/www.aplusexpo.com\/es\/exhibit-service-san-antonio\/\",\"name\":\"Custom Exhibit Services & Booth Rental in San Antonio\",\"isPartOf\":{\"@id\":\"https:\/\/www.aplusexpo.com\/es\/#website\"},\"datePublished\":\"2020-03-26T06:53:35+00:00\",\"dateModified\":\"2020-03-26T06:53:36+00:00\",\"description\":\"Looking for a reliable exhibit booth contractor in San Antonio? Aplus Expo here is for you. Get your free booth design today!\",\"breadcrumb\":{\"@id\":\"https:\/\/www.aplusexpo.com\/es\/exhibit-service-san-antonio\/#breadcrumb\"},\"inLanguage\":\"es\",\"potentialAction\":[{\"@type\":\"ReadAction\",\"target\":[\"https:\/\/www.aplusexpo.com\/es\/exhibit-service-san-antonio\/\"]}]},{\"@type\":\"BreadcrumbList\",\"@id\":\"https:\/\/www.aplusexpo.com\/es\/exhibit-service-san-antonio\/#breadcrumb\",\"itemListElement\":[{\"@type\":\"ListItem\",\"position\":1,\"name\":\"Home\",\"item\":\"https:\/\/www.aplusexpo.com\/\"},{\"@type\":\"ListItem\",\"position\":2,\"name\":\"Trade Show Displays San Antonio\"}]},{\"@type\":\"WebSite\",\"@id\":\"https:\/\/www.aplusexpo.com\/es\/#website\",\"url\":\"https:\/\/www.aplusexpo.com\/es\/\",\"name\":\"aplusexpo\",\"description\":\"\",\"potentialAction\":[{\"@type\":\"SearchAction\",\"target\":{\"@type\":\"EntryPoint\",\"urlTemplate\":\"https:\/\/www.aplusexpo.com\/es\/?s={search_term_string}\"},\"query-input\":\"required name=search_term_string\"}],\"inLanguage\":\"es\"}]}<\/script>\n<!-- \/ Yoast SEO Premium plugin. -->","yoast_head_json":{"title":"Custom Exhibit Services & Booth Rental in San Antonio","description":"Looking for a reliable exhibit booth contractor in San Antonio? Aplus Expo here is for you. Get your free booth design today!","robots":{"index":"index","follow":"follow","max-snippet":"max-snippet:-1","max-image-preview":"max-image-preview:large","max-video-preview":"max-video-preview:-1"},"canonical":"https:\/\/www.aplusexpo.com\/es\/exhibit-service-san-antonio\/","og_locale":"es_ES","og_type":"article","og_title":"Trade Show Displays San Antonio","og_description":"Looking for a reliable exhibit booth contractor in San Antonio? Aplus Expo here is for you. Get your free booth design today!","og_url":"https:\/\/www.aplusexpo.com\/es\/exhibit-service-san-antonio\/","og_site_name":"aplusexpo","article_modified_time":"2020-03-26T06:53:36+00:00","twitter_card":"summary_large_image","schema":{"@context":"https:\/\/schema.org","@graph":[{"@type":"WebPage","@id":"https:\/\/www.aplusexpo.com\/es\/exhibit-service-san-antonio\/","url":"https:\/\/www.aplusexpo.com\/es\/exhibit-service-san-antonio\/","name":"Custom Exhibit Services & Booth Rental in San Antonio","isPartOf":{"@id":"https:\/\/www.aplusexpo.com\/es\/#website"},"datePublished":"2020-03-26T06:53:35+00:00","dateModified":"2020-03-26T06:53:36+00:00","description":"Looking for a reliable exhibit booth contractor in San Antonio? Aplus Expo here is for you. Get your free booth design today!","breadcrumb":{"@id":"https:\/\/www.aplusexpo.com\/es\/exhibit-service-san-antonio\/#breadcrumb"},"inLanguage":"es","potentialAction":[{"@type":"ReadAction","target":["https:\/\/www.aplusexpo.com\/es\/exhibit-service-san-antonio\/"]}]},{"@type":"BreadcrumbList","@id":"https:\/\/www.aplusexpo.com\/es\/exhibit-service-san-antonio\/#breadcrumb","itemListElement":[{"@type":"ListItem","position":1,"name":"Home","item":"https:\/\/www.aplusexpo.com\/"},{"@type":"ListItem","position":2,"name":"Trade Show Displays San Antonio"}]},{"@type":"WebSite","@id":"https:\/\/www.aplusexpo.com\/es\/#website","url":"https:\/\/www.aplusexpo.com\/es\/","name":"aplusexpo","description":"","potentialAction":[{"@type":"SearchAction","target":{"@type":"EntryPoint","urlTemplate":"https:\/\/www.aplusexpo.com\/es\/?s={search_term_string}"},"query-input":"required name=search_term_string"}],"inLanguage":"es"}]}},"_links":{"self":[{"href":"https:\/\/www.aplusexpo.com\/es\/wp-json\/wp\/v2\/pages\/1984","targetHints":{"allow":["GET"]}}],"collection":[{"href":"https:\/\/www.aplusexpo.com\/es\/wp-json\/wp\/v2\/pages"}],"about":[{"href":"https:\/\/www.aplusexpo.com\/es\/wp-json\/wp\/v2\/types\/page"}],"author":[{"embeddable":true,"href":"https:\/\/www.aplusexpo.com\/es\/wp-json\/wp\/v2\/users\/2"}],"replies":[{"embeddable":true,"href":"https:\/\/www.aplusexpo.com\/es\/wp-json\/wp\/v2\/comments?post=1984"}],"version-history":[{"count":2,"href":"https:\/\/www.aplusexpo.com\/es\/wp-json\/wp\/v2\/pages\/1984\/revisions"}],"predecessor-version":[{"id":1986,"href":"https:\/\/www.aplusexpo.com\/es\/wp-json\/wp\/v2\/pages\/1984\/revisions\/1986"}],"wp:attachment":[{"href":"https:\/\/www.aplusexpo.com\/es\/wp-json\/wp\/v2\/media?parent=1984"}],"wp:term":[{"taxonomy":"upcoming_trade_shows","embeddable":true,"href":"https:\/\/www.aplusexpo.com\/es\/wp-json\/wp\/v2\/upcoming_trade_shows?post=1984"}],"curies":[{"name":"wp","href":"https:\/\/api.w.org\/{rel}","templated":true}]}}