{"id":1929,"date":"2020-03-25T10:17:32","date_gmt":"2020-03-25T10:17:32","guid":{"rendered":"https:\/\/www.aplusexpo.com\/?page_id=1929"},"modified":"2023-03-24T06:15:23","modified_gmt":"2023-03-24T06:15:23","slug":"exhibit-service-san-diego","status":"publish","type":"page","link":"https:\/\/www.aplusexpo.com\/es\/exhibit-service-san-diego\/","title":{"rendered":"Exposiciones comerciales San Diego"},"content":{"rendered":"<p> Las ferias comerciales de San Diego son populares en todo EE.UU. por su magnitud, asistencia y estilo. \u00a1Si usted est\u00e1 buscando para asistir a un evento de la feria en \"La mejor ciudad de Am\u00e9rica\", a continuaci\u00f3n, dejar que Aplus Expo ayudarle! Con Aplus, puede seleccionar entre una variedad de materiales, elementos gr\u00e1ficos y accesorios para crear un stand de feria personalizada \u00fanica que satisfaga todas sus necesidades de marketing de ferias y eventos. <\/p>","protected":false},"excerpt":{"rendered":"<p>Las ferias comerciales de San Diego son populares en todo Estados Unidos por su magnitud, asistencia y estilo. Si desea asistir a una feria comercial en 'The<span class=\"excerpt-hellip\"> [...]<\/span><\/p>","protected":false},"author":2,"featured_media":0,"parent":0,"menu_order":0,"comment_status":"closed","ping_status":"closed","template":"templates\/product-page.php","meta":{"footnotes":""},"upcoming_trade_shows":[],"class_list":["post-1929","page","type-page","status-publish","hentry"],"yoast_head":"<!-- This site is optimized with the Yoast SEO Premium plugin v20.5 (Yoast SEO v20.11) - https:\/\/yoast.com\/wordpress\/plugins\/seo\/ -->\n<title>Trade Show Services &amp; Booth Rental in San Diego - Aplus Expo<\/title>\n<meta name=\"description\" content=\"Looking for trade show services in San Diego? Aplus Expo offers booth rentals, 3D printing, installation &amp; dismantle, transportation &amp; more!\" \/>\n<meta name=\"robots\" content=\"index, follow, max-snippet:-1, max-image-preview:large, max-video-preview:-1\" \/>\n<link rel=\"canonical\" href=\"https:\/\/www.aplusexpo.com\/es\/exhibit-service-san-diego\/\" \/>\n<meta property=\"og:locale\" content=\"es_ES\" \/>\n<meta property=\"og:type\" content=\"article\" \/>\n<meta property=\"og:title\" content=\"Trade Show Displays San Diego\" \/>\n<meta property=\"og:description\" content=\"Looking for trade show services in San Diego? Aplus Expo offers booth rentals, 3D printing, installation &amp; dismantle, transportation &amp; more!\" \/>\n<meta property=\"og:url\" content=\"https:\/\/www.aplusexpo.com\/es\/exhibit-service-san-diego\/\" \/>\n<meta property=\"og:site_name\" content=\"aplusexpo\" \/>\n<meta property=\"article:modified_time\" content=\"2023-03-24T06:15:23+00:00\" \/>\n<meta name=\"twitter:card\" content=\"summary_large_image\" \/>\n<meta name=\"twitter:label1\" content=\"Tiempo de lectura\" \/>\n\t<meta name=\"twitter:data1\" content=\"1 minuto\" \/>\n<script type=\"application\/ld+json\" class=\"yoast-schema-graph\">{\"@context\":\"https:\/\/schema.org\",\"@graph\":[{\"@type\":\"WebPage\",\"@id\":\"https:\/\/www.aplusexpo.com\/es\/exhibit-service-san-diego\/\",\"url\":\"https:\/\/www.aplusexpo.com\/es\/exhibit-service-san-diego\/\",\"name\":\"Trade Show Services & Booth Rental in San Diego - Aplus Expo\",\"isPartOf\":{\"@id\":\"https:\/\/www.aplusexpo.com\/es\/#website\"},\"datePublished\":\"2020-03-25T10:17:32+00:00\",\"dateModified\":\"2023-03-24T06:15:23+00:00\",\"description\":\"Looking for trade show services in San Diego? Aplus Expo offers booth rentals, 3D printing, installation & dismantle, transportation & more!\",\"breadcrumb\":{\"@id\":\"https:\/\/www.aplusexpo.com\/es\/exhibit-service-san-diego\/#breadcrumb\"},\"inLanguage\":\"es\",\"potentialAction\":[{\"@type\":\"ReadAction\",\"target\":[\"https:\/\/www.aplusexpo.com\/es\/exhibit-service-san-diego\/\"]}]},{\"@type\":\"BreadcrumbList\",\"@id\":\"https:\/\/www.aplusexpo.com\/es\/exhibit-service-san-diego\/#breadcrumb\",\"itemListElement\":[{\"@type\":\"ListItem\",\"position\":1,\"name\":\"Home\",\"item\":\"https:\/\/www.aplusexpo.com\/\"},{\"@type\":\"ListItem\",\"position\":2,\"name\":\"Trade Show Displays San Diego\"}]},{\"@type\":\"WebSite\",\"@id\":\"https:\/\/www.aplusexpo.com\/es\/#website\",\"url\":\"https:\/\/www.aplusexpo.com\/es\/\",\"name\":\"aplusexpo\",\"description\":\"\",\"potentialAction\":[{\"@type\":\"SearchAction\",\"target\":{\"@type\":\"EntryPoint\",\"urlTemplate\":\"https:\/\/www.aplusexpo.com\/es\/?s={search_term_string}\"},\"query-input\":\"required name=search_term_string\"}],\"inLanguage\":\"es\"}]}<\/script>\n<!-- \/ Yoast SEO Premium plugin. -->","yoast_head_json":{"title":"Trade Show Services & Booth Rental in San Diego - Aplus Expo","description":"Looking for trade show services in San Diego? Aplus Expo offers booth rentals, 3D printing, installation & dismantle, transportation & more!","robots":{"index":"index","follow":"follow","max-snippet":"max-snippet:-1","max-image-preview":"max-image-preview:large","max-video-preview":"max-video-preview:-1"},"canonical":"https:\/\/www.aplusexpo.com\/es\/exhibit-service-san-diego\/","og_locale":"es_ES","og_type":"article","og_title":"Trade Show Displays San Diego","og_description":"Looking for trade show services in San Diego? Aplus Expo offers booth rentals, 3D printing, installation & dismantle, transportation & more!","og_url":"https:\/\/www.aplusexpo.com\/es\/exhibit-service-san-diego\/","og_site_name":"aplusexpo","article_modified_time":"2023-03-24T06:15:23+00:00","twitter_card":"summary_large_image","twitter_misc":{"Tiempo de lectura":"1 minuto"},"schema":{"@context":"https:\/\/schema.org","@graph":[{"@type":"WebPage","@id":"https:\/\/www.aplusexpo.com\/es\/exhibit-service-san-diego\/","url":"https:\/\/www.aplusexpo.com\/es\/exhibit-service-san-diego\/","name":"Trade Show Services & Booth Rental in San Diego - Aplus Expo","isPartOf":{"@id":"https:\/\/www.aplusexpo.com\/es\/#website"},"datePublished":"2020-03-25T10:17:32+00:00","dateModified":"2023-03-24T06:15:23+00:00","description":"Looking for trade show services in San Diego? Aplus Expo offers booth rentals, 3D printing, installation & dismantle, transportation & more!","breadcrumb":{"@id":"https:\/\/www.aplusexpo.com\/es\/exhibit-service-san-diego\/#breadcrumb"},"inLanguage":"es","potentialAction":[{"@type":"ReadAction","target":["https:\/\/www.aplusexpo.com\/es\/exhibit-service-san-diego\/"]}]},{"@type":"BreadcrumbList","@id":"https:\/\/www.aplusexpo.com\/es\/exhibit-service-san-diego\/#breadcrumb","itemListElement":[{"@type":"ListItem","position":1,"name":"Home","item":"https:\/\/www.aplusexpo.com\/"},{"@type":"ListItem","position":2,"name":"Trade Show Displays San Diego"}]},{"@type":"WebSite","@id":"https:\/\/www.aplusexpo.com\/es\/#website","url":"https:\/\/www.aplusexpo.com\/es\/","name":"aplusexpo","description":"","potentialAction":[{"@type":"SearchAction","target":{"@type":"EntryPoint","urlTemplate":"https:\/\/www.aplusexpo.com\/es\/?s={search_term_string}"},"query-input":"required name=search_term_string"}],"inLanguage":"es"}]}},"_links":{"self":[{"href":"https:\/\/www.aplusexpo.com\/es\/wp-json\/wp\/v2\/pages\/1929","targetHints":{"allow":["GET"]}}],"collection":[{"href":"https:\/\/www.aplusexpo.com\/es\/wp-json\/wp\/v2\/pages"}],"about":[{"href":"https:\/\/www.aplusexpo.com\/es\/wp-json\/wp\/v2\/types\/page"}],"author":[{"embeddable":true,"href":"https:\/\/www.aplusexpo.com\/es\/wp-json\/wp\/v2\/users\/2"}],"replies":[{"embeddable":true,"href":"https:\/\/www.aplusexpo.com\/es\/wp-json\/wp\/v2\/comments?post=1929"}],"version-history":[{"count":8,"href":"https:\/\/www.aplusexpo.com\/es\/wp-json\/wp\/v2\/pages\/1929\/revisions"}],"predecessor-version":[{"id":5917,"href":"https:\/\/www.aplusexpo.com\/es\/wp-json\/wp\/v2\/pages\/1929\/revisions\/5917"}],"wp:attachment":[{"href":"https:\/\/www.aplusexpo.com\/es\/wp-json\/wp\/v2\/media?parent=1929"}],"wp:term":[{"taxonomy":"upcoming_trade_shows","embeddable":true,"href":"https:\/\/www.aplusexpo.com\/es\/wp-json\/wp\/v2\/upcoming_trade_shows?post=1929"}],"curies":[{"name":"wp","href":"https:\/\/api.w.org\/{rel}","templated":true}]}}