{"id":2048,"date":"2020-03-26T09:43:00","date_gmt":"2020-03-26T09:43:00","guid":{"rendered":"https:\/\/www.aplusexpo.com\/?page_id=2048"},"modified":"2020-03-26T09:43:01","modified_gmt":"2020-03-26T09:43:01","slug":"exhibit-service-boston","status":"publish","type":"page","link":"https:\/\/www.aplusexpo.com\/de\/exhibit-service-boston\/","title":{"rendered":"Fachmessen Boston Displays"},"content":{"rendered":"<p>Aplus Expo ist Ihre One-Stop-L\u00f6sung f\u00fcr alle Ihre Marketingbed\u00fcrfnisse im Zusammenhang mit einer Messe in Boston. Wir sind ein Team aus erfahrenen Designern, Druckern, Bauarbeitern, Transporteuren und mehr, das sich der Verbesserung der Pr\u00e4senz Ihrer Marke verschrieben hat. Wir entwerfen Ihre Messest\u00e4nde nach Ma\u00df, um Ihrem Zielpublikum ein gro\u00dfartiges Erlebnis zu bieten. Wir bieten auch Mietst\u00e4nde, Lagerungs- und Transportdienste an, um sicherzustellen, dass Ihre Messe in Boston ein Erfolg wird.<\/p>","protected":false},"excerpt":{"rendered":"<p>Aplus Expo ist Ihre One-Stop-L\u00f6sung f\u00fcr alle Ihre Marketingbed\u00fcrfnisse im Zusammenhang mit einer Messe in Boston. Wir sind ein Team von erfahrenen Designern, Druckern, Bauarbeitern und Transporteuren,<span class=\"excerpt-hellip\"> [...]<\/span><\/p>","protected":false},"author":2,"featured_media":0,"parent":0,"menu_order":0,"comment_status":"closed","ping_status":"closed","template":"templates\/product-page.php","meta":{"footnotes":""},"upcoming_trade_shows":[],"class_list":["post-2048","page","type-page","status-publish","hentry"],"yoast_head":"<!-- This site is optimized with the Yoast SEO Premium plugin v20.5 (Yoast SEO v20.11) - https:\/\/yoast.com\/wordpress\/plugins\/seo\/ -->\n<title>Custom Exhibit Services &amp; Booth Rental in Boston<\/title>\n<meta name=\"description\" content=\"Looking for a reliable exhibit booth contractor in Boston? Aplus Expo here is for you. Get your free booth design today!\" \/>\n<meta name=\"robots\" content=\"index, follow, max-snippet:-1, max-image-preview:large, max-video-preview:-1\" \/>\n<link rel=\"canonical\" href=\"https:\/\/www.aplusexpo.com\/de\/exhibit-service-boston\/\" \/>\n<meta property=\"og:locale\" content=\"de_DE\" \/>\n<meta property=\"og:type\" content=\"article\" \/>\n<meta property=\"og:title\" content=\"Trade Shows Boston Displays\" \/>\n<meta property=\"og:description\" content=\"Looking for a reliable exhibit booth contractor in Boston? Aplus Expo here is for you. Get your free booth design today!\" \/>\n<meta property=\"og:url\" content=\"https:\/\/www.aplusexpo.com\/de\/exhibit-service-boston\/\" \/>\n<meta property=\"og:site_name\" content=\"aplusexpo\" \/>\n<meta property=\"article:modified_time\" content=\"2020-03-26T09:43:01+00:00\" \/>\n<meta name=\"twitter:card\" content=\"summary_large_image\" \/>\n<script type=\"application\/ld+json\" class=\"yoast-schema-graph\">{\"@context\":\"https:\/\/schema.org\",\"@graph\":[{\"@type\":\"WebPage\",\"@id\":\"https:\/\/www.aplusexpo.com\/de\/exhibit-service-boston\/\",\"url\":\"https:\/\/www.aplusexpo.com\/de\/exhibit-service-boston\/\",\"name\":\"Custom Exhibit Services & Booth Rental in Boston\",\"isPartOf\":{\"@id\":\"https:\/\/www.aplusexpo.com\/de\/#website\"},\"datePublished\":\"2020-03-26T09:43:00+00:00\",\"dateModified\":\"2020-03-26T09:43:01+00:00\",\"description\":\"Looking for a reliable exhibit booth contractor in Boston? Aplus Expo here is for you. Get your free booth design today!\",\"breadcrumb\":{\"@id\":\"https:\/\/www.aplusexpo.com\/de\/exhibit-service-boston\/#breadcrumb\"},\"inLanguage\":\"de\",\"potentialAction\":[{\"@type\":\"ReadAction\",\"target\":[\"https:\/\/www.aplusexpo.com\/de\/exhibit-service-boston\/\"]}]},{\"@type\":\"BreadcrumbList\",\"@id\":\"https:\/\/www.aplusexpo.com\/de\/exhibit-service-boston\/#breadcrumb\",\"itemListElement\":[{\"@type\":\"ListItem\",\"position\":1,\"name\":\"Home\",\"item\":\"https:\/\/www.aplusexpo.com\/\"},{\"@type\":\"ListItem\",\"position\":2,\"name\":\"Trade Shows Boston Displays\"}]},{\"@type\":\"WebSite\",\"@id\":\"https:\/\/www.aplusexpo.com\/de\/#website\",\"url\":\"https:\/\/www.aplusexpo.com\/de\/\",\"name\":\"aplusexpo\",\"description\":\"\",\"potentialAction\":[{\"@type\":\"SearchAction\",\"target\":{\"@type\":\"EntryPoint\",\"urlTemplate\":\"https:\/\/www.aplusexpo.com\/de\/?s={search_term_string}\"},\"query-input\":\"required name=search_term_string\"}],\"inLanguage\":\"de\"}]}<\/script>\n<!-- \/ Yoast SEO Premium plugin. -->","yoast_head_json":{"title":"Custom Exhibit Services & Booth Rental in Boston","description":"Looking for a reliable exhibit booth contractor in Boston? Aplus Expo here is for you. Get your free booth design today!","robots":{"index":"index","follow":"follow","max-snippet":"max-snippet:-1","max-image-preview":"max-image-preview:large","max-video-preview":"max-video-preview:-1"},"canonical":"https:\/\/www.aplusexpo.com\/de\/exhibit-service-boston\/","og_locale":"de_DE","og_type":"article","og_title":"Trade Shows Boston Displays","og_description":"Looking for a reliable exhibit booth contractor in Boston? Aplus Expo here is for you. Get your free booth design today!","og_url":"https:\/\/www.aplusexpo.com\/de\/exhibit-service-boston\/","og_site_name":"aplusexpo","article_modified_time":"2020-03-26T09:43:01+00:00","twitter_card":"summary_large_image","schema":{"@context":"https:\/\/schema.org","@graph":[{"@type":"WebPage","@id":"https:\/\/www.aplusexpo.com\/de\/exhibit-service-boston\/","url":"https:\/\/www.aplusexpo.com\/de\/exhibit-service-boston\/","name":"Custom Exhibit Services & Booth Rental in Boston","isPartOf":{"@id":"https:\/\/www.aplusexpo.com\/de\/#website"},"datePublished":"2020-03-26T09:43:00+00:00","dateModified":"2020-03-26T09:43:01+00:00","description":"Looking for a reliable exhibit booth contractor in Boston? Aplus Expo here is for you. Get your free booth design today!","breadcrumb":{"@id":"https:\/\/www.aplusexpo.com\/de\/exhibit-service-boston\/#breadcrumb"},"inLanguage":"de","potentialAction":[{"@type":"ReadAction","target":["https:\/\/www.aplusexpo.com\/de\/exhibit-service-boston\/"]}]},{"@type":"BreadcrumbList","@id":"https:\/\/www.aplusexpo.com\/de\/exhibit-service-boston\/#breadcrumb","itemListElement":[{"@type":"ListItem","position":1,"name":"Home","item":"https:\/\/www.aplusexpo.com\/"},{"@type":"ListItem","position":2,"name":"Trade Shows Boston Displays"}]},{"@type":"WebSite","@id":"https:\/\/www.aplusexpo.com\/de\/#website","url":"https:\/\/www.aplusexpo.com\/de\/","name":"aplusexpo","description":"","potentialAction":[{"@type":"SearchAction","target":{"@type":"EntryPoint","urlTemplate":"https:\/\/www.aplusexpo.com\/de\/?s={search_term_string}"},"query-input":"required name=search_term_string"}],"inLanguage":"de"}]}},"_links":{"self":[{"href":"https:\/\/www.aplusexpo.com\/de\/wp-json\/wp\/v2\/pages\/2048","targetHints":{"allow":["GET"]}}],"collection":[{"href":"https:\/\/www.aplusexpo.com\/de\/wp-json\/wp\/v2\/pages"}],"about":[{"href":"https:\/\/www.aplusexpo.com\/de\/wp-json\/wp\/v2\/types\/page"}],"author":[{"embeddable":true,"href":"https:\/\/www.aplusexpo.com\/de\/wp-json\/wp\/v2\/users\/2"}],"replies":[{"embeddable":true,"href":"https:\/\/www.aplusexpo.com\/de\/wp-json\/wp\/v2\/comments?post=2048"}],"version-history":[{"count":3,"href":"https:\/\/www.aplusexpo.com\/de\/wp-json\/wp\/v2\/pages\/2048\/revisions"}],"predecessor-version":[{"id":2051,"href":"https:\/\/www.aplusexpo.com\/de\/wp-json\/wp\/v2\/pages\/2048\/revisions\/2051"}],"wp:attachment":[{"href":"https:\/\/www.aplusexpo.com\/de\/wp-json\/wp\/v2\/media?parent=2048"}],"wp:term":[{"taxonomy":"upcoming_trade_shows","embeddable":true,"href":"https:\/\/www.aplusexpo.com\/de\/wp-json\/wp\/v2\/upcoming_trade_shows?post=2048"}],"curies":[{"name":"wp","href":"https:\/\/api.w.org\/{rel}","templated":true}]}}