{"id":2020,"date":"2020-03-26T08:38:09","date_gmt":"2020-03-26T08:38:09","guid":{"rendered":"https:\/\/www.aplusexpo.com\/?page_id=2020"},"modified":"2020-03-26T08:38:10","modified_gmt":"2020-03-26T08:38:10","slug":"exhibit-service-california","status":"publish","type":"page","link":"https:\/\/www.aplusexpo.com\/de\/exhibit-service-california\/","title":{"rendered":"Messedisplays Kalifornien"},"content":{"rendered":"<p>Aplus Expo ist Ihr One-Stop-Shop f\u00fcr alle Ihre Anforderungen an Messest\u00e4nde. Wir passen Messest\u00e4nde f\u00fcr Ihre Veranstaltungen in Kalifornien an, um Ihre Marke zum Strahlen zu bringen. Wir bieten auch Transport- und Installationsdienste sowie unsere Lagereinrichtungen in Kalifornien an. Unser Hauptziel ist es, ein atemberaubendes Messedisplay zu schaffen, das Ihr Publikum auf jeder Messe in Kalifornien \u00fcberzeugt.<\/p>","protected":false},"excerpt":{"rendered":"<p>Aplus Expo ist Ihr One-Stop-Shop f\u00fcr alle Ihre Anforderungen an Messest\u00e4nde. Wir passen Messest\u00e4nde f\u00fcr Ihre Veranstaltungen in Kalifornien an und machen Ihre Marke<span class=\"excerpt-hellip\"> [...]<\/span><\/p>","protected":false},"author":2,"featured_media":0,"parent":0,"menu_order":0,"comment_status":"closed","ping_status":"closed","template":"templates\/product-page.php","meta":{"footnotes":""},"upcoming_trade_shows":[],"class_list":["post-2020","page","type-page","status-publish","hentry"],"yoast_head":"<!-- This site is optimized with the Yoast SEO Premium plugin v20.5 (Yoast SEO v20.11) - https:\/\/yoast.com\/wordpress\/plugins\/seo\/ -->\n<title>Custom Exhibit Services &amp; Booth Rental in California<\/title>\n<meta name=\"description\" content=\"Looking for a reliable exhibit booth contractor in California? Aplus Expo here is for you. Get your free booth design today!\" \/>\n<meta name=\"robots\" content=\"index, follow, max-snippet:-1, max-image-preview:large, max-video-preview:-1\" \/>\n<link rel=\"canonical\" href=\"https:\/\/www.aplusexpo.com\/de\/exhibit-service-california\/\" \/>\n<meta property=\"og:locale\" content=\"de_DE\" \/>\n<meta property=\"og:type\" content=\"article\" \/>\n<meta property=\"og:title\" content=\"Trade Show Displays California\" \/>\n<meta property=\"og:description\" content=\"Looking for a reliable exhibit booth contractor in California? Aplus Expo here is for you. Get your free booth design today!\" \/>\n<meta property=\"og:url\" content=\"https:\/\/www.aplusexpo.com\/de\/exhibit-service-california\/\" \/>\n<meta property=\"og:site_name\" content=\"aplusexpo\" \/>\n<meta property=\"article:modified_time\" content=\"2020-03-26T08:38:10+00:00\" \/>\n<meta name=\"twitter:card\" content=\"summary_large_image\" \/>\n<script type=\"application\/ld+json\" class=\"yoast-schema-graph\">{\"@context\":\"https:\/\/schema.org\",\"@graph\":[{\"@type\":\"WebPage\",\"@id\":\"https:\/\/www.aplusexpo.com\/de\/exhibit-service-california\/\",\"url\":\"https:\/\/www.aplusexpo.com\/de\/exhibit-service-california\/\",\"name\":\"Custom Exhibit Services & Booth Rental in California\",\"isPartOf\":{\"@id\":\"https:\/\/www.aplusexpo.com\/de\/#website\"},\"datePublished\":\"2020-03-26T08:38:09+00:00\",\"dateModified\":\"2020-03-26T08:38:10+00:00\",\"description\":\"Looking for a reliable exhibit booth contractor in California? Aplus Expo here is for you. Get your free booth design today!\",\"breadcrumb\":{\"@id\":\"https:\/\/www.aplusexpo.com\/de\/exhibit-service-california\/#breadcrumb\"},\"inLanguage\":\"de\",\"potentialAction\":[{\"@type\":\"ReadAction\",\"target\":[\"https:\/\/www.aplusexpo.com\/de\/exhibit-service-california\/\"]}]},{\"@type\":\"BreadcrumbList\",\"@id\":\"https:\/\/www.aplusexpo.com\/de\/exhibit-service-california\/#breadcrumb\",\"itemListElement\":[{\"@type\":\"ListItem\",\"position\":1,\"name\":\"Home\",\"item\":\"https:\/\/www.aplusexpo.com\/\"},{\"@type\":\"ListItem\",\"position\":2,\"name\":\"Trade Show Displays California\"}]},{\"@type\":\"WebSite\",\"@id\":\"https:\/\/www.aplusexpo.com\/de\/#website\",\"url\":\"https:\/\/www.aplusexpo.com\/de\/\",\"name\":\"aplusexpo\",\"description\":\"\",\"potentialAction\":[{\"@type\":\"SearchAction\",\"target\":{\"@type\":\"EntryPoint\",\"urlTemplate\":\"https:\/\/www.aplusexpo.com\/de\/?s={search_term_string}\"},\"query-input\":\"required name=search_term_string\"}],\"inLanguage\":\"de\"}]}<\/script>\n<!-- \/ Yoast SEO Premium plugin. -->","yoast_head_json":{"title":"Custom Exhibit Services & Booth Rental in California","description":"Looking for a reliable exhibit booth contractor in California? Aplus Expo here is for you. Get your free booth design today!","robots":{"index":"index","follow":"follow","max-snippet":"max-snippet:-1","max-image-preview":"max-image-preview:large","max-video-preview":"max-video-preview:-1"},"canonical":"https:\/\/www.aplusexpo.com\/de\/exhibit-service-california\/","og_locale":"de_DE","og_type":"article","og_title":"Trade Show Displays California","og_description":"Looking for a reliable exhibit booth contractor in California? Aplus Expo here is for you. Get your free booth design today!","og_url":"https:\/\/www.aplusexpo.com\/de\/exhibit-service-california\/","og_site_name":"aplusexpo","article_modified_time":"2020-03-26T08:38:10+00:00","twitter_card":"summary_large_image","schema":{"@context":"https:\/\/schema.org","@graph":[{"@type":"WebPage","@id":"https:\/\/www.aplusexpo.com\/de\/exhibit-service-california\/","url":"https:\/\/www.aplusexpo.com\/de\/exhibit-service-california\/","name":"Custom Exhibit Services & Booth Rental in California","isPartOf":{"@id":"https:\/\/www.aplusexpo.com\/de\/#website"},"datePublished":"2020-03-26T08:38:09+00:00","dateModified":"2020-03-26T08:38:10+00:00","description":"Looking for a reliable exhibit booth contractor in California? Aplus Expo here is for you. Get your free booth design today!","breadcrumb":{"@id":"https:\/\/www.aplusexpo.com\/de\/exhibit-service-california\/#breadcrumb"},"inLanguage":"de","potentialAction":[{"@type":"ReadAction","target":["https:\/\/www.aplusexpo.com\/de\/exhibit-service-california\/"]}]},{"@type":"BreadcrumbList","@id":"https:\/\/www.aplusexpo.com\/de\/exhibit-service-california\/#breadcrumb","itemListElement":[{"@type":"ListItem","position":1,"name":"Home","item":"https:\/\/www.aplusexpo.com\/"},{"@type":"ListItem","position":2,"name":"Trade Show Displays California"}]},{"@type":"WebSite","@id":"https:\/\/www.aplusexpo.com\/de\/#website","url":"https:\/\/www.aplusexpo.com\/de\/","name":"aplusexpo","description":"","potentialAction":[{"@type":"SearchAction","target":{"@type":"EntryPoint","urlTemplate":"https:\/\/www.aplusexpo.com\/de\/?s={search_term_string}"},"query-input":"required name=search_term_string"}],"inLanguage":"de"}]}},"_links":{"self":[{"href":"https:\/\/www.aplusexpo.com\/de\/wp-json\/wp\/v2\/pages\/2020","targetHints":{"allow":["GET"]}}],"collection":[{"href":"https:\/\/www.aplusexpo.com\/de\/wp-json\/wp\/v2\/pages"}],"about":[{"href":"https:\/\/www.aplusexpo.com\/de\/wp-json\/wp\/v2\/types\/page"}],"author":[{"embeddable":true,"href":"https:\/\/www.aplusexpo.com\/de\/wp-json\/wp\/v2\/users\/2"}],"replies":[{"embeddable":true,"href":"https:\/\/www.aplusexpo.com\/de\/wp-json\/wp\/v2\/comments?post=2020"}],"version-history":[{"count":2,"href":"https:\/\/www.aplusexpo.com\/de\/wp-json\/wp\/v2\/pages\/2020\/revisions"}],"predecessor-version":[{"id":2022,"href":"https:\/\/www.aplusexpo.com\/de\/wp-json\/wp\/v2\/pages\/2020\/revisions\/2022"}],"wp:attachment":[{"href":"https:\/\/www.aplusexpo.com\/de\/wp-json\/wp\/v2\/media?parent=2020"}],"wp:term":[{"taxonomy":"upcoming_trade_shows","embeddable":true,"href":"https:\/\/www.aplusexpo.com\/de\/wp-json\/wp\/v2\/upcoming_trade_shows?post=2020"}],"curies":[{"name":"wp","href":"https:\/\/api.w.org\/{rel}","templated":true}]}}