{"id":2008,"date":"2020-03-26T08:04:28","date_gmt":"2020-03-26T08:04:28","guid":{"rendered":"https:\/\/www.aplusexpo.com\/?page_id=2008"},"modified":"2020-03-26T08:04:29","modified_gmt":"2020-03-26T08:04:29","slug":"exhibit-service-minnesota","status":"publish","type":"page","link":"https:\/\/www.aplusexpo.com\/de\/exhibit-service-minnesota\/","title":{"rendered":"Messedisplays Minnesota"},"content":{"rendered":"<p>Auf den Fachmessen in Minnesota treffen sich Hersteller, Verk\u00e4ufer, K\u00e4ufer und andere Fachleute aus den gesamten USA. Wenn Sie m\u00f6chten, dass Ihr Messestand bei einer dieser Veranstaltungen einen guten Eindruck hinterl\u00e4sst, dann lassen Sie sich von Aplus Expo helfen. Wir entwerfen und fertigen ma\u00dfgeschneiderte Messedisplays und Beschilderungsprodukte, mit denen sich Ihre Marke von der Masse abhebt. Aber das ist noch nicht alles: Wir k\u00fcmmern uns auch um Ihren gesamten Logistik- und Lagerbedarf f\u00fcr jede Messe in Minnesota.<\/p>","protected":false},"excerpt":{"rendered":"<p>Auf den Messen in Minnesota treffen sich Hersteller, Verk\u00e4ufer, K\u00e4ufer und andere Fachleute aus den gesamten USA. Wenn Sie wollen, dass Ihr Ausstellungsst\u00fcck einen guten Eindruck macht<span class=\"excerpt-hellip\"> [...]<\/span><\/p>","protected":false},"author":2,"featured_media":0,"parent":0,"menu_order":0,"comment_status":"closed","ping_status":"closed","template":"templates\/product-page.php","meta":{"footnotes":""},"upcoming_trade_shows":[],"class_list":["post-2008","page","type-page","status-publish","hentry"],"yoast_head":"<!-- This site is optimized with the Yoast SEO Premium plugin v20.5 (Yoast SEO v20.11) - https:\/\/yoast.com\/wordpress\/plugins\/seo\/ -->\n<title>Custom Exhibit Services &amp; Booth Rental in Minnesota<\/title>\n<meta name=\"description\" content=\"Looking for a reliable exhibit booth contractor in Minnesota? Aplus Expo here is for you. Get your free booth design today!\" \/>\n<meta name=\"robots\" content=\"index, follow, max-snippet:-1, max-image-preview:large, max-video-preview:-1\" \/>\n<link rel=\"canonical\" href=\"https:\/\/www.aplusexpo.com\/de\/exhibit-service-minnesota\/\" \/>\n<meta property=\"og:locale\" content=\"de_DE\" \/>\n<meta property=\"og:type\" content=\"article\" \/>\n<meta property=\"og:title\" content=\"Trade Show Displays Minnesota\" \/>\n<meta property=\"og:description\" content=\"Looking for a reliable exhibit booth contractor in Minnesota? Aplus Expo here is for you. Get your free booth design today!\" \/>\n<meta property=\"og:url\" content=\"https:\/\/www.aplusexpo.com\/de\/exhibit-service-minnesota\/\" \/>\n<meta property=\"og:site_name\" content=\"aplusexpo\" \/>\n<meta property=\"article:modified_time\" content=\"2020-03-26T08:04:29+00:00\" \/>\n<meta name=\"twitter:card\" content=\"summary_large_image\" \/>\n<script type=\"application\/ld+json\" class=\"yoast-schema-graph\">{\"@context\":\"https:\/\/schema.org\",\"@graph\":[{\"@type\":\"WebPage\",\"@id\":\"https:\/\/www.aplusexpo.com\/de\/exhibit-service-minnesota\/\",\"url\":\"https:\/\/www.aplusexpo.com\/de\/exhibit-service-minnesota\/\",\"name\":\"Custom Exhibit Services & Booth Rental in Minnesota\",\"isPartOf\":{\"@id\":\"https:\/\/www.aplusexpo.com\/de\/#website\"},\"datePublished\":\"2020-03-26T08:04:28+00:00\",\"dateModified\":\"2020-03-26T08:04:29+00:00\",\"description\":\"Looking for a reliable exhibit booth contractor in Minnesota? Aplus Expo here is for you. Get your free booth design today!\",\"breadcrumb\":{\"@id\":\"https:\/\/www.aplusexpo.com\/de\/exhibit-service-minnesota\/#breadcrumb\"},\"inLanguage\":\"de\",\"potentialAction\":[{\"@type\":\"ReadAction\",\"target\":[\"https:\/\/www.aplusexpo.com\/de\/exhibit-service-minnesota\/\"]}]},{\"@type\":\"BreadcrumbList\",\"@id\":\"https:\/\/www.aplusexpo.com\/de\/exhibit-service-minnesota\/#breadcrumb\",\"itemListElement\":[{\"@type\":\"ListItem\",\"position\":1,\"name\":\"Home\",\"item\":\"https:\/\/www.aplusexpo.com\/\"},{\"@type\":\"ListItem\",\"position\":2,\"name\":\"Trade Show Displays Minnesota\"}]},{\"@type\":\"WebSite\",\"@id\":\"https:\/\/www.aplusexpo.com\/de\/#website\",\"url\":\"https:\/\/www.aplusexpo.com\/de\/\",\"name\":\"aplusexpo\",\"description\":\"\",\"potentialAction\":[{\"@type\":\"SearchAction\",\"target\":{\"@type\":\"EntryPoint\",\"urlTemplate\":\"https:\/\/www.aplusexpo.com\/de\/?s={search_term_string}\"},\"query-input\":\"required name=search_term_string\"}],\"inLanguage\":\"de\"}]}<\/script>\n<!-- \/ Yoast SEO Premium plugin. -->","yoast_head_json":{"title":"Custom Exhibit Services & Booth Rental in Minnesota","description":"Looking for a reliable exhibit booth contractor in Minnesota? Aplus Expo here is for you. Get your free booth design today!","robots":{"index":"index","follow":"follow","max-snippet":"max-snippet:-1","max-image-preview":"max-image-preview:large","max-video-preview":"max-video-preview:-1"},"canonical":"https:\/\/www.aplusexpo.com\/de\/exhibit-service-minnesota\/","og_locale":"de_DE","og_type":"article","og_title":"Trade Show Displays Minnesota","og_description":"Looking for a reliable exhibit booth contractor in Minnesota? Aplus Expo here is for you. Get your free booth design today!","og_url":"https:\/\/www.aplusexpo.com\/de\/exhibit-service-minnesota\/","og_site_name":"aplusexpo","article_modified_time":"2020-03-26T08:04:29+00:00","twitter_card":"summary_large_image","schema":{"@context":"https:\/\/schema.org","@graph":[{"@type":"WebPage","@id":"https:\/\/www.aplusexpo.com\/de\/exhibit-service-minnesota\/","url":"https:\/\/www.aplusexpo.com\/de\/exhibit-service-minnesota\/","name":"Custom Exhibit Services & Booth Rental in Minnesota","isPartOf":{"@id":"https:\/\/www.aplusexpo.com\/de\/#website"},"datePublished":"2020-03-26T08:04:28+00:00","dateModified":"2020-03-26T08:04:29+00:00","description":"Looking for a reliable exhibit booth contractor in Minnesota? Aplus Expo here is for you. Get your free booth design today!","breadcrumb":{"@id":"https:\/\/www.aplusexpo.com\/de\/exhibit-service-minnesota\/#breadcrumb"},"inLanguage":"de","potentialAction":[{"@type":"ReadAction","target":["https:\/\/www.aplusexpo.com\/de\/exhibit-service-minnesota\/"]}]},{"@type":"BreadcrumbList","@id":"https:\/\/www.aplusexpo.com\/de\/exhibit-service-minnesota\/#breadcrumb","itemListElement":[{"@type":"ListItem","position":1,"name":"Home","item":"https:\/\/www.aplusexpo.com\/"},{"@type":"ListItem","position":2,"name":"Trade Show Displays Minnesota"}]},{"@type":"WebSite","@id":"https:\/\/www.aplusexpo.com\/de\/#website","url":"https:\/\/www.aplusexpo.com\/de\/","name":"aplusexpo","description":"","potentialAction":[{"@type":"SearchAction","target":{"@type":"EntryPoint","urlTemplate":"https:\/\/www.aplusexpo.com\/de\/?s={search_term_string}"},"query-input":"required name=search_term_string"}],"inLanguage":"de"}]}},"_links":{"self":[{"href":"https:\/\/www.aplusexpo.com\/de\/wp-json\/wp\/v2\/pages\/2008","targetHints":{"allow":["GET"]}}],"collection":[{"href":"https:\/\/www.aplusexpo.com\/de\/wp-json\/wp\/v2\/pages"}],"about":[{"href":"https:\/\/www.aplusexpo.com\/de\/wp-json\/wp\/v2\/types\/page"}],"author":[{"embeddable":true,"href":"https:\/\/www.aplusexpo.com\/de\/wp-json\/wp\/v2\/users\/2"}],"replies":[{"embeddable":true,"href":"https:\/\/www.aplusexpo.com\/de\/wp-json\/wp\/v2\/comments?post=2008"}],"version-history":[{"count":3,"href":"https:\/\/www.aplusexpo.com\/de\/wp-json\/wp\/v2\/pages\/2008\/revisions"}],"predecessor-version":[{"id":2011,"href":"https:\/\/www.aplusexpo.com\/de\/wp-json\/wp\/v2\/pages\/2008\/revisions\/2011"}],"wp:attachment":[{"href":"https:\/\/www.aplusexpo.com\/de\/wp-json\/wp\/v2\/media?parent=2008"}],"wp:term":[{"taxonomy":"upcoming_trade_shows","embeddable":true,"href":"https:\/\/www.aplusexpo.com\/de\/wp-json\/wp\/v2\/upcoming_trade_shows?post=2008"}],"curies":[{"name":"wp","href":"https:\/\/api.w.org\/{rel}","templated":true}]}}