{"id":2005,"date":"2020-03-26T07:52:14","date_gmt":"2020-03-26T07:52:14","guid":{"rendered":"https:\/\/www.aplusexpo.com\/?page_id=2005"},"modified":"2020-03-26T07:52:14","modified_gmt":"2020-03-26T07:52:14","slug":"exhibit-service-kentuky","status":"publish","type":"page","link":"https:\/\/www.aplusexpo.com\/de\/exhibit-service-kentuky\/","title":{"rendered":"Messedisplays Kentucky"},"content":{"rendered":"<p>Planen Sie die Teilnahme an einer gro\u00dfen Messe in Kentucky? \u00dcberlassen Sie Aplus Expo alle Ihre Event-Marketing-Anforderungen. Als einer der f\u00fchrenden Spezialisten f\u00fcr Handelskongresse gl\u00e4nzt Aplus Expo mit der Herstellung von Messest\u00e4nden, die den Wert Ihrer Marke hervorheben. Wir entwerfen nicht nur ma\u00dfgeschneiderte Messest\u00e4nde, sondern helfen auch bei der Lagerung, dem Transport, der Installation und dem Abbau.<\/p>","protected":false},"excerpt":{"rendered":"<p>Planen Sie die Teilnahme an einer gro\u00dfen Messe in Kentucky? \u00dcberlassen Sie Aplus Expo alle Ihre Event-Marketing-Anforderungen. Als einer der f\u00fchrenden Spezialisten f\u00fcr Handelskongresse bietet Aplus<span class=\"excerpt-hellip\"> [...]<\/span><\/p>","protected":false},"author":2,"featured_media":0,"parent":0,"menu_order":0,"comment_status":"closed","ping_status":"closed","template":"templates\/product-page.php","meta":{"footnotes":""},"upcoming_trade_shows":[],"class_list":["post-2005","page","type-page","status-publish","hentry"],"yoast_head":"<!-- This site is optimized with the Yoast SEO Premium plugin v20.5 (Yoast SEO v20.11) - https:\/\/yoast.com\/wordpress\/plugins\/seo\/ -->\n<title>Custom Exhibit Services &amp; Booth Rental in Kentuky<\/title>\n<meta name=\"description\" content=\"Looking for a reliable exhibit booth contractor in Kentuky? Aplus Expo here is for you. Get your free booth design today!\" \/>\n<meta name=\"robots\" content=\"index, follow, max-snippet:-1, max-image-preview:large, max-video-preview:-1\" \/>\n<link rel=\"canonical\" href=\"https:\/\/www.aplusexpo.com\/de\/exhibit-service-kentuky\/\" \/>\n<meta property=\"og:locale\" content=\"de_DE\" \/>\n<meta property=\"og:type\" content=\"article\" \/>\n<meta property=\"og:title\" content=\"Trade Show Displays Kentucky\" \/>\n<meta property=\"og:description\" content=\"Looking for a reliable exhibit booth contractor in Kentuky? Aplus Expo here is for you. Get your free booth design today!\" \/>\n<meta property=\"og:url\" content=\"https:\/\/www.aplusexpo.com\/de\/exhibit-service-kentuky\/\" \/>\n<meta property=\"og:site_name\" content=\"aplusexpo\" \/>\n<meta name=\"twitter:card\" content=\"summary_large_image\" \/>\n<script type=\"application\/ld+json\" class=\"yoast-schema-graph\">{\"@context\":\"https:\/\/schema.org\",\"@graph\":[{\"@type\":\"WebPage\",\"@id\":\"https:\/\/www.aplusexpo.com\/de\/exhibit-service-kentuky\/\",\"url\":\"https:\/\/www.aplusexpo.com\/de\/exhibit-service-kentuky\/\",\"name\":\"Custom Exhibit Services & Booth Rental in Kentuky\",\"isPartOf\":{\"@id\":\"https:\/\/www.aplusexpo.com\/de\/#website\"},\"datePublished\":\"2020-03-26T07:52:14+00:00\",\"dateModified\":\"2020-03-26T07:52:14+00:00\",\"description\":\"Looking for a reliable exhibit booth contractor in Kentuky? Aplus Expo here is for you. Get your free booth design today!\",\"breadcrumb\":{\"@id\":\"https:\/\/www.aplusexpo.com\/de\/exhibit-service-kentuky\/#breadcrumb\"},\"inLanguage\":\"de\",\"potentialAction\":[{\"@type\":\"ReadAction\",\"target\":[\"https:\/\/www.aplusexpo.com\/de\/exhibit-service-kentuky\/\"]}]},{\"@type\":\"BreadcrumbList\",\"@id\":\"https:\/\/www.aplusexpo.com\/de\/exhibit-service-kentuky\/#breadcrumb\",\"itemListElement\":[{\"@type\":\"ListItem\",\"position\":1,\"name\":\"Home\",\"item\":\"https:\/\/www.aplusexpo.com\/\"},{\"@type\":\"ListItem\",\"position\":2,\"name\":\"Trade Show Displays Kentucky\"}]},{\"@type\":\"WebSite\",\"@id\":\"https:\/\/www.aplusexpo.com\/de\/#website\",\"url\":\"https:\/\/www.aplusexpo.com\/de\/\",\"name\":\"aplusexpo\",\"description\":\"\",\"potentialAction\":[{\"@type\":\"SearchAction\",\"target\":{\"@type\":\"EntryPoint\",\"urlTemplate\":\"https:\/\/www.aplusexpo.com\/de\/?s={search_term_string}\"},\"query-input\":\"required name=search_term_string\"}],\"inLanguage\":\"de\"}]}<\/script>\n<!-- \/ Yoast SEO Premium plugin. -->","yoast_head_json":{"title":"Custom Exhibit Services & Booth Rental in Kentuky","description":"Looking for a reliable exhibit booth contractor in Kentuky? Aplus Expo here is for you. Get your free booth design today!","robots":{"index":"index","follow":"follow","max-snippet":"max-snippet:-1","max-image-preview":"max-image-preview:large","max-video-preview":"max-video-preview:-1"},"canonical":"https:\/\/www.aplusexpo.com\/de\/exhibit-service-kentuky\/","og_locale":"de_DE","og_type":"article","og_title":"Trade Show Displays Kentucky","og_description":"Looking for a reliable exhibit booth contractor in Kentuky? Aplus Expo here is for you. Get your free booth design today!","og_url":"https:\/\/www.aplusexpo.com\/de\/exhibit-service-kentuky\/","og_site_name":"aplusexpo","twitter_card":"summary_large_image","schema":{"@context":"https:\/\/schema.org","@graph":[{"@type":"WebPage","@id":"https:\/\/www.aplusexpo.com\/de\/exhibit-service-kentuky\/","url":"https:\/\/www.aplusexpo.com\/de\/exhibit-service-kentuky\/","name":"Custom Exhibit Services & Booth Rental in Kentuky","isPartOf":{"@id":"https:\/\/www.aplusexpo.com\/de\/#website"},"datePublished":"2020-03-26T07:52:14+00:00","dateModified":"2020-03-26T07:52:14+00:00","description":"Looking for a reliable exhibit booth contractor in Kentuky? Aplus Expo here is for you. Get your free booth design today!","breadcrumb":{"@id":"https:\/\/www.aplusexpo.com\/de\/exhibit-service-kentuky\/#breadcrumb"},"inLanguage":"de","potentialAction":[{"@type":"ReadAction","target":["https:\/\/www.aplusexpo.com\/de\/exhibit-service-kentuky\/"]}]},{"@type":"BreadcrumbList","@id":"https:\/\/www.aplusexpo.com\/de\/exhibit-service-kentuky\/#breadcrumb","itemListElement":[{"@type":"ListItem","position":1,"name":"Home","item":"https:\/\/www.aplusexpo.com\/"},{"@type":"ListItem","position":2,"name":"Trade Show Displays Kentucky"}]},{"@type":"WebSite","@id":"https:\/\/www.aplusexpo.com\/de\/#website","url":"https:\/\/www.aplusexpo.com\/de\/","name":"aplusexpo","description":"","potentialAction":[{"@type":"SearchAction","target":{"@type":"EntryPoint","urlTemplate":"https:\/\/www.aplusexpo.com\/de\/?s={search_term_string}"},"query-input":"required name=search_term_string"}],"inLanguage":"de"}]}},"_links":{"self":[{"href":"https:\/\/www.aplusexpo.com\/de\/wp-json\/wp\/v2\/pages\/2005","targetHints":{"allow":["GET"]}}],"collection":[{"href":"https:\/\/www.aplusexpo.com\/de\/wp-json\/wp\/v2\/pages"}],"about":[{"href":"https:\/\/www.aplusexpo.com\/de\/wp-json\/wp\/v2\/types\/page"}],"author":[{"embeddable":true,"href":"https:\/\/www.aplusexpo.com\/de\/wp-json\/wp\/v2\/users\/2"}],"replies":[{"embeddable":true,"href":"https:\/\/www.aplusexpo.com\/de\/wp-json\/wp\/v2\/comments?post=2005"}],"version-history":[{"count":2,"href":"https:\/\/www.aplusexpo.com\/de\/wp-json\/wp\/v2\/pages\/2005\/revisions"}],"predecessor-version":[{"id":2007,"href":"https:\/\/www.aplusexpo.com\/de\/wp-json\/wp\/v2\/pages\/2005\/revisions\/2007"}],"wp:attachment":[{"href":"https:\/\/www.aplusexpo.com\/de\/wp-json\/wp\/v2\/media?parent=2005"}],"wp:term":[{"taxonomy":"upcoming_trade_shows","embeddable":true,"href":"https:\/\/www.aplusexpo.com\/de\/wp-json\/wp\/v2\/upcoming_trade_shows?post=2005"}],"curies":[{"name":"wp","href":"https:\/\/api.w.org\/{rel}","templated":true}]}}