{"id":1996,"date":"2020-03-26T07:28:04","date_gmt":"2020-03-26T07:28:04","guid":{"rendered":"https:\/\/www.aplusexpo.com\/?page_id=1996"},"modified":"2020-03-26T07:28:05","modified_gmt":"2020-03-26T07:28:05","slug":"exhibit-service-missouri","status":"publish","type":"page","link":"https:\/\/www.aplusexpo.com\/de\/exhibit-service-missouri\/","title":{"rendered":"Messedisplays Missouri"},"content":{"rendered":"<p>Aplus Expo ist die erste Adresse f\u00fcr Event-Marketing-Berater f\u00fcr Messeaussteller in Missouri. Wir sind bekannt f\u00fcr unsere ma\u00dfgeschneiderten mobilen Messest\u00e4nde und bieten zus\u00e4tzliche Dienstleistungen wie Lieferung, Installation und Lagerung von Veranstaltungsmaterialien. Unser Ziel ist es, ganzheitliche Event-Marketing-Dienstleistungen anzubieten, damit Sie sich auf die Interaktion mit Ihrem Publikum auf den Messen in Missouri konzentrieren k\u00f6nnen.<\/p>","protected":false},"excerpt":{"rendered":"<p>Aplus Expo ist die erste Adresse f\u00fcr Event-Marketing-Berater f\u00fcr Messeaussteller in Missouri. Wir sind bekannt f\u00fcr unsere ma\u00dfgeschneiderten mobilen Messest\u00e4nde und bieten zus\u00e4tzliche Dienstleistungen wie<span class=\"excerpt-hellip\"> [...]<\/span><\/p>","protected":false},"author":2,"featured_media":0,"parent":0,"menu_order":0,"comment_status":"closed","ping_status":"closed","template":"templates\/product-page.php","meta":{"footnotes":""},"upcoming_trade_shows":[],"class_list":["post-1996","page","type-page","status-publish","hentry"],"yoast_head":"<!-- This site is optimized with the Yoast SEO Premium plugin v20.5 (Yoast SEO v20.11) - https:\/\/yoast.com\/wordpress\/plugins\/seo\/ -->\n<title>Custom Exhibit Services &amp; Booth Rental in Missouri<\/title>\n<meta name=\"description\" content=\"Looking for a reliable exhibit booth contractor in Missouri? Aplus Expo here is for you. Get your free booth design today!\" \/>\n<meta name=\"robots\" content=\"index, follow, max-snippet:-1, max-image-preview:large, max-video-preview:-1\" \/>\n<link rel=\"canonical\" href=\"https:\/\/www.aplusexpo.com\/de\/exhibit-service-missouri\/\" \/>\n<meta property=\"og:locale\" content=\"de_DE\" \/>\n<meta property=\"og:type\" content=\"article\" \/>\n<meta property=\"og:title\" content=\"Trade Show Displays Missouri\" \/>\n<meta property=\"og:description\" content=\"Looking for a reliable exhibit booth contractor in Missouri? Aplus Expo here is for you. Get your free booth design today!\" \/>\n<meta property=\"og:url\" content=\"https:\/\/www.aplusexpo.com\/de\/exhibit-service-missouri\/\" \/>\n<meta property=\"og:site_name\" content=\"aplusexpo\" \/>\n<meta property=\"article:modified_time\" content=\"2020-03-26T07:28:05+00:00\" \/>\n<meta name=\"twitter:card\" content=\"summary_large_image\" \/>\n<script type=\"application\/ld+json\" class=\"yoast-schema-graph\">{\"@context\":\"https:\/\/schema.org\",\"@graph\":[{\"@type\":\"WebPage\",\"@id\":\"https:\/\/www.aplusexpo.com\/de\/exhibit-service-missouri\/\",\"url\":\"https:\/\/www.aplusexpo.com\/de\/exhibit-service-missouri\/\",\"name\":\"Custom Exhibit Services & Booth Rental in Missouri\",\"isPartOf\":{\"@id\":\"https:\/\/www.aplusexpo.com\/de\/#website\"},\"datePublished\":\"2020-03-26T07:28:04+00:00\",\"dateModified\":\"2020-03-26T07:28:05+00:00\",\"description\":\"Looking for a reliable exhibit booth contractor in Missouri? Aplus Expo here is for you. Get your free booth design today!\",\"breadcrumb\":{\"@id\":\"https:\/\/www.aplusexpo.com\/de\/exhibit-service-missouri\/#breadcrumb\"},\"inLanguage\":\"de\",\"potentialAction\":[{\"@type\":\"ReadAction\",\"target\":[\"https:\/\/www.aplusexpo.com\/de\/exhibit-service-missouri\/\"]}]},{\"@type\":\"BreadcrumbList\",\"@id\":\"https:\/\/www.aplusexpo.com\/de\/exhibit-service-missouri\/#breadcrumb\",\"itemListElement\":[{\"@type\":\"ListItem\",\"position\":1,\"name\":\"Home\",\"item\":\"https:\/\/www.aplusexpo.com\/\"},{\"@type\":\"ListItem\",\"position\":2,\"name\":\"Trade Show Displays Missouri\"}]},{\"@type\":\"WebSite\",\"@id\":\"https:\/\/www.aplusexpo.com\/de\/#website\",\"url\":\"https:\/\/www.aplusexpo.com\/de\/\",\"name\":\"aplusexpo\",\"description\":\"\",\"potentialAction\":[{\"@type\":\"SearchAction\",\"target\":{\"@type\":\"EntryPoint\",\"urlTemplate\":\"https:\/\/www.aplusexpo.com\/de\/?s={search_term_string}\"},\"query-input\":\"required name=search_term_string\"}],\"inLanguage\":\"de\"}]}<\/script>\n<!-- \/ Yoast SEO Premium plugin. -->","yoast_head_json":{"title":"Custom Exhibit Services & Booth Rental in Missouri","description":"Looking for a reliable exhibit booth contractor in Missouri? Aplus Expo here is for you. Get your free booth design today!","robots":{"index":"index","follow":"follow","max-snippet":"max-snippet:-1","max-image-preview":"max-image-preview:large","max-video-preview":"max-video-preview:-1"},"canonical":"https:\/\/www.aplusexpo.com\/de\/exhibit-service-missouri\/","og_locale":"de_DE","og_type":"article","og_title":"Trade Show Displays Missouri","og_description":"Looking for a reliable exhibit booth contractor in Missouri? Aplus Expo here is for you. Get your free booth design today!","og_url":"https:\/\/www.aplusexpo.com\/de\/exhibit-service-missouri\/","og_site_name":"aplusexpo","article_modified_time":"2020-03-26T07:28:05+00:00","twitter_card":"summary_large_image","schema":{"@context":"https:\/\/schema.org","@graph":[{"@type":"WebPage","@id":"https:\/\/www.aplusexpo.com\/de\/exhibit-service-missouri\/","url":"https:\/\/www.aplusexpo.com\/de\/exhibit-service-missouri\/","name":"Custom Exhibit Services & Booth Rental in Missouri","isPartOf":{"@id":"https:\/\/www.aplusexpo.com\/de\/#website"},"datePublished":"2020-03-26T07:28:04+00:00","dateModified":"2020-03-26T07:28:05+00:00","description":"Looking for a reliable exhibit booth contractor in Missouri? Aplus Expo here is for you. Get your free booth design today!","breadcrumb":{"@id":"https:\/\/www.aplusexpo.com\/de\/exhibit-service-missouri\/#breadcrumb"},"inLanguage":"de","potentialAction":[{"@type":"ReadAction","target":["https:\/\/www.aplusexpo.com\/de\/exhibit-service-missouri\/"]}]},{"@type":"BreadcrumbList","@id":"https:\/\/www.aplusexpo.com\/de\/exhibit-service-missouri\/#breadcrumb","itemListElement":[{"@type":"ListItem","position":1,"name":"Home","item":"https:\/\/www.aplusexpo.com\/"},{"@type":"ListItem","position":2,"name":"Trade Show Displays Missouri"}]},{"@type":"WebSite","@id":"https:\/\/www.aplusexpo.com\/de\/#website","url":"https:\/\/www.aplusexpo.com\/de\/","name":"aplusexpo","description":"","potentialAction":[{"@type":"SearchAction","target":{"@type":"EntryPoint","urlTemplate":"https:\/\/www.aplusexpo.com\/de\/?s={search_term_string}"},"query-input":"required name=search_term_string"}],"inLanguage":"de"}]}},"_links":{"self":[{"href":"https:\/\/www.aplusexpo.com\/de\/wp-json\/wp\/v2\/pages\/1996","targetHints":{"allow":["GET"]}}],"collection":[{"href":"https:\/\/www.aplusexpo.com\/de\/wp-json\/wp\/v2\/pages"}],"about":[{"href":"https:\/\/www.aplusexpo.com\/de\/wp-json\/wp\/v2\/types\/page"}],"author":[{"embeddable":true,"href":"https:\/\/www.aplusexpo.com\/de\/wp-json\/wp\/v2\/users\/2"}],"replies":[{"embeddable":true,"href":"https:\/\/www.aplusexpo.com\/de\/wp-json\/wp\/v2\/comments?post=1996"}],"version-history":[{"count":2,"href":"https:\/\/www.aplusexpo.com\/de\/wp-json\/wp\/v2\/pages\/1996\/revisions"}],"predecessor-version":[{"id":1998,"href":"https:\/\/www.aplusexpo.com\/de\/wp-json\/wp\/v2\/pages\/1996\/revisions\/1998"}],"wp:attachment":[{"href":"https:\/\/www.aplusexpo.com\/de\/wp-json\/wp\/v2\/media?parent=1996"}],"wp:term":[{"taxonomy":"upcoming_trade_shows","embeddable":true,"href":"https:\/\/www.aplusexpo.com\/de\/wp-json\/wp\/v2\/upcoming_trade_shows?post=1996"}],"curies":[{"name":"wp","href":"https:\/\/api.w.org\/{rel}","templated":true}]}}