{"id":1990,"date":"2020-03-26T07:09:35","date_gmt":"2020-03-26T07:09:35","guid":{"rendered":"https:\/\/www.aplusexpo.com\/?page_id=1990"},"modified":"2020-03-26T07:09:36","modified_gmt":"2020-03-26T07:09:36","slug":"exhibit-service-atlantic","status":"publish","type":"page","link":"https:\/\/www.aplusexpo.com\/de\/exhibit-service-atlantic\/","title":{"rendered":"Messedisplays Atlantic City"},"content":{"rendered":"<p>Atlantic City ist aufgrund seiner zahlreichen Hotels mit gro\u00dfen Konferenzr\u00e4umen ein ausgezeichneter Ort f\u00fcr Kongresse und Ausstellungen. Wenn Sie als Aussteller eine Teilnahme an den kommenden Messen in Atlantic City planen, ben\u00f6tigen Sie vielleicht einen Berater, um Ihre Pr\u00e4sentation auf die n\u00e4chste Stufe zu bringen. Aplus Expo ist Ihr One-Stop-Shop f\u00fcr Ausstellungsl\u00f6sungen, die auf Ihre speziellen Bed\u00fcrfnisse zugeschnitten sind - vom Entwurf \u00fcber die Herstellung bis hin zur Installation und Lagerung Ihrer Messest\u00e4nde.<\/p>","protected":false},"excerpt":{"rendered":"<p>Atlantic City ist ein ausgezeichnetes Ziel f\u00fcr Kongresse und Ausstellungen, da es eine gro\u00dfe Anzahl von Hotels mit gro\u00dfen Konferenzr\u00e4umen gibt. Wenn Sie ein Aussteller sind<span class=\"excerpt-hellip\"> [...]<\/span><\/p>","protected":false},"author":2,"featured_media":0,"parent":0,"menu_order":0,"comment_status":"closed","ping_status":"closed","template":"templates\/product-page.php","meta":{"footnotes":""},"upcoming_trade_shows":[],"class_list":["post-1990","page","type-page","status-publish","hentry"],"yoast_head":"<!-- This site is optimized with the Yoast SEO Premium plugin v20.5 (Yoast SEO v20.11) - https:\/\/yoast.com\/wordpress\/plugins\/seo\/ -->\n<title>Custom Exhibit Services &amp; Booth Rental in Atlantic<\/title>\n<meta name=\"description\" content=\"Looking for a reliable exhibit booth contractor in Atlantic? Aplus Expo here is for you. Get your free booth design today!\" \/>\n<meta name=\"robots\" content=\"index, follow, max-snippet:-1, max-image-preview:large, max-video-preview:-1\" \/>\n<link rel=\"canonical\" href=\"https:\/\/www.aplusexpo.com\/de\/exhibit-service-atlantic\/\" \/>\n<meta property=\"og:locale\" content=\"de_DE\" \/>\n<meta property=\"og:type\" content=\"article\" \/>\n<meta property=\"og:title\" content=\"Trade Show Displays Atlantic City\" \/>\n<meta property=\"og:description\" content=\"Looking for a reliable exhibit booth contractor in Atlantic? Aplus Expo here is for you. Get your free booth design today!\" \/>\n<meta property=\"og:url\" content=\"https:\/\/www.aplusexpo.com\/de\/exhibit-service-atlantic\/\" \/>\n<meta property=\"og:site_name\" content=\"aplusexpo\" \/>\n<meta property=\"article:modified_time\" content=\"2020-03-26T07:09:36+00:00\" \/>\n<meta name=\"twitter:card\" content=\"summary_large_image\" \/>\n<script type=\"application\/ld+json\" class=\"yoast-schema-graph\">{\"@context\":\"https:\/\/schema.org\",\"@graph\":[{\"@type\":\"WebPage\",\"@id\":\"https:\/\/www.aplusexpo.com\/de\/exhibit-service-atlantic\/\",\"url\":\"https:\/\/www.aplusexpo.com\/de\/exhibit-service-atlantic\/\",\"name\":\"Custom Exhibit Services & Booth Rental in Atlantic\",\"isPartOf\":{\"@id\":\"https:\/\/www.aplusexpo.com\/de\/#website\"},\"datePublished\":\"2020-03-26T07:09:35+00:00\",\"dateModified\":\"2020-03-26T07:09:36+00:00\",\"description\":\"Looking for a reliable exhibit booth contractor in Atlantic? Aplus Expo here is for you. Get your free booth design today!\",\"breadcrumb\":{\"@id\":\"https:\/\/www.aplusexpo.com\/de\/exhibit-service-atlantic\/#breadcrumb\"},\"inLanguage\":\"de\",\"potentialAction\":[{\"@type\":\"ReadAction\",\"target\":[\"https:\/\/www.aplusexpo.com\/de\/exhibit-service-atlantic\/\"]}]},{\"@type\":\"BreadcrumbList\",\"@id\":\"https:\/\/www.aplusexpo.com\/de\/exhibit-service-atlantic\/#breadcrumb\",\"itemListElement\":[{\"@type\":\"ListItem\",\"position\":1,\"name\":\"Home\",\"item\":\"https:\/\/www.aplusexpo.com\/\"},{\"@type\":\"ListItem\",\"position\":2,\"name\":\"Trade Show Displays Atlantic City\"}]},{\"@type\":\"WebSite\",\"@id\":\"https:\/\/www.aplusexpo.com\/de\/#website\",\"url\":\"https:\/\/www.aplusexpo.com\/de\/\",\"name\":\"aplusexpo\",\"description\":\"\",\"potentialAction\":[{\"@type\":\"SearchAction\",\"target\":{\"@type\":\"EntryPoint\",\"urlTemplate\":\"https:\/\/www.aplusexpo.com\/de\/?s={search_term_string}\"},\"query-input\":\"required name=search_term_string\"}],\"inLanguage\":\"de\"}]}<\/script>\n<!-- \/ Yoast SEO Premium plugin. -->","yoast_head_json":{"title":"Custom Exhibit Services & Booth Rental in Atlantic","description":"Looking for a reliable exhibit booth contractor in Atlantic? Aplus Expo here is for you. Get your free booth design today!","robots":{"index":"index","follow":"follow","max-snippet":"max-snippet:-1","max-image-preview":"max-image-preview:large","max-video-preview":"max-video-preview:-1"},"canonical":"https:\/\/www.aplusexpo.com\/de\/exhibit-service-atlantic\/","og_locale":"de_DE","og_type":"article","og_title":"Trade Show Displays Atlantic City","og_description":"Looking for a reliable exhibit booth contractor in Atlantic? Aplus Expo here is for you. Get your free booth design today!","og_url":"https:\/\/www.aplusexpo.com\/de\/exhibit-service-atlantic\/","og_site_name":"aplusexpo","article_modified_time":"2020-03-26T07:09:36+00:00","twitter_card":"summary_large_image","schema":{"@context":"https:\/\/schema.org","@graph":[{"@type":"WebPage","@id":"https:\/\/www.aplusexpo.com\/de\/exhibit-service-atlantic\/","url":"https:\/\/www.aplusexpo.com\/de\/exhibit-service-atlantic\/","name":"Custom Exhibit Services & Booth Rental in Atlantic","isPartOf":{"@id":"https:\/\/www.aplusexpo.com\/de\/#website"},"datePublished":"2020-03-26T07:09:35+00:00","dateModified":"2020-03-26T07:09:36+00:00","description":"Looking for a reliable exhibit booth contractor in Atlantic? Aplus Expo here is for you. Get your free booth design today!","breadcrumb":{"@id":"https:\/\/www.aplusexpo.com\/de\/exhibit-service-atlantic\/#breadcrumb"},"inLanguage":"de","potentialAction":[{"@type":"ReadAction","target":["https:\/\/www.aplusexpo.com\/de\/exhibit-service-atlantic\/"]}]},{"@type":"BreadcrumbList","@id":"https:\/\/www.aplusexpo.com\/de\/exhibit-service-atlantic\/#breadcrumb","itemListElement":[{"@type":"ListItem","position":1,"name":"Home","item":"https:\/\/www.aplusexpo.com\/"},{"@type":"ListItem","position":2,"name":"Trade Show Displays Atlantic City"}]},{"@type":"WebSite","@id":"https:\/\/www.aplusexpo.com\/de\/#website","url":"https:\/\/www.aplusexpo.com\/de\/","name":"aplusexpo","description":"","potentialAction":[{"@type":"SearchAction","target":{"@type":"EntryPoint","urlTemplate":"https:\/\/www.aplusexpo.com\/de\/?s={search_term_string}"},"query-input":"required name=search_term_string"}],"inLanguage":"de"}]}},"_links":{"self":[{"href":"https:\/\/www.aplusexpo.com\/de\/wp-json\/wp\/v2\/pages\/1990","targetHints":{"allow":["GET"]}}],"collection":[{"href":"https:\/\/www.aplusexpo.com\/de\/wp-json\/wp\/v2\/pages"}],"about":[{"href":"https:\/\/www.aplusexpo.com\/de\/wp-json\/wp\/v2\/types\/page"}],"author":[{"embeddable":true,"href":"https:\/\/www.aplusexpo.com\/de\/wp-json\/wp\/v2\/users\/2"}],"replies":[{"embeddable":true,"href":"https:\/\/www.aplusexpo.com\/de\/wp-json\/wp\/v2\/comments?post=1990"}],"version-history":[{"count":2,"href":"https:\/\/www.aplusexpo.com\/de\/wp-json\/wp\/v2\/pages\/1990\/revisions"}],"predecessor-version":[{"id":1992,"href":"https:\/\/www.aplusexpo.com\/de\/wp-json\/wp\/v2\/pages\/1990\/revisions\/1992"}],"wp:attachment":[{"href":"https:\/\/www.aplusexpo.com\/de\/wp-json\/wp\/v2\/media?parent=1990"}],"wp:term":[{"taxonomy":"upcoming_trade_shows","embeddable":true,"href":"https:\/\/www.aplusexpo.com\/de\/wp-json\/wp\/v2\/upcoming_trade_shows?post=1990"}],"curies":[{"name":"wp","href":"https:\/\/api.w.org\/{rel}","templated":true}]}}