{"id":1984,"date":"2020-03-26T06:53:35","date_gmt":"2020-03-26T06:53:35","guid":{"rendered":"https:\/\/www.aplusexpo.com\/?page_id=1984"},"modified":"2020-03-26T06:53:36","modified_gmt":"2020-03-26T06:53:36","slug":"exhibit-service-san-antonio","status":"publish","type":"page","link":"https:\/\/www.aplusexpo.com\/de\/exhibit-service-san-antonio\/","title":{"rendered":"Messedisplays San Antonio"},"content":{"rendered":"<p>San Antonio ist nicht nur als Freizeitziel bekannt, sondern auch als Veranstaltungsort f\u00fcr Ausstellungen und Messen. Wenn Sie an bedeutenden Veranstaltungen wie der Home &amp; Garden Show teilnehmen m\u00f6chten, dann lassen Sie sich von Aplus Expo helfen. Ob Sie nun ma\u00dfgeschneiderte oder gemietete St\u00e4nde, Standzubeh\u00f6r oder sogar Unterst\u00fctzung bei der Installation und Lagerung ben\u00f6tigen - Aplus Expo ist Ihr One-Stop-Shop. Wir k\u00f6nnen Ihnen garantieren, dass unsere Messedienstleistungen ideal f\u00fcr jede Veranstaltung sind, nicht nur in San Antonio, sondern auch \u00fcberall sonst in den USA.<\/p>","protected":false},"excerpt":{"rendered":"<p>San Antonio ist nicht nur als Freizeitziel bekannt, sondern auch als Veranstaltungsort f\u00fcr Ausstellungen und Messen. Wenn Sie dabei sein wollen<span class=\"excerpt-hellip\"> [...]<\/span><\/p>","protected":false},"author":2,"featured_media":0,"parent":0,"menu_order":0,"comment_status":"closed","ping_status":"closed","template":"templates\/product-page.php","meta":{"footnotes":""},"upcoming_trade_shows":[],"class_list":["post-1984","page","type-page","status-publish","hentry"],"yoast_head":"<!-- This site is optimized with the Yoast SEO Premium plugin v20.5 (Yoast SEO v20.11) - https:\/\/yoast.com\/wordpress\/plugins\/seo\/ -->\n<title>Custom Exhibit Services &amp; Booth Rental in San Antonio<\/title>\n<meta name=\"description\" content=\"Looking for a reliable exhibit booth contractor in San Antonio? Aplus Expo here is for you. Get your free booth design today!\" \/>\n<meta name=\"robots\" content=\"index, follow, max-snippet:-1, max-image-preview:large, max-video-preview:-1\" \/>\n<link rel=\"canonical\" href=\"https:\/\/www.aplusexpo.com\/de\/exhibit-service-san-antonio\/\" \/>\n<meta property=\"og:locale\" content=\"de_DE\" \/>\n<meta property=\"og:type\" content=\"article\" \/>\n<meta property=\"og:title\" content=\"Trade Show Displays San Antonio\" \/>\n<meta property=\"og:description\" content=\"Looking for a reliable exhibit booth contractor in San Antonio? Aplus Expo here is for you. Get your free booth design today!\" \/>\n<meta property=\"og:url\" content=\"https:\/\/www.aplusexpo.com\/de\/exhibit-service-san-antonio\/\" \/>\n<meta property=\"og:site_name\" content=\"aplusexpo\" \/>\n<meta property=\"article:modified_time\" content=\"2020-03-26T06:53:36+00:00\" \/>\n<meta name=\"twitter:card\" content=\"summary_large_image\" \/>\n<script type=\"application\/ld+json\" class=\"yoast-schema-graph\">{\"@context\":\"https:\/\/schema.org\",\"@graph\":[{\"@type\":\"WebPage\",\"@id\":\"https:\/\/www.aplusexpo.com\/de\/exhibit-service-san-antonio\/\",\"url\":\"https:\/\/www.aplusexpo.com\/de\/exhibit-service-san-antonio\/\",\"name\":\"Custom Exhibit Services & Booth Rental in San Antonio\",\"isPartOf\":{\"@id\":\"https:\/\/www.aplusexpo.com\/de\/#website\"},\"datePublished\":\"2020-03-26T06:53:35+00:00\",\"dateModified\":\"2020-03-26T06:53:36+00:00\",\"description\":\"Looking for a reliable exhibit booth contractor in San Antonio? Aplus Expo here is for you. Get your free booth design today!\",\"breadcrumb\":{\"@id\":\"https:\/\/www.aplusexpo.com\/de\/exhibit-service-san-antonio\/#breadcrumb\"},\"inLanguage\":\"de\",\"potentialAction\":[{\"@type\":\"ReadAction\",\"target\":[\"https:\/\/www.aplusexpo.com\/de\/exhibit-service-san-antonio\/\"]}]},{\"@type\":\"BreadcrumbList\",\"@id\":\"https:\/\/www.aplusexpo.com\/de\/exhibit-service-san-antonio\/#breadcrumb\",\"itemListElement\":[{\"@type\":\"ListItem\",\"position\":1,\"name\":\"Home\",\"item\":\"https:\/\/www.aplusexpo.com\/\"},{\"@type\":\"ListItem\",\"position\":2,\"name\":\"Trade Show Displays San Antonio\"}]},{\"@type\":\"WebSite\",\"@id\":\"https:\/\/www.aplusexpo.com\/de\/#website\",\"url\":\"https:\/\/www.aplusexpo.com\/de\/\",\"name\":\"aplusexpo\",\"description\":\"\",\"potentialAction\":[{\"@type\":\"SearchAction\",\"target\":{\"@type\":\"EntryPoint\",\"urlTemplate\":\"https:\/\/www.aplusexpo.com\/de\/?s={search_term_string}\"},\"query-input\":\"required name=search_term_string\"}],\"inLanguage\":\"de\"}]}<\/script>\n<!-- \/ Yoast SEO Premium plugin. -->","yoast_head_json":{"title":"Custom Exhibit Services & Booth Rental in San Antonio","description":"Looking for a reliable exhibit booth contractor in San Antonio? Aplus Expo here is for you. Get your free booth design today!","robots":{"index":"index","follow":"follow","max-snippet":"max-snippet:-1","max-image-preview":"max-image-preview:large","max-video-preview":"max-video-preview:-1"},"canonical":"https:\/\/www.aplusexpo.com\/de\/exhibit-service-san-antonio\/","og_locale":"de_DE","og_type":"article","og_title":"Trade Show Displays San Antonio","og_description":"Looking for a reliable exhibit booth contractor in San Antonio? Aplus Expo here is for you. Get your free booth design today!","og_url":"https:\/\/www.aplusexpo.com\/de\/exhibit-service-san-antonio\/","og_site_name":"aplusexpo","article_modified_time":"2020-03-26T06:53:36+00:00","twitter_card":"summary_large_image","schema":{"@context":"https:\/\/schema.org","@graph":[{"@type":"WebPage","@id":"https:\/\/www.aplusexpo.com\/de\/exhibit-service-san-antonio\/","url":"https:\/\/www.aplusexpo.com\/de\/exhibit-service-san-antonio\/","name":"Custom Exhibit Services & Booth Rental in San Antonio","isPartOf":{"@id":"https:\/\/www.aplusexpo.com\/de\/#website"},"datePublished":"2020-03-26T06:53:35+00:00","dateModified":"2020-03-26T06:53:36+00:00","description":"Looking for a reliable exhibit booth contractor in San Antonio? Aplus Expo here is for you. Get your free booth design today!","breadcrumb":{"@id":"https:\/\/www.aplusexpo.com\/de\/exhibit-service-san-antonio\/#breadcrumb"},"inLanguage":"de","potentialAction":[{"@type":"ReadAction","target":["https:\/\/www.aplusexpo.com\/de\/exhibit-service-san-antonio\/"]}]},{"@type":"BreadcrumbList","@id":"https:\/\/www.aplusexpo.com\/de\/exhibit-service-san-antonio\/#breadcrumb","itemListElement":[{"@type":"ListItem","position":1,"name":"Home","item":"https:\/\/www.aplusexpo.com\/"},{"@type":"ListItem","position":2,"name":"Trade Show Displays San Antonio"}]},{"@type":"WebSite","@id":"https:\/\/www.aplusexpo.com\/de\/#website","url":"https:\/\/www.aplusexpo.com\/de\/","name":"aplusexpo","description":"","potentialAction":[{"@type":"SearchAction","target":{"@type":"EntryPoint","urlTemplate":"https:\/\/www.aplusexpo.com\/de\/?s={search_term_string}"},"query-input":"required name=search_term_string"}],"inLanguage":"de"}]}},"_links":{"self":[{"href":"https:\/\/www.aplusexpo.com\/de\/wp-json\/wp\/v2\/pages\/1984","targetHints":{"allow":["GET"]}}],"collection":[{"href":"https:\/\/www.aplusexpo.com\/de\/wp-json\/wp\/v2\/pages"}],"about":[{"href":"https:\/\/www.aplusexpo.com\/de\/wp-json\/wp\/v2\/types\/page"}],"author":[{"embeddable":true,"href":"https:\/\/www.aplusexpo.com\/de\/wp-json\/wp\/v2\/users\/2"}],"replies":[{"embeddable":true,"href":"https:\/\/www.aplusexpo.com\/de\/wp-json\/wp\/v2\/comments?post=1984"}],"version-history":[{"count":2,"href":"https:\/\/www.aplusexpo.com\/de\/wp-json\/wp\/v2\/pages\/1984\/revisions"}],"predecessor-version":[{"id":1986,"href":"https:\/\/www.aplusexpo.com\/de\/wp-json\/wp\/v2\/pages\/1984\/revisions\/1986"}],"wp:attachment":[{"href":"https:\/\/www.aplusexpo.com\/de\/wp-json\/wp\/v2\/media?parent=1984"}],"wp:term":[{"taxonomy":"upcoming_trade_shows","embeddable":true,"href":"https:\/\/www.aplusexpo.com\/de\/wp-json\/wp\/v2\/upcoming_trade_shows?post=1984"}],"curies":[{"name":"wp","href":"https:\/\/api.w.org\/{rel}","templated":true}]}}