{"id":1981,"date":"2020-03-26T06:47:47","date_gmt":"2020-03-26T06:47:47","guid":{"rendered":"https:\/\/www.aplusexpo.com\/?page_id=1981"},"modified":"2020-03-26T06:47:48","modified_gmt":"2020-03-26T06:47:48","slug":"exhibit-service-burnsville","status":"publish","type":"page","link":"https:\/\/www.aplusexpo.com\/de\/exhibit-service-burnsville\/","title":{"rendered":"Messedisplays Burnsville"},"content":{"rendered":"<p>Sind Sie auf dem Weg zu einer Messe in Burnsville, MN? \u00dcberlassen Sie es Aplus Expo, sich um all Ihre Event-Marketing-Anforderungen zu k\u00fcmmern. Als Anbieter von One-Window-Exponaten zeichnet sich Aplus Expo durch die Gestaltung von Messest\u00e4nden aus, die Ihre Marke in Szene setzen und Sie aus der Masse hervorstechen lassen. Wenn Sie eine Vision haben, k\u00f6nnen wir sie in die Realit\u00e4t umsetzen. Wenn Sie nicht wissen, was Sie wollen, hilft Ihnen unser fachkundiges Designteam dabei, das perfekte Messedisplay f\u00fcr Sie zu entwerfen.<\/p>","protected":false},"excerpt":{"rendered":"<p>Sind Sie auf dem Weg zu einer Messe in Burnsville, MN? \u00dcberlassen Sie es Aplus Expo, sich um all Ihre Event-Marketing-Anforderungen zu k\u00fcmmern. Als Anbieter von One-Window-Exponatenl\u00f6sungen bietet Aplus Expo<span class=\"excerpt-hellip\"> [...]<\/span><\/p>","protected":false},"author":2,"featured_media":0,"parent":0,"menu_order":0,"comment_status":"closed","ping_status":"closed","template":"templates\/product-page.php","meta":{"footnotes":""},"upcoming_trade_shows":[],"class_list":["post-1981","page","type-page","status-publish","hentry"],"yoast_head":"<!-- This site is optimized with the Yoast SEO Premium plugin v20.5 (Yoast SEO v20.11) - https:\/\/yoast.com\/wordpress\/plugins\/seo\/ -->\n<title>Custom Exhibit Services &amp; Booth Rental in Burnsville<\/title>\n<meta name=\"description\" content=\"Looking for a reliable exhibit booth contractor in Burnsville? Aplus Expo here is for you. Get your free booth design today!\" \/>\n<meta name=\"robots\" content=\"index, follow, max-snippet:-1, max-image-preview:large, max-video-preview:-1\" \/>\n<link rel=\"canonical\" href=\"https:\/\/www.aplusexpo.com\/de\/exhibit-service-burnsville\/\" \/>\n<meta property=\"og:locale\" content=\"de_DE\" \/>\n<meta property=\"og:type\" content=\"article\" \/>\n<meta property=\"og:title\" content=\"Trade Show Displays Burnsville\" \/>\n<meta property=\"og:description\" content=\"Looking for a reliable exhibit booth contractor in Burnsville? Aplus Expo here is for you. Get your free booth design today!\" \/>\n<meta property=\"og:url\" content=\"https:\/\/www.aplusexpo.com\/de\/exhibit-service-burnsville\/\" \/>\n<meta property=\"og:site_name\" content=\"aplusexpo\" \/>\n<meta property=\"article:modified_time\" content=\"2020-03-26T06:47:48+00:00\" \/>\n<meta name=\"twitter:card\" content=\"summary_large_image\" \/>\n<script type=\"application\/ld+json\" class=\"yoast-schema-graph\">{\"@context\":\"https:\/\/schema.org\",\"@graph\":[{\"@type\":\"WebPage\",\"@id\":\"https:\/\/www.aplusexpo.com\/de\/exhibit-service-burnsville\/\",\"url\":\"https:\/\/www.aplusexpo.com\/de\/exhibit-service-burnsville\/\",\"name\":\"Custom Exhibit Services & Booth Rental in Burnsville\",\"isPartOf\":{\"@id\":\"https:\/\/www.aplusexpo.com\/de\/#website\"},\"datePublished\":\"2020-03-26T06:47:47+00:00\",\"dateModified\":\"2020-03-26T06:47:48+00:00\",\"description\":\"Looking for a reliable exhibit booth contractor in Burnsville? Aplus Expo here is for you. Get your free booth design today!\",\"breadcrumb\":{\"@id\":\"https:\/\/www.aplusexpo.com\/de\/exhibit-service-burnsville\/#breadcrumb\"},\"inLanguage\":\"de\",\"potentialAction\":[{\"@type\":\"ReadAction\",\"target\":[\"https:\/\/www.aplusexpo.com\/de\/exhibit-service-burnsville\/\"]}]},{\"@type\":\"BreadcrumbList\",\"@id\":\"https:\/\/www.aplusexpo.com\/de\/exhibit-service-burnsville\/#breadcrumb\",\"itemListElement\":[{\"@type\":\"ListItem\",\"position\":1,\"name\":\"Home\",\"item\":\"https:\/\/www.aplusexpo.com\/\"},{\"@type\":\"ListItem\",\"position\":2,\"name\":\"Trade Show Displays Burnsville\"}]},{\"@type\":\"WebSite\",\"@id\":\"https:\/\/www.aplusexpo.com\/de\/#website\",\"url\":\"https:\/\/www.aplusexpo.com\/de\/\",\"name\":\"aplusexpo\",\"description\":\"\",\"potentialAction\":[{\"@type\":\"SearchAction\",\"target\":{\"@type\":\"EntryPoint\",\"urlTemplate\":\"https:\/\/www.aplusexpo.com\/de\/?s={search_term_string}\"},\"query-input\":\"required name=search_term_string\"}],\"inLanguage\":\"de\"}]}<\/script>\n<!-- \/ Yoast SEO Premium plugin. -->","yoast_head_json":{"title":"Custom Exhibit Services & Booth Rental in Burnsville","description":"Looking for a reliable exhibit booth contractor in Burnsville? Aplus Expo here is for you. Get your free booth design today!","robots":{"index":"index","follow":"follow","max-snippet":"max-snippet:-1","max-image-preview":"max-image-preview:large","max-video-preview":"max-video-preview:-1"},"canonical":"https:\/\/www.aplusexpo.com\/de\/exhibit-service-burnsville\/","og_locale":"de_DE","og_type":"article","og_title":"Trade Show Displays Burnsville","og_description":"Looking for a reliable exhibit booth contractor in Burnsville? Aplus Expo here is for you. Get your free booth design today!","og_url":"https:\/\/www.aplusexpo.com\/de\/exhibit-service-burnsville\/","og_site_name":"aplusexpo","article_modified_time":"2020-03-26T06:47:48+00:00","twitter_card":"summary_large_image","schema":{"@context":"https:\/\/schema.org","@graph":[{"@type":"WebPage","@id":"https:\/\/www.aplusexpo.com\/de\/exhibit-service-burnsville\/","url":"https:\/\/www.aplusexpo.com\/de\/exhibit-service-burnsville\/","name":"Custom Exhibit Services & Booth Rental in Burnsville","isPartOf":{"@id":"https:\/\/www.aplusexpo.com\/de\/#website"},"datePublished":"2020-03-26T06:47:47+00:00","dateModified":"2020-03-26T06:47:48+00:00","description":"Looking for a reliable exhibit booth contractor in Burnsville? Aplus Expo here is for you. Get your free booth design today!","breadcrumb":{"@id":"https:\/\/www.aplusexpo.com\/de\/exhibit-service-burnsville\/#breadcrumb"},"inLanguage":"de","potentialAction":[{"@type":"ReadAction","target":["https:\/\/www.aplusexpo.com\/de\/exhibit-service-burnsville\/"]}]},{"@type":"BreadcrumbList","@id":"https:\/\/www.aplusexpo.com\/de\/exhibit-service-burnsville\/#breadcrumb","itemListElement":[{"@type":"ListItem","position":1,"name":"Home","item":"https:\/\/www.aplusexpo.com\/"},{"@type":"ListItem","position":2,"name":"Trade Show Displays Burnsville"}]},{"@type":"WebSite","@id":"https:\/\/www.aplusexpo.com\/de\/#website","url":"https:\/\/www.aplusexpo.com\/de\/","name":"aplusexpo","description":"","potentialAction":[{"@type":"SearchAction","target":{"@type":"EntryPoint","urlTemplate":"https:\/\/www.aplusexpo.com\/de\/?s={search_term_string}"},"query-input":"required name=search_term_string"}],"inLanguage":"de"}]}},"_links":{"self":[{"href":"https:\/\/www.aplusexpo.com\/de\/wp-json\/wp\/v2\/pages\/1981","targetHints":{"allow":["GET"]}}],"collection":[{"href":"https:\/\/www.aplusexpo.com\/de\/wp-json\/wp\/v2\/pages"}],"about":[{"href":"https:\/\/www.aplusexpo.com\/de\/wp-json\/wp\/v2\/types\/page"}],"author":[{"embeddable":true,"href":"https:\/\/www.aplusexpo.com\/de\/wp-json\/wp\/v2\/users\/2"}],"replies":[{"embeddable":true,"href":"https:\/\/www.aplusexpo.com\/de\/wp-json\/wp\/v2\/comments?post=1981"}],"version-history":[{"count":2,"href":"https:\/\/www.aplusexpo.com\/de\/wp-json\/wp\/v2\/pages\/1981\/revisions"}],"predecessor-version":[{"id":1983,"href":"https:\/\/www.aplusexpo.com\/de\/wp-json\/wp\/v2\/pages\/1981\/revisions\/1983"}],"wp:attachment":[{"href":"https:\/\/www.aplusexpo.com\/de\/wp-json\/wp\/v2\/media?parent=1981"}],"wp:term":[{"taxonomy":"upcoming_trade_shows","embeddable":true,"href":"https:\/\/www.aplusexpo.com\/de\/wp-json\/wp\/v2\/upcoming_trade_shows?post=1981"}],"curies":[{"name":"wp","href":"https:\/\/api.w.org\/{rel}","templated":true}]}}