{"id":1964,"date":"2020-03-26T06:00:24","date_gmt":"2020-03-26T06:00:24","guid":{"rendered":"https:\/\/www.aplusexpo.com\/?page_id=1964"},"modified":"2021-07-13T05:50:21","modified_gmt":"2021-07-13T05:50:21","slug":"exhibit-service-dallas","status":"publish","type":"page","link":"https:\/\/www.aplusexpo.com\/de\/exhibit-service-dallas\/","title":{"rendered":"Messedisplays Dallas"},"content":{"rendered":"<p>Messen in Dallas sind der richtige Ort f\u00fcr erfahrene Aussteller, Gesch\u00e4ftsleute, Jungunternehmer und Eink\u00e4ufer. Wenn Sie planen, an einer Messe in Dallas TX teilzunehmen, dann lassen Sie Aplus Expo sich um alle Ihre Event-Marketing-Bed\u00fcrfnisse k\u00fcmmern! Wir bieten verschiedene Messedisplay-Materialien, ma\u00dfgeschneiderte Standdesign-Services, Display-Zubeh\u00f6r und grafische Funktionen, um ma\u00dfgeschneiderte Standdisplays zu erstellen, die alle Ihre Messeanforderungen erf\u00fcllen.<\/p>","protected":false},"excerpt":{"rendered":"<p>Die Fachmessen in Dallas sind der richtige Ort f\u00fcr erfahrene Aussteller, Gesch\u00e4ftsleute, Jungunternehmer und Eink\u00e4ufer. Wenn Sie planen, an einer Messe teilzunehmen<span class=\"excerpt-hellip\"> [...]<\/span><\/p>","protected":false},"author":2,"featured_media":0,"parent":0,"menu_order":0,"comment_status":"closed","ping_status":"closed","template":"templates\/product-page.php","meta":{"footnotes":""},"upcoming_trade_shows":[],"class_list":["post-1964","page","type-page","status-publish","hentry"],"yoast_head":"<!-- This site is optimized with the Yoast SEO Premium plugin v20.5 (Yoast SEO v20.11) - https:\/\/yoast.com\/wordpress\/plugins\/seo\/ -->\n<title>Custom Exhibit Services &amp; Booth Rental in Dallas - Aplus Expo<\/title>\n<meta name=\"description\" content=\"Looking for a reliable exhibit booth contractor in Dallas? Aplus Expo here is for booth rental for you. Get your free booth design today!\" \/>\n<meta name=\"robots\" content=\"index, follow, max-snippet:-1, max-image-preview:large, max-video-preview:-1\" \/>\n<link rel=\"canonical\" href=\"https:\/\/www.aplusexpo.com\/de\/exhibit-service-dallas\/\" \/>\n<meta property=\"og:locale\" content=\"de_DE\" \/>\n<meta property=\"og:type\" content=\"article\" \/>\n<meta property=\"og:title\" content=\"Trade Show Displays Dallas\" \/>\n<meta property=\"og:description\" content=\"Looking for a reliable exhibit booth contractor in Dallas? Aplus Expo here is for booth rental for you. Get your free booth design today!\" \/>\n<meta property=\"og:url\" content=\"https:\/\/www.aplusexpo.com\/de\/exhibit-service-dallas\/\" \/>\n<meta property=\"og:site_name\" content=\"aplusexpo\" \/>\n<meta property=\"article:modified_time\" content=\"2021-07-13T05:50:21+00:00\" \/>\n<meta name=\"twitter:card\" content=\"summary_large_image\" \/>\n<meta name=\"twitter:label1\" content=\"Gesch\u00e4tzte Lesezeit\" \/>\n\t<meta name=\"twitter:data1\" content=\"1\u00a0Minute\" \/>\n<script type=\"application\/ld+json\" class=\"yoast-schema-graph\">{\"@context\":\"https:\/\/schema.org\",\"@graph\":[{\"@type\":\"WebPage\",\"@id\":\"https:\/\/www.aplusexpo.com\/de\/exhibit-service-dallas\/\",\"url\":\"https:\/\/www.aplusexpo.com\/de\/exhibit-service-dallas\/\",\"name\":\"Custom Exhibit Services & Booth Rental in Dallas - Aplus Expo\",\"isPartOf\":{\"@id\":\"https:\/\/www.aplusexpo.com\/de\/#website\"},\"datePublished\":\"2020-03-26T06:00:24+00:00\",\"dateModified\":\"2021-07-13T05:50:21+00:00\",\"description\":\"Looking for a reliable exhibit booth contractor in Dallas? Aplus Expo here is for booth rental for you. Get your free booth design today!\",\"breadcrumb\":{\"@id\":\"https:\/\/www.aplusexpo.com\/de\/exhibit-service-dallas\/#breadcrumb\"},\"inLanguage\":\"de\",\"potentialAction\":[{\"@type\":\"ReadAction\",\"target\":[\"https:\/\/www.aplusexpo.com\/de\/exhibit-service-dallas\/\"]}]},{\"@type\":\"BreadcrumbList\",\"@id\":\"https:\/\/www.aplusexpo.com\/de\/exhibit-service-dallas\/#breadcrumb\",\"itemListElement\":[{\"@type\":\"ListItem\",\"position\":1,\"name\":\"Home\",\"item\":\"https:\/\/www.aplusexpo.com\/\"},{\"@type\":\"ListItem\",\"position\":2,\"name\":\"Trade Show Displays Dallas\"}]},{\"@type\":\"WebSite\",\"@id\":\"https:\/\/www.aplusexpo.com\/de\/#website\",\"url\":\"https:\/\/www.aplusexpo.com\/de\/\",\"name\":\"aplusexpo\",\"description\":\"\",\"potentialAction\":[{\"@type\":\"SearchAction\",\"target\":{\"@type\":\"EntryPoint\",\"urlTemplate\":\"https:\/\/www.aplusexpo.com\/de\/?s={search_term_string}\"},\"query-input\":\"required name=search_term_string\"}],\"inLanguage\":\"de\"}]}<\/script>\n<!-- \/ Yoast SEO Premium plugin. -->","yoast_head_json":{"title":"Custom Exhibit Services & Booth Rental in Dallas - Aplus Expo","description":"Looking for a reliable exhibit booth contractor in Dallas? Aplus Expo here is for booth rental for you. Get your free booth design today!","robots":{"index":"index","follow":"follow","max-snippet":"max-snippet:-1","max-image-preview":"max-image-preview:large","max-video-preview":"max-video-preview:-1"},"canonical":"https:\/\/www.aplusexpo.com\/de\/exhibit-service-dallas\/","og_locale":"de_DE","og_type":"article","og_title":"Trade Show Displays Dallas","og_description":"Looking for a reliable exhibit booth contractor in Dallas? Aplus Expo here is for booth rental for you. Get your free booth design today!","og_url":"https:\/\/www.aplusexpo.com\/de\/exhibit-service-dallas\/","og_site_name":"aplusexpo","article_modified_time":"2021-07-13T05:50:21+00:00","twitter_card":"summary_large_image","twitter_misc":{"Gesch\u00e4tzte Lesezeit":"1\u00a0Minute"},"schema":{"@context":"https:\/\/schema.org","@graph":[{"@type":"WebPage","@id":"https:\/\/www.aplusexpo.com\/de\/exhibit-service-dallas\/","url":"https:\/\/www.aplusexpo.com\/de\/exhibit-service-dallas\/","name":"Custom Exhibit Services & Booth Rental in Dallas - Aplus Expo","isPartOf":{"@id":"https:\/\/www.aplusexpo.com\/de\/#website"},"datePublished":"2020-03-26T06:00:24+00:00","dateModified":"2021-07-13T05:50:21+00:00","description":"Looking for a reliable exhibit booth contractor in Dallas? Aplus Expo here is for booth rental for you. Get your free booth design today!","breadcrumb":{"@id":"https:\/\/www.aplusexpo.com\/de\/exhibit-service-dallas\/#breadcrumb"},"inLanguage":"de","potentialAction":[{"@type":"ReadAction","target":["https:\/\/www.aplusexpo.com\/de\/exhibit-service-dallas\/"]}]},{"@type":"BreadcrumbList","@id":"https:\/\/www.aplusexpo.com\/de\/exhibit-service-dallas\/#breadcrumb","itemListElement":[{"@type":"ListItem","position":1,"name":"Home","item":"https:\/\/www.aplusexpo.com\/"},{"@type":"ListItem","position":2,"name":"Trade Show Displays Dallas"}]},{"@type":"WebSite","@id":"https:\/\/www.aplusexpo.com\/de\/#website","url":"https:\/\/www.aplusexpo.com\/de\/","name":"aplusexpo","description":"","potentialAction":[{"@type":"SearchAction","target":{"@type":"EntryPoint","urlTemplate":"https:\/\/www.aplusexpo.com\/de\/?s={search_term_string}"},"query-input":"required name=search_term_string"}],"inLanguage":"de"}]}},"_links":{"self":[{"href":"https:\/\/www.aplusexpo.com\/de\/wp-json\/wp\/v2\/pages\/1964","targetHints":{"allow":["GET"]}}],"collection":[{"href":"https:\/\/www.aplusexpo.com\/de\/wp-json\/wp\/v2\/pages"}],"about":[{"href":"https:\/\/www.aplusexpo.com\/de\/wp-json\/wp\/v2\/types\/page"}],"author":[{"embeddable":true,"href":"https:\/\/www.aplusexpo.com\/de\/wp-json\/wp\/v2\/users\/2"}],"replies":[{"embeddable":true,"href":"https:\/\/www.aplusexpo.com\/de\/wp-json\/wp\/v2\/comments?post=1964"}],"version-history":[{"count":4,"href":"https:\/\/www.aplusexpo.com\/de\/wp-json\/wp\/v2\/pages\/1964\/revisions"}],"predecessor-version":[{"id":5894,"href":"https:\/\/www.aplusexpo.com\/de\/wp-json\/wp\/v2\/pages\/1964\/revisions\/5894"}],"wp:attachment":[{"href":"https:\/\/www.aplusexpo.com\/de\/wp-json\/wp\/v2\/media?parent=1964"}],"wp:term":[{"taxonomy":"upcoming_trade_shows","embeddable":true,"href":"https:\/\/www.aplusexpo.com\/de\/wp-json\/wp\/v2\/upcoming_trade_shows?post=1964"}],"curies":[{"name":"wp","href":"https:\/\/api.w.org\/{rel}","templated":true}]}}