{"id":1929,"date":"2020-03-25T10:17:32","date_gmt":"2020-03-25T10:17:32","guid":{"rendered":"https:\/\/www.aplusexpo.com\/?page_id=1929"},"modified":"2023-03-24T06:15:23","modified_gmt":"2023-03-24T06:15:23","slug":"exhibit-service-san-diego","status":"publish","type":"page","link":"https:\/\/www.aplusexpo.com\/de\/exhibit-service-san-diego\/","title":{"rendered":"Messedisplays San Diego"},"content":{"rendered":"<p> Die Messen in San Diego sind in den USA wegen ihrer Gr\u00f6\u00dfe, ihrer Besucherzahl und ihres Flairs sehr beliebt. Wenn Sie an einer Messeveranstaltung in der \"sch\u00f6nsten Stadt Amerikas\" teilnehmen m\u00f6chten, dann lassen Sie sich von Aplus Expo helfen! Bei Aplus k\u00f6nnen Sie aus einer Vielzahl von Materialien, grafischen Elementen und Zubeh\u00f6rteilen w\u00e4hlen, um einen einzigartigen, ma\u00dfgeschneiderten Messestand zu gestalten, der alle Ihre Anforderungen an das Messe- und Eventmarketing erf\u00fcllt. <\/p>","protected":false},"excerpt":{"rendered":"<p>Die Messen in San Diego sind in den USA wegen ihrer Gr\u00f6\u00dfe, ihrer Besucherzahl und ihres Flairs sehr beliebt. Wenn Sie eine Messeveranstaltung in \"The<span class=\"excerpt-hellip\"> [...]<\/span><\/p>","protected":false},"author":2,"featured_media":0,"parent":0,"menu_order":0,"comment_status":"closed","ping_status":"closed","template":"templates\/product-page.php","meta":{"footnotes":""},"upcoming_trade_shows":[],"class_list":["post-1929","page","type-page","status-publish","hentry"],"yoast_head":"<!-- This site is optimized with the Yoast SEO Premium plugin v20.5 (Yoast SEO v20.11) - https:\/\/yoast.com\/wordpress\/plugins\/seo\/ -->\n<title>Trade Show Services &amp; Booth Rental in San Diego - Aplus Expo<\/title>\n<meta name=\"description\" content=\"Looking for trade show services in San Diego? Aplus Expo offers booth rentals, 3D printing, installation &amp; dismantle, transportation &amp; more!\" \/>\n<meta name=\"robots\" content=\"index, follow, max-snippet:-1, max-image-preview:large, max-video-preview:-1\" \/>\n<link rel=\"canonical\" href=\"https:\/\/www.aplusexpo.com\/de\/exhibit-service-san-diego\/\" \/>\n<meta property=\"og:locale\" content=\"de_DE\" \/>\n<meta property=\"og:type\" content=\"article\" \/>\n<meta property=\"og:title\" content=\"Trade Show Displays San Diego\" \/>\n<meta property=\"og:description\" content=\"Looking for trade show services in San Diego? Aplus Expo offers booth rentals, 3D printing, installation &amp; dismantle, transportation &amp; more!\" \/>\n<meta property=\"og:url\" content=\"https:\/\/www.aplusexpo.com\/de\/exhibit-service-san-diego\/\" \/>\n<meta property=\"og:site_name\" content=\"aplusexpo\" \/>\n<meta property=\"article:modified_time\" content=\"2023-03-24T06:15:23+00:00\" \/>\n<meta name=\"twitter:card\" content=\"summary_large_image\" \/>\n<meta name=\"twitter:label1\" content=\"Gesch\u00e4tzte Lesezeit\" \/>\n\t<meta name=\"twitter:data1\" content=\"1\u00a0Minute\" \/>\n<script type=\"application\/ld+json\" class=\"yoast-schema-graph\">{\"@context\":\"https:\/\/schema.org\",\"@graph\":[{\"@type\":\"WebPage\",\"@id\":\"https:\/\/www.aplusexpo.com\/de\/exhibit-service-san-diego\/\",\"url\":\"https:\/\/www.aplusexpo.com\/de\/exhibit-service-san-diego\/\",\"name\":\"Trade Show Services & Booth Rental in San Diego - Aplus Expo\",\"isPartOf\":{\"@id\":\"https:\/\/www.aplusexpo.com\/de\/#website\"},\"datePublished\":\"2020-03-25T10:17:32+00:00\",\"dateModified\":\"2023-03-24T06:15:23+00:00\",\"description\":\"Looking for trade show services in San Diego? Aplus Expo offers booth rentals, 3D printing, installation & dismantle, transportation & more!\",\"breadcrumb\":{\"@id\":\"https:\/\/www.aplusexpo.com\/de\/exhibit-service-san-diego\/#breadcrumb\"},\"inLanguage\":\"de\",\"potentialAction\":[{\"@type\":\"ReadAction\",\"target\":[\"https:\/\/www.aplusexpo.com\/de\/exhibit-service-san-diego\/\"]}]},{\"@type\":\"BreadcrumbList\",\"@id\":\"https:\/\/www.aplusexpo.com\/de\/exhibit-service-san-diego\/#breadcrumb\",\"itemListElement\":[{\"@type\":\"ListItem\",\"position\":1,\"name\":\"Home\",\"item\":\"https:\/\/www.aplusexpo.com\/\"},{\"@type\":\"ListItem\",\"position\":2,\"name\":\"Trade Show Displays San Diego\"}]},{\"@type\":\"WebSite\",\"@id\":\"https:\/\/www.aplusexpo.com\/de\/#website\",\"url\":\"https:\/\/www.aplusexpo.com\/de\/\",\"name\":\"aplusexpo\",\"description\":\"\",\"potentialAction\":[{\"@type\":\"SearchAction\",\"target\":{\"@type\":\"EntryPoint\",\"urlTemplate\":\"https:\/\/www.aplusexpo.com\/de\/?s={search_term_string}\"},\"query-input\":\"required name=search_term_string\"}],\"inLanguage\":\"de\"}]}<\/script>\n<!-- \/ Yoast SEO Premium plugin. -->","yoast_head_json":{"title":"Trade Show Services & Booth Rental in San Diego - Aplus Expo","description":"Looking for trade show services in San Diego? Aplus Expo offers booth rentals, 3D printing, installation & dismantle, transportation & more!","robots":{"index":"index","follow":"follow","max-snippet":"max-snippet:-1","max-image-preview":"max-image-preview:large","max-video-preview":"max-video-preview:-1"},"canonical":"https:\/\/www.aplusexpo.com\/de\/exhibit-service-san-diego\/","og_locale":"de_DE","og_type":"article","og_title":"Trade Show Displays San Diego","og_description":"Looking for trade show services in San Diego? Aplus Expo offers booth rentals, 3D printing, installation & dismantle, transportation & more!","og_url":"https:\/\/www.aplusexpo.com\/de\/exhibit-service-san-diego\/","og_site_name":"aplusexpo","article_modified_time":"2023-03-24T06:15:23+00:00","twitter_card":"summary_large_image","twitter_misc":{"Gesch\u00e4tzte Lesezeit":"1\u00a0Minute"},"schema":{"@context":"https:\/\/schema.org","@graph":[{"@type":"WebPage","@id":"https:\/\/www.aplusexpo.com\/de\/exhibit-service-san-diego\/","url":"https:\/\/www.aplusexpo.com\/de\/exhibit-service-san-diego\/","name":"Trade Show Services & Booth Rental in San Diego - Aplus Expo","isPartOf":{"@id":"https:\/\/www.aplusexpo.com\/de\/#website"},"datePublished":"2020-03-25T10:17:32+00:00","dateModified":"2023-03-24T06:15:23+00:00","description":"Looking for trade show services in San Diego? Aplus Expo offers booth rentals, 3D printing, installation & dismantle, transportation & more!","breadcrumb":{"@id":"https:\/\/www.aplusexpo.com\/de\/exhibit-service-san-diego\/#breadcrumb"},"inLanguage":"de","potentialAction":[{"@type":"ReadAction","target":["https:\/\/www.aplusexpo.com\/de\/exhibit-service-san-diego\/"]}]},{"@type":"BreadcrumbList","@id":"https:\/\/www.aplusexpo.com\/de\/exhibit-service-san-diego\/#breadcrumb","itemListElement":[{"@type":"ListItem","position":1,"name":"Home","item":"https:\/\/www.aplusexpo.com\/"},{"@type":"ListItem","position":2,"name":"Trade Show Displays San Diego"}]},{"@type":"WebSite","@id":"https:\/\/www.aplusexpo.com\/de\/#website","url":"https:\/\/www.aplusexpo.com\/de\/","name":"aplusexpo","description":"","potentialAction":[{"@type":"SearchAction","target":{"@type":"EntryPoint","urlTemplate":"https:\/\/www.aplusexpo.com\/de\/?s={search_term_string}"},"query-input":"required name=search_term_string"}],"inLanguage":"de"}]}},"_links":{"self":[{"href":"https:\/\/www.aplusexpo.com\/de\/wp-json\/wp\/v2\/pages\/1929","targetHints":{"allow":["GET"]}}],"collection":[{"href":"https:\/\/www.aplusexpo.com\/de\/wp-json\/wp\/v2\/pages"}],"about":[{"href":"https:\/\/www.aplusexpo.com\/de\/wp-json\/wp\/v2\/types\/page"}],"author":[{"embeddable":true,"href":"https:\/\/www.aplusexpo.com\/de\/wp-json\/wp\/v2\/users\/2"}],"replies":[{"embeddable":true,"href":"https:\/\/www.aplusexpo.com\/de\/wp-json\/wp\/v2\/comments?post=1929"}],"version-history":[{"count":8,"href":"https:\/\/www.aplusexpo.com\/de\/wp-json\/wp\/v2\/pages\/1929\/revisions"}],"predecessor-version":[{"id":5917,"href":"https:\/\/www.aplusexpo.com\/de\/wp-json\/wp\/v2\/pages\/1929\/revisions\/5917"}],"wp:attachment":[{"href":"https:\/\/www.aplusexpo.com\/de\/wp-json\/wp\/v2\/media?parent=1929"}],"wp:term":[{"taxonomy":"upcoming_trade_shows","embeddable":true,"href":"https:\/\/www.aplusexpo.com\/de\/wp-json\/wp\/v2\/upcoming_trade_shows?post=1929"}],"curies":[{"name":"wp","href":"https:\/\/api.w.org\/{rel}","templated":true}]}}